{"id":9948,"date":"2025-11-01T10:31:31","date_gmt":"2025-11-01T07:31:31","guid":{"rendered":"https:\/\/roboromania.ro\/?post_type=product&#038;p=9948"},"modified":"2025-11-23T14:46:29","modified_gmt":"2025-11-23T11:46:29","slug":"breadboard-170-plastic-cu-contacte-nichelate","status":"publish","type":"product","link":"https:\/\/roboromania.ro\/?product=breadboard-170-plastic-cu-contacte-nichelate","title":{"rendered":"Breadboard 170 plastic cu contacte nichelate"},"content":{"rendered":"<p>Pentru proiecte tip Arduino<br \/>\nPlac\u0103 breadboard din plastic, cu 170 contacte nichelate pentru realizarea \u0219i testarea rapid\u0103, f\u0103r\u0103 lipire a circuitelor electrice \u015fi electronice.<\/p>\n<p><a href=\"https:\/\/roboromania.ro\/wp-content\/uploads\/2025\/11\/placa-montaj-fara-lipire-723240-1-282116.jpg\"><img loading=\"lazy\" decoding=\"async\" class=\"alignnone size-medium wp-image-9949\" src=\"https:\/\/roboromania.ro\/wp-content\/uploads\/2025\/11\/placa-montaj-fara-lipire-723240-1-282116-300x300.jpg\" alt=\"\" width=\"300\" height=\"300\" srcset=\"https:\/\/roboromania.ro\/wp-content\/uploads\/2025\/11\/placa-montaj-fara-lipire-723240-1-282116-300x300.jpg 300w, https:\/\/roboromania.ro\/wp-content\/uploads\/2025\/11\/placa-montaj-fara-lipire-723240-1-282116-150x150.jpg 150w, https:\/\/roboromania.ro\/wp-content\/uploads\/2025\/11\/placa-montaj-fara-lipire-723240-1-282116-100x100.jpg 100w, https:\/\/roboromania.ro\/wp-content\/uploads\/2025\/11\/placa-montaj-fara-lipire-723240-1-282116.jpg 500w\" sizes=\"auto, (max-width: 300px) 100vw, 300px\" \/><\/a><br \/>\nBreadboard Arduino projects.<br \/>\n<a href=\"http:\/\/roboromania.ro\/datasheet\/Breadboard-roboromania.pdf\" target=\"_blank\" rel=\"noopener\">datasheet<\/a><\/p>\n","protected":false},"excerpt":{"rendered":"<p>Breadboard Arduino projects.<\/p>\n","protected":false},"featured_media":792,"comment_status":"open","ping_status":"closed","template":"","meta":[],"product_brand":[],"product_cat":[206],"product_tag":[7,24],"class_list":{"0":"post-9948","1":"product","2":"type-product","3":"status-publish","4":"has-post-thumbnail","6":"product_cat-breadboard","7":"product_tag-arduino","8":"product_tag-breadboard","10":"first","11":"instock","12":"shipping-taxable","13":"purchasable","14":"product-type-simple"},"_links":{"self":[{"href":"https:\/\/roboromania.ro\/index.php?rest_route=\/wp\/v2\/product\/9948","targetHints":{"allow":["GET"]}}],"collection":[{"href":"https:\/\/roboromania.ro\/index.php?rest_route=\/wp\/v2\/product"}],"about":[{"href":"https:\/\/roboromania.ro\/index.php?rest_route=\/wp\/v2\/types\/product"}],"replies":[{"embeddable":true,"href":"https:\/\/roboromania.ro\/index.php?rest_route=%2Fwp%2Fv2%2Fcomments&post=9948"}],"wp:featuredmedia":[{"embeddable":true,"href":"https:\/\/roboromania.ro\/index.php?rest_route=\/wp\/v2\/media\/792"}],"wp:attachment":[{"href":"https:\/\/roboromania.ro\/index.php?rest_route=%2Fwp%2Fv2%2Fmedia&parent=9948"}],"wp:term":[{"taxonomy":"product_brand","embeddable":true,"href":"https:\/\/roboromania.ro\/index.php?rest_route=%2Fwp%2Fv2%2Fproduct_brand&post=9948"},{"taxonomy":"product_cat","embeddable":true,"href":"https:\/\/roboromania.ro\/index.php?rest_route=%2Fwp%2Fv2%2Fproduct_cat&post=9948"},{"taxonomy":"product_tag","embeddable":true,"href":"https:\/\/roboromania.ro\/index.php?rest_route=%2Fwp%2Fv2%2Fproduct_tag&post=9948"}],"curies":[{"name":"wp","href":"https:\/\/api.w.org\/{rel}","templated":true}]}}