{"id":9428,"date":"2024-02-15T13:47:16","date_gmt":"2024-02-15T10:47:16","guid":{"rendered":"https:\/\/roboromania.ro\/?post_type=product&#038;p=9428"},"modified":"2025-03-04T11:03:36","modified_gmt":"2025-03-04T08:03:36","slug":"atmega328p-ic-original","status":"publish","type":"product","link":"https:\/\/roboromania.ro\/?product=atmega328p-ic-original","title":{"rendered":"ATMEGA328P &#8211; IC Original"},"content":{"rendered":"<p>ATMEGA328P<\/p>\n<p><a href=\"https:\/\/roboromania.ro\/wp-content\/uploads\/2024\/02\/atmel.jpg\"><img loading=\"lazy\" decoding=\"async\" class=\"alignnone size-medium wp-image-9429\" src=\"https:\/\/roboromania.ro\/wp-content\/uploads\/2024\/02\/atmel-300x225.jpg\" alt=\"\" width=\"300\" height=\"225\" srcset=\"https:\/\/roboromania.ro\/wp-content\/uploads\/2024\/02\/atmel-300x225.jpg 300w, https:\/\/roboromania.ro\/wp-content\/uploads\/2024\/02\/atmel.jpg 512w\" sizes=\"auto, (max-width: 300px) 100vw, 300px\" \/><\/a><a href=\"https:\/\/roboromania.ro\/wp-content\/uploads\/2024\/02\/atmel-roboromania-2.jpg\"><img loading=\"lazy\" decoding=\"async\" class=\"alignnone size-medium wp-image-9430\" src=\"https:\/\/roboromania.ro\/wp-content\/uploads\/2024\/02\/atmel-roboromania-2-300x203.jpg\" alt=\"\" width=\"300\" height=\"203\" srcset=\"https:\/\/roboromania.ro\/wp-content\/uploads\/2024\/02\/atmel-roboromania-2-300x203.jpg 300w, https:\/\/roboromania.ro\/wp-content\/uploads\/2024\/02\/atmel-roboromania-2.jpg 500w\" sizes=\"auto, (max-width: 300px) 100vw, 300px\" \/><\/a><a href=\"https:\/\/roboromania.ro\/wp-content\/uploads\/2015\/08\/Uno-roboromania-pini.jpg\"><img loading=\"lazy\" decoding=\"async\" class=\"alignnone size-medium wp-image-756\" src=\"https:\/\/roboromania.ro\/wp-content\/uploads\/2015\/08\/Uno-roboromania-pini-300x232.jpg\" alt=\"\" width=\"300\" height=\"232\" srcset=\"https:\/\/roboromania.ro\/wp-content\/uploads\/2015\/08\/Uno-roboromania-pini-300x232.jpg 300w, https:\/\/roboromania.ro\/wp-content\/uploads\/2015\/08\/Uno-roboromania-pini.jpg 846w\" sizes=\"auto, (max-width: 300px) 100vw, 300px\" \/><\/a><\/p>\n<p>Pentru Placa de dezvoltare Arduino UNO R3<br \/>\nArduino este este o platforma de procesare open-source.<br \/>\nPlaca de dezvoltare Uno R3 este o versiune de Uno, cu o interfa\u021b\u0103 USB noua \u0219i \u00eembun\u0103t\u0103\u021bit\u0103. Ca \u0219i Uno are slot de expansiune cu suport pentru 3,3 V, pin de RESET \u0219i un sistem de selec\u021bie automat pentru sursa de alimentare USB sau DC. Uno este compatibil din perspectiva codului \u0219i a formatului cu cu Duemilanove, Diecimilla \u0219i alte versiuni mai vechi de Arduino, deci toate libr\u0103riile \u0219i modulele pe care le ai vor func\u021biona f\u0103r\u0103 nici o problema. Uno R3 ofer\u0103 \u00een plus o concesiune usb \u00eembun\u0103t\u0103\u021bit\u0103, pini \u00een plus pentru suportul I2C \u0219i IORef.<\/p>\n<p>&nbsp;<\/p>\n<p>\u2022 Microcontroler ATmega328<br \/>\n\u2022 Voltaj de operare 5V<br \/>\n\u2022 Voltaj de intrare 7-10 V<br \/>\n\u2022 14 pini de intrare\/ie\u0219ire digitali (cu suport pentru PWM)<br \/>\n\u2022 6 intr\u0103ri analogice<br \/>\n\u2022 Curent per pin 40 mA<br \/>\n\u2022 Memorie Flash 32 KB<br \/>\n\u2022 SRAM 2 KB<br \/>\n\u2022 EEPROM 1 KB<br \/>\n\u2022 Ceas 16 MHz<\/p>\n<p><a href=\"http:\/\/roboromania.ro\/arduino_books\/Introduction-Arduino-2013.pdf\" target=\"_blank\" rel=\"noopener\">Introduction to Arduino 2013<\/a><\/p>\n<p>Projects.<\/p>\n<p>&nbsp;<\/p>\n<p>&nbsp;<\/p>\n","protected":false},"excerpt":{"rendered":"<p>Plac\u0103 de dezvoltare UNO R3 &#8211; compatibil\u0103 Arduino<br \/>\nProjects.<\/p>\n","protected":false},"featured_media":9431,"comment_status":"open","ping_status":"closed","template":"","meta":[],"product_brand":[],"product_cat":[6,253],"product_tag":[7],"class_list":{"0":"post-9428","1":"product","2":"type-product","3":"status-publish","4":"has-post-thumbnail","6":"product_cat-placi-de-dezvoltare","7":"product_cat-integrated-circuit","8":"product_tag-arduino","10":"first","11":"instock","12":"sold-individually","13":"shipping-taxable","14":"purchasable","15":"product-type-simple"},"_links":{"self":[{"href":"https:\/\/roboromania.ro\/index.php?rest_route=\/wp\/v2\/product\/9428","targetHints":{"allow":["GET"]}}],"collection":[{"href":"https:\/\/roboromania.ro\/index.php?rest_route=\/wp\/v2\/product"}],"about":[{"href":"https:\/\/roboromania.ro\/index.php?rest_route=\/wp\/v2\/types\/product"}],"replies":[{"embeddable":true,"href":"https:\/\/roboromania.ro\/index.php?rest_route=%2Fwp%2Fv2%2Fcomments&post=9428"}],"wp:featuredmedia":[{"embeddable":true,"href":"https:\/\/roboromania.ro\/index.php?rest_route=\/wp\/v2\/media\/9431"}],"wp:attachment":[{"href":"https:\/\/roboromania.ro\/index.php?rest_route=%2Fwp%2Fv2%2Fmedia&parent=9428"}],"wp:term":[{"taxonomy":"product_brand","embeddable":true,"href":"https:\/\/roboromania.ro\/index.php?rest_route=%2Fwp%2Fv2%2Fproduct_brand&post=9428"},{"taxonomy":"product_cat","embeddable":true,"href":"https:\/\/roboromania.ro\/index.php?rest_route=%2Fwp%2Fv2%2Fproduct_cat&post=9428"},{"taxonomy":"product_tag","embeddable":true,"href":"https:\/\/roboromania.ro\/index.php?rest_route=%2Fwp%2Fv2%2Fproduct_tag&post=9428"}],"curies":[{"name":"wp","href":"https:\/\/api.w.org\/{rel}","templated":true}]}}