{"id":9361,"date":"2024-01-25T13:45:02","date_gmt":"2024-01-25T10:45:02","guid":{"rendered":"https:\/\/roboromania.ro\/?post_type=product&#038;p=9361"},"modified":"2025-01-13T14:27:58","modified_gmt":"2025-01-13T11:27:58","slug":"senzor-de-temperatura-lm335-pentru-proiecte-arduino","status":"publish","type":"product","link":"https:\/\/roboromania.ro\/?product=senzor-de-temperatura-lm335-pentru-proiecte-arduino","title":{"rendered":"Senzor de temperatur\u0103 LM335 pentru proiecte Arduino"},"content":{"rendered":"<p><a href=\"https:\/\/roboromania.ro\/wp-content\/uploads\/2024\/01\/sen-10-078-1-original-lm335-temperature.jpg\"><img loading=\"lazy\" decoding=\"async\" class=\"alignnone size-full wp-image-9362\" src=\"https:\/\/roboromania.ro\/wp-content\/uploads\/2024\/01\/sen-10-078-1-original-lm335-temperature.jpg\" alt=\"\" width=\"150\" height=\"150\" srcset=\"https:\/\/roboromania.ro\/wp-content\/uploads\/2024\/01\/sen-10-078-1-original-lm335-temperature.jpg 150w, https:\/\/roboromania.ro\/wp-content\/uploads\/2024\/01\/sen-10-078-1-original-lm335-temperature-100x100.jpg 100w\" sizes=\"auto, (max-width: 150px) 100vw, 150px\" \/><\/a><\/p>\n<p>Senzorul LM335 este un dispozitiv cu 3 pini care converte\u0219te temperatura \u00een tensiune analogic\u0103. Acest senzor necesit\u0103 un modul ADC (Analog-to-Digital Converter) pentru a converti tensiunea analogic\u0103 \u00een date digitale.<\/p>\n<p>Senzorul de temperatur\u0103 LM335 are urm\u0103toarele caracteristici (din fi\u0219a tehnic\u0103):<\/p>\n<p>Calibrat direct la scara de temperatur\u0103 Kelvin<br \/>\n1\u00b0C Precizie ini\u021bial\u0103 disponibil\u0103<br \/>\nFunc\u021bioneaz\u0103 de la 400 \u03bcA la 5 mA<br \/>\nImpedan\u021b\u0103 dinamic\u0103 mai mic\u0103 de 1-\u03a9<br \/>\nU\u0219or de calibrat<br \/>\nGam\u0103 larg\u0103 de temperatur\u0103 de func\u021bionare pana la 200\u00b0C<\/p>\n<blockquote class=\"wp-embedded-content\" data-secret=\"FTZ3mu4oLI\"><p><a href=\"https:\/\/roboromania.ro\/2024\/01\/25\/__trashed\/\">Termometru de precizie cu LM335<\/a><\/p><\/blockquote>\n<p><iframe loading=\"lazy\" class=\"wp-embedded-content\" sandbox=\"allow-scripts\" security=\"restricted\" style=\"position: absolute; clip: rect(1px, 1px, 1px, 1px);\" title=\"&#8222;Termometru de precizie cu LM335&#8221; &#8211; Robo Rom\u00e2nia\" src=\"https:\/\/roboromania.ro\/2024\/01\/25\/__trashed\/embed\/#?secret=uPNAQtKsRB#?secret=FTZ3mu4oLI\" data-secret=\"FTZ3mu4oLI\" width=\"600\" height=\"338\" frameborder=\"0\" marginwidth=\"0\" marginheight=\"0\" scrolling=\"no\"><\/iframe><\/p>\n<p><a href=\"https:\/\/roboromania.ro\/wp-content\/uploads\/2024\/01\/arduino-lm335.jpg\"><img loading=\"lazy\" decoding=\"async\" class=\"alignnone size-medium wp-image-9359\" src=\"https:\/\/roboromania.ro\/wp-content\/uploads\/2024\/01\/arduino-lm335-300x169.jpg\" alt=\"\" width=\"300\" height=\"169\" srcset=\"https:\/\/roboromania.ro\/wp-content\/uploads\/2024\/01\/arduino-lm335-300x169.jpg 300w, https:\/\/roboromania.ro\/wp-content\/uploads\/2024\/01\/arduino-lm335-600x338.jpg 600w, https:\/\/roboromania.ro\/wp-content\/uploads\/2024\/01\/arduino-lm335.jpg 768w\" sizes=\"auto, (max-width: 300px) 100vw, 300px\" \/><\/a><\/p>\n<p>Arduino projects.<\/p>\n","protected":false},"excerpt":{"rendered":"<p>Sonde de temperatura DS18b20<\/p>\n","protected":false},"featured_media":9362,"comment_status":"open","ping_status":"closed","template":"","meta":[],"product_brand":[],"product_cat":[9,253,69],"product_tag":[7,48,40,46,45,47],"class_list":{"0":"post-9361","1":"product","2":"type-product","3":"status-publish","4":"has-post-thumbnail","6":"product_cat-senzori","7":"product_cat-integrated-circuit","8":"product_cat-componente","9":"product_tag-arduino","10":"product_tag-ds18b20","11":"product_tag-senzor","12":"product_tag-senzori","13":"product_tag-temperatura","14":"product_tag-temperature","16":"first","17":"outofstock","18":"sale","19":"shipping-taxable","20":"purchasable","21":"product-type-simple"},"_links":{"self":[{"href":"https:\/\/roboromania.ro\/index.php?rest_route=\/wp\/v2\/product\/9361","targetHints":{"allow":["GET"]}}],"collection":[{"href":"https:\/\/roboromania.ro\/index.php?rest_route=\/wp\/v2\/product"}],"about":[{"href":"https:\/\/roboromania.ro\/index.php?rest_route=\/wp\/v2\/types\/product"}],"replies":[{"embeddable":true,"href":"https:\/\/roboromania.ro\/index.php?rest_route=%2Fwp%2Fv2%2Fcomments&post=9361"}],"wp:featuredmedia":[{"embeddable":true,"href":"https:\/\/roboromania.ro\/index.php?rest_route=\/wp\/v2\/media\/9362"}],"wp:attachment":[{"href":"https:\/\/roboromania.ro\/index.php?rest_route=%2Fwp%2Fv2%2Fmedia&parent=9361"}],"wp:term":[{"taxonomy":"product_brand","embeddable":true,"href":"https:\/\/roboromania.ro\/index.php?rest_route=%2Fwp%2Fv2%2Fproduct_brand&post=9361"},{"taxonomy":"product_cat","embeddable":true,"href":"https:\/\/roboromania.ro\/index.php?rest_route=%2Fwp%2Fv2%2Fproduct_cat&post=9361"},{"taxonomy":"product_tag","embeddable":true,"href":"https:\/\/roboromania.ro\/index.php?rest_route=%2Fwp%2Fv2%2Fproduct_tag&post=9361"}],"curies":[{"name":"wp","href":"https:\/\/api.w.org\/{rel}","templated":true}]}}