{"id":9184,"date":"2023-05-12T16:35:31","date_gmt":"2023-05-12T13:35:31","guid":{"rendered":"https:\/\/roboromania.ro\/produs\/placa-de-dezvoltare-nano-v3-cu-pinii-nelipiti-compatibila-arduino\/"},"modified":"2025-03-04T11:08:44","modified_gmt":"2025-03-04T08:08:44","slug":"placa-de-dezvoltare-nano-v3-cu-pinii-nelipiti-compatibila-arduino","status":"publish","type":"product","link":"https:\/\/roboromania.ro\/?product=placa-de-dezvoltare-nano-v3-cu-pinii-nelipiti-compatibila-arduino","title":{"rendered":"Plac\u0103 de dezvoltare Nano V3 cu pinii nelipi\u021bi USBmicro &#8211; Compatibil\u0103 Arduino"},"content":{"rendered":"<p>Placa de dezvoltare este compatibila cu Arduino.<br \/>\nArduino este este o platforma de procesare open-source.<br \/>\nPlaca de dezvoltare NANO este o versiune de Uno, cu o interfa\u021b\u0103 USB noua \u0219i \u00eembun\u0103t\u0103\u021bit\u0103. Ca \u0219i Uno are slot de expansiune cu suport pentru 3,3 V, pin de RESET \u0219i un sistem de selec\u021bie automat pentru sursa de alimentare USB sau DC. Uno este compatibil din perspectiva codului \u0219i a formatului cu Arduino, deci toate libr\u0103riile \u0219i modulele pe care le ai vor func\u021biona f\u0103r\u0103 nici o problema. V3 ofer\u0103 \u00een plus o interfa\u021ba micro usb \u00eembun\u0103t\u0103\u021bit\u0103, pini \u00een plus pentru suportul I2C \u0219i IORef.<\/p>\n<p><a href=\"https:\/\/roboromania.ro\/wp-content\/uploads\/2018\/08\/Nano-3.0-nelip-roboromania.jpg\"><img loading=\"lazy\" decoding=\"async\" class=\"alignnone size-medium wp-image-5093\" src=\"https:\/\/roboromania.ro\/wp-content\/uploads\/2018\/08\/Nano-3.0-nelip-roboromania-300x261.jpg\" alt=\"nano-3-0-nelip-roboromania\" width=\"300\" height=\"261\" srcset=\"https:\/\/roboromania.ro\/wp-content\/uploads\/2018\/08\/Nano-3.0-nelip-roboromania-300x261.jpg 300w, https:\/\/roboromania.ro\/wp-content\/uploads\/2018\/08\/Nano-3.0-nelip-roboromania.jpg 600w\" sizes=\"auto, (max-width: 300px) 100vw, 300px\" \/><\/a><\/p>\n<p>\u2022 Microcontroler ATmega328<br \/>\n\u2022 Voltaj de operare 5V<br \/>\n\u2022 Voltaj de intrare 7-10 V<br \/>\n\u2022 14 pini de intrare\/ie\u0219ire digitali (cu suport pentru PWM)<br \/>\n\u2022 6 intr\u0103ri analogice<br \/>\n\u2022 Curent per pin 40 mA<br \/>\n\u2022 Memorie Flash 32 KB<br \/>\n\u2022 SRAM 2 KB<br \/>\n\u2022 EEPROM 1 KB<br \/>\n\u2022 Ceas 16 MHz<br \/>\nProjects.<\/p>\n<p><a href=\"http:\/\/roboromania.ro\/datasheet\/Arduino-Nano-roboromania.pdf\" target=\"_blank\" rel=\"noopener\">datasheet<\/a><br \/>\n<a href=\"http:\/\/roboromania.ro\/datasheet\/Arduino-Nano-3.0-manual-roboromania.pdf\" target=\"_blank\" rel=\"noopener\">user manual<\/a><br \/>\nArduino projects.<\/p>\n","protected":false},"excerpt":{"rendered":"<p>Plac\u0103 de dezvoltare Nano &#8211; compatibil\u0103 Arduino<\/p>\n","protected":false},"featured_media":5094,"comment_status":"open","ping_status":"closed","template":"","meta":[],"product_brand":[],"product_cat":[6],"product_tag":[7,22,23,27,21],"class_list":{"0":"post-9184","1":"product","2":"type-product","3":"status-publish","4":"has-post-thumbnail","6":"product_cat-placi-de-dezvoltare","7":"product_tag-arduino","8":"product_tag-atmega","9":"product_tag-atmega328","10":"product_tag-nano","11":"product_tag-uno","13":"first","14":"instock","15":"shipping-taxable","16":"purchasable","17":"product-type-simple"},"_links":{"self":[{"href":"https:\/\/roboromania.ro\/index.php?rest_route=\/wp\/v2\/product\/9184","targetHints":{"allow":["GET"]}}],"collection":[{"href":"https:\/\/roboromania.ro\/index.php?rest_route=\/wp\/v2\/product"}],"about":[{"href":"https:\/\/roboromania.ro\/index.php?rest_route=\/wp\/v2\/types\/product"}],"replies":[{"embeddable":true,"href":"https:\/\/roboromania.ro\/index.php?rest_route=%2Fwp%2Fv2%2Fcomments&post=9184"}],"wp:featuredmedia":[{"embeddable":true,"href":"https:\/\/roboromania.ro\/index.php?rest_route=\/wp\/v2\/media\/5094"}],"wp:attachment":[{"href":"https:\/\/roboromania.ro\/index.php?rest_route=%2Fwp%2Fv2%2Fmedia&parent=9184"}],"wp:term":[{"taxonomy":"product_brand","embeddable":true,"href":"https:\/\/roboromania.ro\/index.php?rest_route=%2Fwp%2Fv2%2Fproduct_brand&post=9184"},{"taxonomy":"product_cat","embeddable":true,"href":"https:\/\/roboromania.ro\/index.php?rest_route=%2Fwp%2Fv2%2Fproduct_cat&post=9184"},{"taxonomy":"product_tag","embeddable":true,"href":"https:\/\/roboromania.ro\/index.php?rest_route=%2Fwp%2Fv2%2Fproduct_tag&post=9184"}],"curies":[{"name":"wp","href":"https:\/\/api.w.org\/{rel}","templated":true}]}}