{"id":8150,"date":"2020-11-28T14:40:37","date_gmt":"2020-11-28T11:40:37","guid":{"rendered":"https:\/\/roboromania.ro\/produs\/motor-4a0200-toy\/"},"modified":"2024-11-14T13:44:49","modified_gmt":"2024-11-14T10:44:49","slug":"motor-4a0200-toy","status":"publish","type":"product","link":"https:\/\/roboromania.ro\/?product=motor-4a0200-toy","title":{"rendered":"Motor 4A0200 Toy"},"content":{"rendered":"<p>Motor 4A0200 Toy<\/p>\n<p>MOTOR 4A0200 37MM SHAFT<\/p>\n<p><a href=\"https:\/\/roboromania.ro\/wp-content\/uploads\/2020\/11\/4a0200-motor.jpg\"><img loading=\"lazy\" decoding=\"async\" class=\"alignnone size-medium wp-image-8151\" src=\"https:\/\/roboromania.ro\/wp-content\/uploads\/2020\/11\/4a0200-motor-300x300.jpg\" alt=\"4a0200-motor\" width=\"300\" height=\"300\" srcset=\"https:\/\/roboromania.ro\/wp-content\/uploads\/2020\/11\/4a0200-motor-300x300.jpg 300w, https:\/\/roboromania.ro\/wp-content\/uploads\/2020\/11\/4a0200-motor-150x150.jpg 150w, https:\/\/roboromania.ro\/wp-content\/uploads\/2020\/11\/4a0200-motor-180x180.jpg 180w, https:\/\/roboromania.ro\/wp-content\/uploads\/2020\/11\/4a0200-motor-600x600.jpg 600w, https:\/\/roboromania.ro\/wp-content\/uploads\/2020\/11\/4a0200-motor.jpg 800w\" sizes=\"auto, (max-width: 300px) 100vw, 300px\" \/><\/a><\/p>\n<p>Se preteaz\u0103 foarte bine la proiectele celor care sunt la \u00eenceputul studiului.<br \/>\n<span id=\"result_box\" class=\"\" lang=\"ro\">Specifica\u021bii:<br \/>\nTensiune: DC6V<br \/>\nViteza: 6500 rpm\/min la 6v<br \/>\nCurent f\u0103r\u0103 sarcin\u0103: aproximativ 25mA<br \/>\nDimensiuni: aprox. 23,7 x 18,0 mm (Dia x H)<br \/>\n<\/span><\/p>\n<p>Diametru ax 2mm<\/p>\n<p>Motor pentru juc\u0103rii cu Arduino.<\/p>\n<p>Arduino projects.<\/p>\n","protected":false},"excerpt":{"rendered":"<p>Motor pentru juc\u0103rii Compatibil Arduino<\/p>\n","protected":false},"featured_media":8151,"comment_status":"open","ping_status":"closed","template":"","meta":[],"product_brand":[],"product_cat":[210],"product_tag":[7,131,18,132],"class_list":{"0":"post-8150","1":"product","2":"type-product","3":"status-publish","4":"has-post-thumbnail","6":"product_cat-motoare","7":"product_tag-arduino","8":"product_tag-driver","9":"product_tag-motor","10":"product_tag-roata","12":"first","13":"instock","14":"shipping-taxable","15":"purchasable","16":"product-type-simple"},"_links":{"self":[{"href":"https:\/\/roboromania.ro\/index.php?rest_route=\/wp\/v2\/product\/8150","targetHints":{"allow":["GET"]}}],"collection":[{"href":"https:\/\/roboromania.ro\/index.php?rest_route=\/wp\/v2\/product"}],"about":[{"href":"https:\/\/roboromania.ro\/index.php?rest_route=\/wp\/v2\/types\/product"}],"replies":[{"embeddable":true,"href":"https:\/\/roboromania.ro\/index.php?rest_route=%2Fwp%2Fv2%2Fcomments&post=8150"}],"wp:featuredmedia":[{"embeddable":true,"href":"https:\/\/roboromania.ro\/index.php?rest_route=\/wp\/v2\/media\/8151"}],"wp:attachment":[{"href":"https:\/\/roboromania.ro\/index.php?rest_route=%2Fwp%2Fv2%2Fmedia&parent=8150"}],"wp:term":[{"taxonomy":"product_brand","embeddable":true,"href":"https:\/\/roboromania.ro\/index.php?rest_route=%2Fwp%2Fv2%2Fproduct_brand&post=8150"},{"taxonomy":"product_cat","embeddable":true,"href":"https:\/\/roboromania.ro\/index.php?rest_route=%2Fwp%2Fv2%2Fproduct_cat&post=8150"},{"taxonomy":"product_tag","embeddable":true,"href":"https:\/\/roboromania.ro\/index.php?rest_route=%2Fwp%2Fv2%2Fproduct_tag&post=8150"}],"curies":[{"name":"wp","href":"https:\/\/api.w.org\/{rel}","templated":true}]}}