{"id":8097,"date":"2020-11-04T10:00:42","date_gmt":"2020-11-04T07:00:42","guid":{"rendered":"https:\/\/roboromania.ro\/produs\/robot-kit-4wd-uno-n-construieste-singur-un-robot\/"},"modified":"2025-11-24T16:18:05","modified_gmt":"2025-11-24T13:18:05","slug":"robot-kit-4wd-uno-n-construieste-singur-un-robot","status":"publish","type":"product","link":"https:\/\/roboromania.ro\/?product=robot-kit-4wd-uno-n-construieste-singur-un-robot","title":{"rendered":"Robot Kit 4WD UNO N &#8211; Construie\u0219te singur un robot"},"content":{"rendered":"<p>Robot Kit 4WD Construie\u0219te singur un robot tip Arduino<br \/>\nKit-ul con\u0163ine tot ce ai nevoie ca s\u0103 po\u0163i construi un robot autonom tip Arduino.<br \/>\nEste de ajuns s\u0103 asamblezi configura\u0163ia hardware corespunz\u0103toare \u015fi s\u0103 introduci pe aceasta un program, pentru a avea un echipament gata de func\u0163ionare.<br \/>\nApoi dup\u0103 ce te mai perfec\u0163ionezi, po\u0163i s\u0103 adaugi \u015fi Bluetooth \u015fi \u00eel comanzi cu telefonul prin android.<\/p>\n<p><a href=\"https:\/\/roboromania.ro\/wp-content\/uploads\/2020\/11\/Robot-Roboromania-autonom-ocolire-obstacole.jpg\"><img loading=\"lazy\" decoding=\"async\" class=\"alignnone size-medium wp-image-8098\" src=\"https:\/\/roboromania.ro\/wp-content\/uploads\/2020\/11\/Robot-Roboromania-autonom-ocolire-obstacole-300x300.jpg\" alt=\"robot-roboromania-autonom-ocolire-obstacole\" width=\"300\" height=\"300\" srcset=\"https:\/\/roboromania.ro\/wp-content\/uploads\/2020\/11\/Robot-Roboromania-autonom-ocolire-obstacole-300x300.jpg 300w, https:\/\/roboromania.ro\/wp-content\/uploads\/2020\/11\/Robot-Roboromania-autonom-ocolire-obstacole-150x150.jpg 150w, https:\/\/roboromania.ro\/wp-content\/uploads\/2020\/11\/Robot-Roboromania-autonom-ocolire-obstacole-180x180.jpg 180w, https:\/\/roboromania.ro\/wp-content\/uploads\/2020\/11\/Robot-Roboromania-autonom-ocolire-obstacole-600x600.jpg 600w, https:\/\/roboromania.ro\/wp-content\/uploads\/2020\/11\/Robot-Roboromania-autonom-ocolire-obstacole.jpg 700w\" sizes=\"auto, (max-width: 300px) 100vw, 300px\" \/><\/a><a href=\"https:\/\/roboromania.ro\/wp-content\/uploads\/2020\/06\/Robot-4wd.jpg\"><img loading=\"lazy\" decoding=\"async\" class=\"alignnone size-medium wp-image-7763\" src=\"https:\/\/roboromania.ro\/wp-content\/uploads\/2020\/06\/Robot-4wd-300x173.jpg\" alt=\"robot-4wd\" width=\"300\" height=\"173\" srcset=\"https:\/\/roboromania.ro\/wp-content\/uploads\/2020\/06\/Robot-4wd-300x173.jpg 300w, https:\/\/roboromania.ro\/wp-content\/uploads\/2020\/06\/Robot-4wd-1024x589.jpg 1024w, https:\/\/roboromania.ro\/wp-content\/uploads\/2020\/06\/Robot-4wd.jpg 2000w\" sizes=\"auto, (max-width: 300px) 100vw, 300px\" \/><\/a><a href=\"https:\/\/roboromania.ro\/wp-content\/uploads\/2020\/11\/kit-4wd-ultra-robo.jpg\"><img loading=\"lazy\" decoding=\"async\" class=\"alignnone size-medium wp-image-8095\" src=\"https:\/\/roboromania.ro\/wp-content\/uploads\/2020\/11\/kit-4wd-ultra-robo-300x232.jpg\" alt=\"kit-4wd-ultra-robo\" width=\"300\" height=\"232\" srcset=\"https:\/\/roboromania.ro\/wp-content\/uploads\/2020\/11\/kit-4wd-ultra-robo-300x232.jpg 300w, https:\/\/roboromania.ro\/wp-content\/uploads\/2020\/11\/kit-4wd-ultra-robo.jpg 906w\" sizes=\"auto, (max-width: 300px) 100vw, 300px\" \/><\/a><\/p>\n<p>Con\u0163inut:<br \/>\nPlac\u0103 de dezvoltare UNO R3 \u2013 Plac\u0103 de dezvoltare compatibil\u0103 Arduino.<br \/>\n\u0218asiu robot 4WD(ma\u0219ina).<br \/>\nRo\u021bi 4 buc\u0103\u0163i.<br \/>\nMotor 5v reductor robot (DC Gear Motor) 4 buc\u0103\u0163i.<br \/>\nOrgane de asamblare (\u0219uruburi, piuli\u0163e, pl\u0103cu\u0163e)<br \/>\nModul driver motoare L298N Compatibil Arduino<br \/>\nSuport baterii 4AA Compatibil Arduino<br \/>\nSenzor cu ultrasunete HC-SR04 Compatibil Arduino<br \/>\nCabluri Dupont (20 buc\u0103\u0163i).<\/p>\n<p><strong><span style=\"color: #ff0000;\">Aten\u021bie mare la montare la leg\u0103turile electrice, \u00een special la &#8222;+&#8221; adic\u0103 Vcc \u0219i &#8222;-&#8221; adic\u0103 GND<\/span><\/strong><\/p>\n<p><a href=\"https:\/\/www.youtube.com\/watch?v=uW8YVcBjPGU\" target=\"_blank\" rel=\"noopener\">You Tube : How to Assemble a 4WD Robot Smart Car Chassis<\/a><\/p>\n<p><a href=\"https:\/\/roboromania.ro\/2018\/05\/17\/robot-4wd-roboromania-autonom-ocolire-obstacole-realizat-de-mers-robotica-pentru-copii-mihai-dascaliuc\/\" target=\"_blank\" rel=\"noopener\">Uite un cod ajutator<\/a><\/p>\n","protected":false},"excerpt":{"rendered":"<p>Construie\u0219te singur un robot<br \/>\nTip Arduino Robot Kit 4WD<\/p>\n","protected":false},"featured_media":8098,"comment_status":"open","ping_status":"closed","template":"","meta":[],"product_brand":[],"product_cat":[177,293],"product_tag":[92,7,22,23,83,131,18,41,40,78,21],"class_list":{"0":"post-8097","1":"product","2":"type-product","3":"status-publish","4":"has-post-thumbnail","6":"product_cat-kituri-complete-pentru-proiecte","7":"product_cat-robot","8":"product_tag-5v","9":"product_tag-arduino","10":"product_tag-atmega","11":"product_tag-atmega328","12":"product_tag-bluetooth","13":"product_tag-driver","14":"product_tag-motor","15":"product_tag-sensor","16":"product_tag-senzor","17":"product_tag-sursa","18":"product_tag-uno","20":"first","21":"instock","22":"shipping-taxable","23":"purchasable","24":"product-type-simple"},"_links":{"self":[{"href":"https:\/\/roboromania.ro\/index.php?rest_route=\/wp\/v2\/product\/8097","targetHints":{"allow":["GET"]}}],"collection":[{"href":"https:\/\/roboromania.ro\/index.php?rest_route=\/wp\/v2\/product"}],"about":[{"href":"https:\/\/roboromania.ro\/index.php?rest_route=\/wp\/v2\/types\/product"}],"replies":[{"embeddable":true,"href":"https:\/\/roboromania.ro\/index.php?rest_route=%2Fwp%2Fv2%2Fcomments&post=8097"}],"wp:featuredmedia":[{"embeddable":true,"href":"https:\/\/roboromania.ro\/index.php?rest_route=\/wp\/v2\/media\/8098"}],"wp:attachment":[{"href":"https:\/\/roboromania.ro\/index.php?rest_route=%2Fwp%2Fv2%2Fmedia&parent=8097"}],"wp:term":[{"taxonomy":"product_brand","embeddable":true,"href":"https:\/\/roboromania.ro\/index.php?rest_route=%2Fwp%2Fv2%2Fproduct_brand&post=8097"},{"taxonomy":"product_cat","embeddable":true,"href":"https:\/\/roboromania.ro\/index.php?rest_route=%2Fwp%2Fv2%2Fproduct_cat&post=8097"},{"taxonomy":"product_tag","embeddable":true,"href":"https:\/\/roboromania.ro\/index.php?rest_route=%2Fwp%2Fv2%2Fproduct_tag&post=8097"}],"curies":[{"name":"wp","href":"https:\/\/api.w.org\/{rel}","templated":true}]}}