{"id":8057,"date":"2020-10-18T13:01:38","date_gmt":"2020-10-18T10:01:38","guid":{"rendered":"https:\/\/roboromania.ro\/produs\/breadboard-420-121-plastic-cu-contacte-nichelate\/"},"modified":"2025-09-17T11:01:25","modified_gmt":"2025-09-17T08:01:25","slug":"breadboard-420-121-plastic-cu-contacte-nichelate","status":"publish","type":"product","link":"https:\/\/roboromania.ro\/?product=breadboard-420-121-plastic-cu-contacte-nichelate","title":{"rendered":"Breadboard 420 (121) plastic cu contacte nichelate"},"content":{"rendered":"<p>Pentru proiecte tip Arduino<br \/>\nPlac\u0103 breadboard din plastic, cu 420 contacte nichelate pentru realizarea \u0219i testarea rapid\u0103, f\u0103r\u0103 lipire a circuitelor electrice \u015fi electronice.<\/p>\n<p><a href=\"http:\/\/roboromania.ro\/wp-content\/uploads\/2015\/08\/Breadboard-robo-romania.jpg\"><img loading=\"lazy\" decoding=\"async\" class=\"alignnone size-medium wp-image-796\" src=\"http:\/\/roboromania.ro\/wp-content\/uploads\/2015\/08\/Breadboard-robo-romania-300x269.jpg\" alt=\"Breadboard-robo-romania\" width=\"300\" height=\"269\" srcset=\"https:\/\/roboromania.ro\/wp-content\/uploads\/2015\/08\/Breadboard-robo-romania-300x269.jpg 300w, https:\/\/roboromania.ro\/wp-content\/uploads\/2015\/08\/Breadboard-robo-romania.jpg 758w\" sizes=\"auto, (max-width: 300px) 100vw, 300px\" \/><\/a><a href=\"https:\/\/roboromania.ro\/wp-content\/uploads\/2020\/10\/bre-lilii.jpg\"><img loading=\"lazy\" decoding=\"async\" class=\"alignnone  wp-image-9856\" src=\"https:\/\/roboromania.ro\/wp-content\/uploads\/2020\/10\/bre-lilii-300x194.jpg\" alt=\"\" width=\"158\" height=\"102\" srcset=\"https:\/\/roboromania.ro\/wp-content\/uploads\/2020\/10\/bre-lilii-300x194.jpg 300w, https:\/\/roboromania.ro\/wp-content\/uploads\/2020\/10\/bre-lilii-768x496.jpg 768w, https:\/\/roboromania.ro\/wp-content\/uploads\/2020\/10\/bre-lilii-600x387.jpg 600w, https:\/\/roboromania.ro\/wp-content\/uploads\/2020\/10\/bre-lilii.jpg 872w\" sizes=\"auto, (max-width: 158px) 100vw, 158px\" \/><\/a><br \/>\nBreadboard Arduino projects.<br \/>\n<a href=\"http:\/\/roboromania.ro\/datasheet\/Breadboard-roboromania.pdf\" target=\"_blank\" rel=\"noopener\">datasheet<\/a><\/p>\n","protected":false},"excerpt":{"rendered":"<p>Breadboard Arduino projects.<\/p>\n","protected":false},"featured_media":794,"comment_status":"open","ping_status":"closed","template":"","meta":[],"product_brand":[],"product_cat":[206],"product_tag":[7,24],"class_list":{"0":"post-8057","1":"product","2":"type-product","3":"status-publish","4":"has-post-thumbnail","6":"product_cat-breadboard","7":"product_tag-arduino","8":"product_tag-breadboard","10":"first","11":"instock","12":"shipping-taxable","13":"purchasable","14":"product-type-simple"},"_links":{"self":[{"href":"https:\/\/roboromania.ro\/index.php?rest_route=\/wp\/v2\/product\/8057","targetHints":{"allow":["GET"]}}],"collection":[{"href":"https:\/\/roboromania.ro\/index.php?rest_route=\/wp\/v2\/product"}],"about":[{"href":"https:\/\/roboromania.ro\/index.php?rest_route=\/wp\/v2\/types\/product"}],"replies":[{"embeddable":true,"href":"https:\/\/roboromania.ro\/index.php?rest_route=%2Fwp%2Fv2%2Fcomments&post=8057"}],"wp:featuredmedia":[{"embeddable":true,"href":"https:\/\/roboromania.ro\/index.php?rest_route=\/wp\/v2\/media\/794"}],"wp:attachment":[{"href":"https:\/\/roboromania.ro\/index.php?rest_route=%2Fwp%2Fv2%2Fmedia&parent=8057"}],"wp:term":[{"taxonomy":"product_brand","embeddable":true,"href":"https:\/\/roboromania.ro\/index.php?rest_route=%2Fwp%2Fv2%2Fproduct_brand&post=8057"},{"taxonomy":"product_cat","embeddable":true,"href":"https:\/\/roboromania.ro\/index.php?rest_route=%2Fwp%2Fv2%2Fproduct_cat&post=8057"},{"taxonomy":"product_tag","embeddable":true,"href":"https:\/\/roboromania.ro\/index.php?rest_route=%2Fwp%2Fv2%2Fproduct_tag&post=8057"}],"curies":[{"name":"wp","href":"https:\/\/api.w.org\/{rel}","templated":true}]}}