{"id":7306,"date":"2020-04-13T15:40:30","date_gmt":"2020-04-13T12:40:30","guid":{"rendered":"http:\/\/roboromania.ro\/produs\/tranzistor-n-mosfet-unipolar-55v-49a\/"},"modified":"2020-04-13T15:43:31","modified_gmt":"2020-04-13T12:43:31","slug":"tranzistor-n-mosfet-unipolar-55v-49a","status":"publish","type":"product","link":"https:\/\/roboromania.ro\/?product=tranzistor-n-mosfet-unipolar-55v-49a","title":{"rendered":"Tranzistor N-MOSFET unipolar 55V 49A"},"content":{"rendered":"<p>Tranzistor N-MOSFET unipolar 55V 49A<\/p>\n<p><a href=\"http:\/\/roboromania.ro\/wp-content\/uploads\/2020\/04\/IRFZ44N.gif\"><img loading=\"lazy\" decoding=\"async\" class=\"alignnone size-medium wp-image-7307\" src=\"http:\/\/roboromania.ro\/wp-content\/uploads\/2020\/04\/IRFZ44N-229x300.gif\" alt=\"irfz44n\" width=\"229\" height=\"300\" \/><\/a><br \/>\nTip tranzistor N-MOSFET<br \/>\nPolarizare unipolar<br \/>\nTensiune dren\u0103-surs\u0103 55V<br \/>\nCurent dren\u0103 49A <span style=\"color: #ff0000;\">necesar radiator corespunz\u0103tor<\/span><br \/>\nCarcas\u0103 TO220<br \/>\nMontare THT<br \/>\nTehnologie QFET\u00ae<\/p>\n<p>&nbsp;<\/p>\n","protected":false},"excerpt":{"rendered":"<p>Tranzistor N-MOSFET unipolar 55V 49A Tip tranzistor N-MOSFET Polarizare unipolar Tensiune dren\u0103-surs\u0103 55V Curent dren\u0103 49A necesar radiator corespunz\u0103tor Carcas\u0103 TO220 Montare THT Tehnologie QFET\u00ae &nbsp;<\/p>\n","protected":false},"featured_media":2794,"comment_status":"open","ping_status":"closed","template":"","meta":[],"product_brand":[],"product_cat":[69],"product_tag":[97,96,95],"class_list":{"0":"post-7306","1":"product","2":"type-product","3":"status-publish","4":"has-post-thumbnail","6":"product_cat-componente","7":"product_tag-npn","8":"product_tag-transistor","9":"product_tag-tranzistor","11":"first","12":"instock","13":"shipping-taxable","14":"purchasable","15":"product-type-simple"},"_links":{"self":[{"href":"https:\/\/roboromania.ro\/index.php?rest_route=\/wp\/v2\/product\/7306","targetHints":{"allow":["GET"]}}],"collection":[{"href":"https:\/\/roboromania.ro\/index.php?rest_route=\/wp\/v2\/product"}],"about":[{"href":"https:\/\/roboromania.ro\/index.php?rest_route=\/wp\/v2\/types\/product"}],"replies":[{"embeddable":true,"href":"https:\/\/roboromania.ro\/index.php?rest_route=%2Fwp%2Fv2%2Fcomments&post=7306"}],"wp:featuredmedia":[{"embeddable":true,"href":"https:\/\/roboromania.ro\/index.php?rest_route=\/wp\/v2\/media\/2794"}],"wp:attachment":[{"href":"https:\/\/roboromania.ro\/index.php?rest_route=%2Fwp%2Fv2%2Fmedia&parent=7306"}],"wp:term":[{"taxonomy":"product_brand","embeddable":true,"href":"https:\/\/roboromania.ro\/index.php?rest_route=%2Fwp%2Fv2%2Fproduct_brand&post=7306"},{"taxonomy":"product_cat","embeddable":true,"href":"https:\/\/roboromania.ro\/index.php?rest_route=%2Fwp%2Fv2%2Fproduct_cat&post=7306"},{"taxonomy":"product_tag","embeddable":true,"href":"https:\/\/roboromania.ro\/index.php?rest_route=%2Fwp%2Fv2%2Fproduct_tag&post=7306"}],"curies":[{"name":"wp","href":"https:\/\/api.w.org\/{rel}","templated":true}]}}