{"id":695,"date":"2015-11-24T16:18:20","date_gmt":"2015-11-24T13:18:20","guid":{"rendered":"http:\/\/arduinoshop.ro\/index.php\/produs\/conector-40-pini-mama-in-linie-254-mm-pentru-arduino\/"},"modified":"2015-12-03T15:19:29","modified_gmt":"2015-12-03T12:19:29","slug":"conector-40-pini-mama-in-linie-254-mm","status":"publish","type":"product","link":"https:\/\/roboromania.ro\/?product=conector-40-pini-mama-in-linie-254-mm","title":{"rendered":"Conector 40 pini mam\u0103 \u00een linie (2,54 mm) Compatibil Arduino"},"content":{"rendered":"<p>Conector 40 pini mam\u0103 \u00een linie (2,54 mm) Compatibil Arduino<br \/>\nCompatibil Arduino<\/p>\n<p><a href=\"http:\/\/roboromania.ro\/wp-content\/uploads\/2015\/11\/Conector-40-pini-mama-roboromania.jpg\"><img loading=\"lazy\" decoding=\"async\" class=\"alignnone size-full wp-image-928\" src=\"http:\/\/roboromania.ro\/wp-content\/uploads\/2015\/11\/Conector-40-pini-mama-roboromania.jpg\" alt=\"Conector-40-pini-mama-roboromania\" width=\"150\" height=\"122\" \/><\/a><\/p>\n<p>Arduino projects.<\/p>\n","protected":false},"excerpt":{"rendered":"<p>Conector 40 pini mam\u0103 \u00een linie (2,54 mm) Compatibil Arduino<br \/>\nArduino projects.<\/p>\n","protected":false},"featured_media":928,"comment_status":"open","ping_status":"closed","template":"","meta":[],"product_brand":[],"product_cat":[211,69],"product_tag":[7,156,161,202,157],"class_list":{"0":"post-695","1":"product","2":"type-product","3":"status-publish","4":"has-post-thumbnail","6":"product_cat-placi-prototip","7":"product_cat-componente","8":"product_tag-arduino","9":"product_tag-conector","10":"product_tag-connector","11":"product_tag-mufa","12":"product_tag-terminal","14":"first","15":"instock","16":"shipping-taxable","17":"purchasable","18":"product-type-simple"},"_links":{"self":[{"href":"https:\/\/roboromania.ro\/index.php?rest_route=\/wp\/v2\/product\/695","targetHints":{"allow":["GET"]}}],"collection":[{"href":"https:\/\/roboromania.ro\/index.php?rest_route=\/wp\/v2\/product"}],"about":[{"href":"https:\/\/roboromania.ro\/index.php?rest_route=\/wp\/v2\/types\/product"}],"replies":[{"embeddable":true,"href":"https:\/\/roboromania.ro\/index.php?rest_route=%2Fwp%2Fv2%2Fcomments&post=695"}],"wp:featuredmedia":[{"embeddable":true,"href":"https:\/\/roboromania.ro\/index.php?rest_route=\/wp\/v2\/media\/928"}],"wp:attachment":[{"href":"https:\/\/roboromania.ro\/index.php?rest_route=%2Fwp%2Fv2%2Fmedia&parent=695"}],"wp:term":[{"taxonomy":"product_brand","embeddable":true,"href":"https:\/\/roboromania.ro\/index.php?rest_route=%2Fwp%2Fv2%2Fproduct_brand&post=695"},{"taxonomy":"product_cat","embeddable":true,"href":"https:\/\/roboromania.ro\/index.php?rest_route=%2Fwp%2Fv2%2Fproduct_cat&post=695"},{"taxonomy":"product_tag","embeddable":true,"href":"https:\/\/roboromania.ro\/index.php?rest_route=%2Fwp%2Fv2%2Fproduct_tag&post=695"}],"curies":[{"name":"wp","href":"https:\/\/api.w.org\/{rel}","templated":true}]}}