{"id":676,"date":"2015-11-19T18:21:41","date_gmt":"2015-11-19T15:21:41","guid":{"rendered":"http:\/\/arduinoshop.ro\/index.php\/produs\/modul-senzor-de-flacara-arduino\/"},"modified":"2024-01-27T10:28:10","modified_gmt":"2024-01-27T07:28:10","slug":"modul-senzor-de-flacara","status":"publish","type":"product","link":"https:\/\/roboromania.ro\/?product=modul-senzor-de-flacara","title":{"rendered":"Modul senzor de flac\u0103ra (214) compatibil Arduino"},"content":{"rendered":"<p>Modul senzor de flac\u0103ra compatibil Arduino<\/p>\n<p><a href=\"https:\/\/roboromania.ro\/wp-content\/uploads\/2015\/11\/flame-sensor.jpg\"><img loading=\"lazy\" decoding=\"async\" class=\"alignnone size-medium wp-image-9386\" src=\"https:\/\/roboromania.ro\/wp-content\/uploads\/2015\/11\/flame-sensor-300x300.jpg\" alt=\"\" width=\"300\" height=\"300\" srcset=\"https:\/\/roboromania.ro\/wp-content\/uploads\/2015\/11\/flame-sensor-300x300.jpg 300w, https:\/\/roboromania.ro\/wp-content\/uploads\/2015\/11\/flame-sensor-150x150.jpg 150w, https:\/\/roboromania.ro\/wp-content\/uploads\/2015\/11\/flame-sensor-768x768.jpg 768w, https:\/\/roboromania.ro\/wp-content\/uploads\/2015\/11\/flame-sensor-600x600.jpg 600w, https:\/\/roboromania.ro\/wp-content\/uploads\/2015\/11\/flame-sensor-100x100.jpg 100w, https:\/\/roboromania.ro\/wp-content\/uploads\/2015\/11\/flame-sensor.jpg 800w\" sizes=\"auto, (max-width: 300px) 100vw, 300px\" \/><\/a><\/p>\n<p>Senzor pentru flac\u0103ra cu lungimile de unda \u00eentre 760 nm \u015fi 1100 nm \u00een infraro\u015fu.<\/p>\n<p>Ie\u015fire analogica, \u00een timp real, semnal de tensiune de ie\u015fire de pe rezisten\u0163a termic\u0103 DO.<br \/>\nIe\u015firea pragului de semnal sus \u015fi jos reglabil prin poten\u021biometru.<\/p>\n<p>&nbsp;<\/p>\n<p>Tensiune: DC 3 ~ 5,5V<br \/>\nDimensiuni 80 x 41 x 15 mm<\/p>\n<p>Arduino projects.<\/p>\n","protected":false},"excerpt":{"rendered":"<p>Modul senzor de flac\u0103ra compatibil Arduino<br \/>\nTip Arduino projects.<\/p>\n","protected":false},"featured_media":9387,"comment_status":"open","ping_status":"closed","template":"","meta":[],"product_brand":[],"product_cat":[9,15],"product_tag":[7,77],"class_list":{"0":"post-676","1":"product","2":"type-product","3":"status-publish","4":"has-post-thumbnail","6":"product_cat-senzori","7":"product_cat-module","8":"product_tag-arduino","9":"product_tag-modul","11":"first","12":"instock","13":"shipping-taxable","14":"purchasable","15":"product-type-simple"},"_links":{"self":[{"href":"https:\/\/roboromania.ro\/index.php?rest_route=\/wp\/v2\/product\/676","targetHints":{"allow":["GET"]}}],"collection":[{"href":"https:\/\/roboromania.ro\/index.php?rest_route=\/wp\/v2\/product"}],"about":[{"href":"https:\/\/roboromania.ro\/index.php?rest_route=\/wp\/v2\/types\/product"}],"replies":[{"embeddable":true,"href":"https:\/\/roboromania.ro\/index.php?rest_route=%2Fwp%2Fv2%2Fcomments&post=676"}],"wp:featuredmedia":[{"embeddable":true,"href":"https:\/\/roboromania.ro\/index.php?rest_route=\/wp\/v2\/media\/9387"}],"wp:attachment":[{"href":"https:\/\/roboromania.ro\/index.php?rest_route=%2Fwp%2Fv2%2Fmedia&parent=676"}],"wp:term":[{"taxonomy":"product_brand","embeddable":true,"href":"https:\/\/roboromania.ro\/index.php?rest_route=%2Fwp%2Fv2%2Fproduct_brand&post=676"},{"taxonomy":"product_cat","embeddable":true,"href":"https:\/\/roboromania.ro\/index.php?rest_route=%2Fwp%2Fv2%2Fproduct_cat&post=676"},{"taxonomy":"product_tag","embeddable":true,"href":"https:\/\/roboromania.ro\/index.php?rest_route=%2Fwp%2Fv2%2Fproduct_tag&post=676"}],"curies":[{"name":"wp","href":"https:\/\/api.w.org\/{rel}","templated":true}]}}