{"id":668,"date":"2015-11-19T18:01:43","date_gmt":"2015-11-19T15:01:43","guid":{"rendered":"http:\/\/arduinoshop.ro\/index.php\/produs\/modul-cu-photorezistor-pentru-arduino\/"},"modified":"2026-01-16T18:50:38","modified_gmt":"2026-01-16T15:50:38","slug":"modul-cu-photorezistor","status":"publish","type":"product","link":"https:\/\/roboromania.ro\/?product=modul-cu-photorezistor","title":{"rendered":"Modul Photorezistor (134) pentru proiecte Arduino"},"content":{"rendered":"<p>Modulul cu fotorezisten\u0163\u0103. Fotorezisten\u0163a GL5528 de 5mm este un senzor de lumina tip photoresistor usor de folosit \u00een proiectele arduino.<br \/>\nEste o fotorezisten\u0163\u0103 a carei valoare este foarte sensibil\u0103 la modific\u0103rile intensit\u0103\u021bii luminoase.<br \/>\nDin acest motiv, fotorezisten\u0163\u0103 este frecvent folosit\u0103 ca senzor pentru m\u0103surarea intensit\u0103\u021bii luminoase.<br \/>\n<a href=\"http:\/\/roboromania.ro\/wp-content\/uploads\/2015\/11\/Modul-nou-Photoresistor-roboromania.jpg\"><img loading=\"lazy\" decoding=\"async\" class=\"alignnone size-medium wp-image-1574\" src=\"http:\/\/roboromania.ro\/wp-content\/uploads\/2015\/11\/Modul-nou-Photoresistor-roboromania-300x258.jpg\" alt=\"Modul-nou-Photoresistor-roboromania\" width=\"300\" height=\"258\" srcset=\"https:\/\/roboromania.ro\/wp-content\/uploads\/2015\/11\/Modul-nou-Photoresistor-roboromania-300x258.jpg 300w, https:\/\/roboromania.ro\/wp-content\/uploads\/2015\/11\/Modul-nou-Photoresistor-roboromania.jpg 360w\" sizes=\"auto, (max-width: 300px) 100vw, 300px\" \/><\/a><br \/>\nCaracteristici :<br \/>\nModel: 5mm<br \/>\nTensiune (VCC): 5V<br \/>\nTemperatur\u0103 (\u00b0C): -30 &#8211; +70<br \/>\nSpectrum Peak Value (nm): 540<br \/>\nBright Resistance (10Lux) (KO): 10-20<br \/>\nDark Resistance (MO): 1<br \/>\nResponse Time (ms): Up: 20\/ Down: 30<\/p>\n<p>Arduino projects.<\/p>\n","protected":false},"excerpt":{"rendered":"<p>Modul cu Photorezistor pentru proiecte tip Arduino<br \/>\nArduino projects.<\/p>\n","protected":false},"featured_media":1575,"comment_status":"open","ping_status":"closed","template":"","meta":[],"product_brand":[],"product_cat":[9,15],"product_tag":[7,216,77,215],"class_list":{"0":"post-668","1":"product","2":"type-product","3":"status-publish","4":"has-post-thumbnail","6":"product_cat-senzori","7":"product_cat-module","8":"product_tag-arduino","9":"product_tag-fotorezistenta","10":"product_tag-modul","11":"product_tag-photorezistor","13":"first","14":"instock","15":"shipping-taxable","16":"purchasable","17":"product-type-simple"},"_links":{"self":[{"href":"https:\/\/roboromania.ro\/index.php?rest_route=\/wp\/v2\/product\/668","targetHints":{"allow":["GET"]}}],"collection":[{"href":"https:\/\/roboromania.ro\/index.php?rest_route=\/wp\/v2\/product"}],"about":[{"href":"https:\/\/roboromania.ro\/index.php?rest_route=\/wp\/v2\/types\/product"}],"replies":[{"embeddable":true,"href":"https:\/\/roboromania.ro\/index.php?rest_route=%2Fwp%2Fv2%2Fcomments&post=668"}],"wp:featuredmedia":[{"embeddable":true,"href":"https:\/\/roboromania.ro\/index.php?rest_route=\/wp\/v2\/media\/1575"}],"wp:attachment":[{"href":"https:\/\/roboromania.ro\/index.php?rest_route=%2Fwp%2Fv2%2Fmedia&parent=668"}],"wp:term":[{"taxonomy":"product_brand","embeddable":true,"href":"https:\/\/roboromania.ro\/index.php?rest_route=%2Fwp%2Fv2%2Fproduct_brand&post=668"},{"taxonomy":"product_cat","embeddable":true,"href":"https:\/\/roboromania.ro\/index.php?rest_route=%2Fwp%2Fv2%2Fproduct_cat&post=668"},{"taxonomy":"product_tag","embeddable":true,"href":"https:\/\/roboromania.ro\/index.php?rest_route=%2Fwp%2Fv2%2Fproduct_tag&post=668"}],"curies":[{"name":"wp","href":"https:\/\/api.w.org\/{rel}","templated":true}]}}