{"id":6342,"date":"2019-06-26T10:09:45","date_gmt":"2019-06-26T07:09:45","guid":{"rendered":"http:\/\/roboromania.ro\/produs\/modul-photorezistor-134b-pentru-proiecte-arduino\/"},"modified":"2026-01-16T18:50:19","modified_gmt":"2026-01-16T15:50:19","slug":"modul-photorezistor-134b-pentru-proiecte-arduino","status":"publish","type":"product","link":"https:\/\/roboromania.ro\/?product=modul-photorezistor-134b-pentru-proiecte-arduino","title":{"rendered":"Modul Photorezistor (134B) pentru proiecte Arduino"},"content":{"rendered":"<p>Modulul cu fotorezisten\u0163\u0103. Fotorezisten\u0163a GL5528 de 5mm este un senzor de lumina tip photoresistor usor de folosit \u00een proiectele arduino.<br \/>\nEste o fotorezisten\u0163\u0103 a carei valoare este foarte sensibil\u0103 la modific\u0103rile intensit\u0103\u021bii luminoase.<br \/>\nDin acest motiv, fotorezisten\u0163\u0103 este frecvent folosit\u0103 ca senzor pentru m\u0103surarea intensit\u0103\u021bii luminoase.<br \/>\n<a href=\"http:\/\/roboromania.ro\/wp-content\/uploads\/2019\/06\/Modul-GL5528-robo.jpg\"><img loading=\"lazy\" decoding=\"async\" class=\"alignnone size-medium wp-image-6344\" src=\"http:\/\/roboromania.ro\/wp-content\/uploads\/2019\/06\/Modul-GL5528-robo-300x243.jpg\" alt=\"modul-gl5528-robo\" width=\"300\" height=\"243\" srcset=\"https:\/\/roboromania.ro\/wp-content\/uploads\/2019\/06\/Modul-GL5528-robo-300x243.jpg 300w, https:\/\/roboromania.ro\/wp-content\/uploads\/2019\/06\/Modul-GL5528-robo.jpg 400w\" sizes=\"auto, (max-width: 300px) 100vw, 300px\" \/><\/a><br \/>\nCaracteristici :<br \/>\nModel: 5mm<br \/>\nTensiune (VCC): 5V<br \/>\nTemperatur\u0103 (\u00b0C): -30 &#8211; +70<br \/>\nSpectrum Peak Value (nm): 540<br \/>\nBright Resistance (10Lux) (KO): 10-20<br \/>\nDark Resistance (MO): 1<br \/>\nResponse Time (ms): Up: 20\/ Down: 30<\/p>\n<p><a href=\"https:\/\/roboromania.ro\/wp-content\/uploads\/2019\/06\/geekcreit-photo-resistor-sensor-module-pinout.jpg\"><img loading=\"lazy\" decoding=\"async\" class=\"alignnone size-medium wp-image-8037\" src=\"https:\/\/roboromania.ro\/wp-content\/uploads\/2019\/06\/geekcreit-photo-resistor-sensor-module-pinout-300x228.jpg\" alt=\"geekcreit-photo-resistor-sensor-module-pinout\" width=\"300\" height=\"228\" srcset=\"https:\/\/roboromania.ro\/wp-content\/uploads\/2019\/06\/geekcreit-photo-resistor-sensor-module-pinout-300x228.jpg 300w, https:\/\/roboromania.ro\/wp-content\/uploads\/2019\/06\/geekcreit-photo-resistor-sensor-module-pinout.jpg 409w\" sizes=\"auto, (max-width: 300px) 100vw, 300px\" \/><\/a><a href=\"https:\/\/roboromania.ro\/wp-content\/uploads\/2019\/06\/Arduino_KY-018_Keyes_photoresistor_module_connection_diagram.png\"><img loading=\"lazy\" decoding=\"async\" class=\"alignnone size-medium wp-image-8039\" src=\"https:\/\/roboromania.ro\/wp-content\/uploads\/2019\/06\/Arduino_KY-018_Keyes_photoresistor_module_connection_diagram-300x162.png\" alt=\"arduino_ky-018_keyes_photoresistor_module_connection_diagram\" width=\"300\" height=\"162\" srcset=\"https:\/\/roboromania.ro\/wp-content\/uploads\/2019\/06\/Arduino_KY-018_Keyes_photoresistor_module_connection_diagram-300x162.png 300w, https:\/\/roboromania.ro\/wp-content\/uploads\/2019\/06\/Arduino_KY-018_Keyes_photoresistor_module_connection_diagram-1024x552.png 1024w, https:\/\/roboromania.ro\/wp-content\/uploads\/2019\/06\/Arduino_KY-018_Keyes_photoresistor_module_connection_diagram.png 1659w\" sizes=\"auto, (max-width: 300px) 100vw, 300px\" \/><\/a><\/p>\n<p>cod:<\/p>\n<pre class=\"line-numbers language-arduino\"><code class=\" language-arduino\"><span class=\"token keyword\">int<\/span> sensorPin <span class=\"token operator\">=<\/span> A<span class=\"token number\">2<\/span><span class=\"token punctuation\">;<\/span><span class=\"token comment\" spellcheck=\"true\"> \/\/define analog pin A2\r\n<\/span><span class=\"token keyword\">int<\/span> value <span class=\"token operator\">=<\/span> <span class=\"token number\">0<\/span><span class=\"token punctuation\">;<\/span> \r\n\r\n<span class=\"token keyword\">void<\/span> <span class=\"token important\">setup<\/span><span class=\"token punctuation\">(<\/span><span class=\"token punctuation\">)<\/span> <span class=\"token punctuation\">{<\/span>\r\n\t<span class=\"token attr-value\">Serial<\/span><span class=\"token punctuation\">.<\/span><span class=\"token selector\">begin<\/span><span class=\"token punctuation\">(<\/span><span class=\"token number\">9600<\/span><span class=\"token punctuation\">)<\/span><span class=\"token punctuation\">;<\/span> \r\n<span class=\"token punctuation\">}<\/span> \r\n\r\n<span class=\"token keyword\">void<\/span> <span class=\"token important\">loop<\/span><span class=\"token punctuation\">(<\/span><span class=\"token punctuation\">)<\/span> <span class=\"token punctuation\">{<\/span>\r\n\tvalue <span class=\"token operator\">=<\/span> <span class=\"token selector\">analogRead<\/span><span class=\"token punctuation\">(<\/span>sensorPin<span class=\"token punctuation\">)<\/span><span class=\"token punctuation\">;<\/span> \r\n\t<span class=\"token attr-value\">Serial<\/span><span class=\"token punctuation\">.<\/span><span class=\"token selector\">println<\/span><span class=\"token punctuation\">(<\/span>value<span class=\"token punctuation\">,<\/span> DEC<span class=\"token punctuation\">)<\/span><span class=\"token punctuation\">;<\/span><span class=\"token comment\" spellcheck=\"true\"> \/\/ light intensity\r\n<\/span>\t\t\t\t    <span class=\"token comment\" spellcheck=\"true\">\/\/ high values for bright environment\r\n<\/span>\t\t\t\t    <span class=\"token comment\" spellcheck=\"true\">\/\/ low values for dark environment\r\n<\/span>\t<span class=\"token selector\">delay<\/span><span class=\"token punctuation\">(<\/span><span class=\"token number\">1000<\/span><span class=\"token punctuation\">)<\/span><span class=\"token punctuation\">;<\/span> \r\n<span class=\"token punctuation\">}<\/span><\/code><\/pre>\n<p>Arduino projects.<\/p>\n","protected":false},"excerpt":{"rendered":"<p>Modul cu Photorezistor pentru proiecte tip Arduino<br \/>\nArduino projects.<\/p>\n","protected":false},"featured_media":6343,"comment_status":"open","ping_status":"closed","template":"","meta":[],"product_brand":[],"product_cat":[9,15],"product_tag":[7,216,77,215],"class_list":{"0":"post-6342","1":"product","2":"type-product","3":"status-publish","4":"has-post-thumbnail","6":"product_cat-senzori","7":"product_cat-module","8":"product_tag-arduino","9":"product_tag-fotorezistenta","10":"product_tag-modul","11":"product_tag-photorezistor","13":"first","14":"instock","15":"shipping-taxable","16":"purchasable","17":"product-type-simple"},"_links":{"self":[{"href":"https:\/\/roboromania.ro\/index.php?rest_route=\/wp\/v2\/product\/6342","targetHints":{"allow":["GET"]}}],"collection":[{"href":"https:\/\/roboromania.ro\/index.php?rest_route=\/wp\/v2\/product"}],"about":[{"href":"https:\/\/roboromania.ro\/index.php?rest_route=\/wp\/v2\/types\/product"}],"replies":[{"embeddable":true,"href":"https:\/\/roboromania.ro\/index.php?rest_route=%2Fwp%2Fv2%2Fcomments&post=6342"}],"wp:featuredmedia":[{"embeddable":true,"href":"https:\/\/roboromania.ro\/index.php?rest_route=\/wp\/v2\/media\/6343"}],"wp:attachment":[{"href":"https:\/\/roboromania.ro\/index.php?rest_route=%2Fwp%2Fv2%2Fmedia&parent=6342"}],"wp:term":[{"taxonomy":"product_brand","embeddable":true,"href":"https:\/\/roboromania.ro\/index.php?rest_route=%2Fwp%2Fv2%2Fproduct_brand&post=6342"},{"taxonomy":"product_cat","embeddable":true,"href":"https:\/\/roboromania.ro\/index.php?rest_route=%2Fwp%2Fv2%2Fproduct_cat&post=6342"},{"taxonomy":"product_tag","embeddable":true,"href":"https:\/\/roboromania.ro\/index.php?rest_route=%2Fwp%2Fv2%2Fproduct_tag&post=6342"}],"curies":[{"name":"wp","href":"https:\/\/api.w.org\/{rel}","templated":true}]}}