{"id":6324,"date":"2019-06-25T18:35:51","date_gmt":"2019-06-25T15:35:51","guid":{"rendered":"http:\/\/roboromania.ro\/produs\/voltampermetru-dual-display-lcd-albastru-rosu-445\/"},"modified":"2024-01-27T09:47:49","modified_gmt":"2024-01-27T06:47:49","slug":"voltampermetru-dual-display-lcd-albastru-rosu-445","status":"publish","type":"product","link":"https:\/\/roboromania.ro\/?product=voltampermetru-dual-display-lcd-albastru-rosu-445","title":{"rendered":"VoltAmpermetru Dual Display LCD albastru-rosu (445)"},"content":{"rendered":"<p>VoltAmpermetru Dual Display LCD albastru-rosu<\/p>\n<p><a href=\"http:\/\/roboromania.ro\/wp-content\/uploads\/2019\/06\/Digital-Voltmeter-Ammeter-DC-100V-10A-Tester-0-28-Red-roboromania.jpg\"><img loading=\"lazy\" decoding=\"async\" class=\"alignnone size-medium wp-image-6326\" src=\"http:\/\/roboromania.ro\/wp-content\/uploads\/2019\/06\/Digital-Voltmeter-Ammeter-DC-100V-10A-Tester-0-28-Red-roboromania-300x197.jpg\" alt=\"digital-voltmeter-ammeter-dc-100v-10a-tester-0-28-red-roboromania\" width=\"300\" height=\"197\" srcset=\"https:\/\/roboromania.ro\/wp-content\/uploads\/2019\/06\/Digital-Voltmeter-Ammeter-DC-100V-10A-Tester-0-28-Red-roboromania-300x197.jpg 300w, https:\/\/roboromania.ro\/wp-content\/uploads\/2019\/06\/Digital-Voltmeter-Ammeter-DC-100V-10A-Tester-0-28-Red-roboromania.jpg 684w\" sizes=\"auto, (max-width: 300px) 100vw, 300px\" \/><\/a><\/p>\n<p><span id=\"result_box\" class=\"\" lang=\"ro\"><span class=\"tlid-translation translation\" lang=\"ro\"><span title=\"\">Descriere<\/span><br \/>\n<span title=\"\">Dimensiuni: 48mm x 29mm x 26mm.<\/span><br \/>\n<span title=\"\">Culoarea afi\u0219ajului: LED-ul ro\u0219u \u0219i albastru (afi\u0219aj dual).<\/span><br \/>\n<span title=\"\">Afi\u0219aj: LED digital de 0,28 &#8222;.<\/span><br \/>\n<span title=\"\">Tensiune de lucru: DC 4.5 ~ 30V.<\/span><br \/>\n<span class=\"\" title=\"\">Tensiunea m\u0103surat\u0103: DC 0 ~ 100V.<\/span><br \/>\n<span class=\"\" title=\"\">Rezolu\u021bia minim\u0103 (V): 0.1V.<\/span><br \/>\n<span class=\"\" title=\"\">Rata de actualizare: \u2265500ms \/ ori.<\/span><br \/>\n<span class=\"\" title=\"\">Acurate\u021bea m\u0103sur\u0103torii: 1% (\u00b1 1 cifr\u0103).<\/span><br \/>\n<span class=\"\" title=\"\">Rezolu\u021bia minim\u0103 (A): 0,01 A.<\/span><br \/>\n<span class=\"\" title=\"\">Curent de func\u021bionare: &lt;20mA.<\/span><br \/>\n<span class=\"\" title=\"\">M\u0103surare curent: 10A (m\u0103surare direct\u0103, \u0219unt \u00eencorporat).<\/span><\/span><br \/>\n<\/span><\/p>\n<p><a href=\"http:\/\/roboromania.ro\/wp-content\/uploads\/2019\/06\/Digital-Voltmeter-Ammeter-DC-100V-10A-Tester-0-28-Red-roboromania-circuit.jpg\"><img loading=\"lazy\" decoding=\"async\" class=\"alignnone size-medium wp-image-6327\" src=\"http:\/\/roboromania.ro\/wp-content\/uploads\/2019\/06\/Digital-Voltmeter-Ammeter-DC-100V-10A-Tester-0-28-Red-roboromania-circuit-300x244.jpg\" alt=\"digital-voltmeter-ammeter-dc-100v-10a-tester-0-28-red-roboromania-circuit\" width=\"300\" height=\"244\" srcset=\"https:\/\/roboromania.ro\/wp-content\/uploads\/2019\/06\/Digital-Voltmeter-Ammeter-DC-100V-10A-Tester-0-28-Red-roboromania-circuit-300x244.jpg 300w, https:\/\/roboromania.ro\/wp-content\/uploads\/2019\/06\/Digital-Voltmeter-Ammeter-DC-100V-10A-Tester-0-28-Red-roboromania-circuit.jpg 700w\" sizes=\"auto, (max-width: 300px) 100vw, 300px\" \/><\/a><a href=\"http:\/\/roboromania.ro\/wp-content\/uploads\/2019\/06\/Digital-Voltmeter-Ammeter-DC-100V-10A-Tester-0-28-Red-roboromania-fa.jpg\"><img loading=\"lazy\" decoding=\"async\" class=\"alignnone size-medium wp-image-6328\" src=\"http:\/\/roboromania.ro\/wp-content\/uploads\/2019\/06\/Digital-Voltmeter-Ammeter-DC-100V-10A-Tester-0-28-Red-roboromania-fa-300x300.jpg\" alt=\"digital-voltmeter-ammeter-dc-100v-10a-tester-0-28-red-roboromania-fa\" width=\"300\" height=\"300\" srcset=\"https:\/\/roboromania.ro\/wp-content\/uploads\/2019\/06\/Digital-Voltmeter-Ammeter-DC-100V-10A-Tester-0-28-Red-roboromania-fa-300x300.jpg 300w, https:\/\/roboromania.ro\/wp-content\/uploads\/2019\/06\/Digital-Voltmeter-Ammeter-DC-100V-10A-Tester-0-28-Red-roboromania-fa-150x150.jpg 150w, https:\/\/roboromania.ro\/wp-content\/uploads\/2019\/06\/Digital-Voltmeter-Ammeter-DC-100V-10A-Tester-0-28-Red-roboromania-fa-180x180.jpg 180w, https:\/\/roboromania.ro\/wp-content\/uploads\/2019\/06\/Digital-Voltmeter-Ammeter-DC-100V-10A-Tester-0-28-Red-roboromania-fa.jpg 400w\" sizes=\"auto, (max-width: 300px) 100vw, 300px\" \/><\/a><a href=\"http:\/\/roboromania.ro\/wp-content\/uploads\/2019\/06\/Digital-Voltmeter-Ammeter-DC-100V-10A-Tester-0-28-Red-roboromania-sp.jpg\"><img loading=\"lazy\" decoding=\"async\" class=\"alignnone size-medium wp-image-6329\" src=\"http:\/\/roboromania.ro\/wp-content\/uploads\/2019\/06\/Digital-Voltmeter-Ammeter-DC-100V-10A-Tester-0-28-Red-roboromania-sp-300x190.jpg\" alt=\"digital-voltmeter-ammeter-dc-100v-10a-tester-0-28-red-roboromania-sp\" width=\"300\" height=\"190\" srcset=\"https:\/\/roboromania.ro\/wp-content\/uploads\/2019\/06\/Digital-Voltmeter-Ammeter-DC-100V-10A-Tester-0-28-Red-roboromania-sp-300x190.jpg 300w, https:\/\/roboromania.ro\/wp-content\/uploads\/2019\/06\/Digital-Voltmeter-Ammeter-DC-100V-10A-Tester-0-28-Red-roboromania-sp.jpg 570w\" sizes=\"auto, (max-width: 300px) 100vw, 300px\" \/><\/a><\/p>\n","protected":false},"excerpt":{"rendered":"<p>VoltAmpermetru Dual Display LCD albastru-rosu Descriere Dimensiuni: 48mm x 29mm x 26mm. Culoarea afi\u0219ajului: LED-ul ro\u0219u \u0219i albastru (afi\u0219aj dual). Afi\u0219aj: LED digital de 0,28 &#8222;. Tensiune de lucru: DC 4.5 ~ 30V. Tensiunea m\u0103surat\u0103: DC 0 ~ 100V. Rezolu\u021bia minim\u0103 (V): 0.1V. Rata de actualizare: \u2265500ms \/ ori. Acurate\u021bea m\u0103sur\u0103torii: 1% (\u00b1 1 cifr\u0103). [&hellip;]<\/p>\n","protected":false},"featured_media":6330,"comment_status":"open","ping_status":"closed","template":"","meta":[],"product_brand":[],"product_cat":[289,235],"product_tag":[103,266,56],"class_list":{"0":"post-6324","1":"product","2":"type-product","3":"status-publish","4":"has-post-thumbnail","6":"product_cat-unelte-si-scule","7":"product_cat-altele","8":"product_tag-digital","9":"product_tag-tester","10":"product_tag-usb","12":"first","13":"onbackorder","14":"shipping-taxable","15":"purchasable","16":"product-type-simple"},"_links":{"self":[{"href":"https:\/\/roboromania.ro\/index.php?rest_route=\/wp\/v2\/product\/6324","targetHints":{"allow":["GET"]}}],"collection":[{"href":"https:\/\/roboromania.ro\/index.php?rest_route=\/wp\/v2\/product"}],"about":[{"href":"https:\/\/roboromania.ro\/index.php?rest_route=\/wp\/v2\/types\/product"}],"replies":[{"embeddable":true,"href":"https:\/\/roboromania.ro\/index.php?rest_route=%2Fwp%2Fv2%2Fcomments&post=6324"}],"wp:featuredmedia":[{"embeddable":true,"href":"https:\/\/roboromania.ro\/index.php?rest_route=\/wp\/v2\/media\/6330"}],"wp:attachment":[{"href":"https:\/\/roboromania.ro\/index.php?rest_route=%2Fwp%2Fv2%2Fmedia&parent=6324"}],"wp:term":[{"taxonomy":"product_brand","embeddable":true,"href":"https:\/\/roboromania.ro\/index.php?rest_route=%2Fwp%2Fv2%2Fproduct_brand&post=6324"},{"taxonomy":"product_cat","embeddable":true,"href":"https:\/\/roboromania.ro\/index.php?rest_route=%2Fwp%2Fv2%2Fproduct_cat&post=6324"},{"taxonomy":"product_tag","embeddable":true,"href":"https:\/\/roboromania.ro\/index.php?rest_route=%2Fwp%2Fv2%2Fproduct_tag&post=6324"}],"curies":[{"name":"wp","href":"https:\/\/api.w.org\/{rel}","templated":true}]}}