{"id":617,"date":"2015-11-09T20:31:35","date_gmt":"2015-11-09T17:31:35","guid":{"rendered":"http:\/\/arduinoshop.ro\/index.php\/produs\/placa-prototip-5x7-cm-pentru-proiecte-arduino\/"},"modified":"2023-09-25T16:20:59","modified_gmt":"2023-09-25T13:20:59","slug":"placa-prototip-5x7-cm","status":"publish","type":"product","link":"https:\/\/roboromania.ro\/?product=placa-prototip-5x7-cm","title":{"rendered":"Plac\u0103 prototip 5&#215;7 cm"},"content":{"rendered":"<p>Plac\u0103 prototip 5&#215;7 cm Compatibil Arduino<br \/>\nEste o plac\u0103 imprimat\u0103 cu dimensiunile 5 x 7 cm, cu g\u0103uri la pas de 2,54 mm pentru realizarea diferitelor proiecte tip Arduino.<\/p>\n<p><a href=\"http:\/\/roboromania.ro\/wp-content\/uploads\/2015\/11\/5x7-robo-simplu.jpg\"><img loading=\"lazy\" decoding=\"async\" class=\"alignnone size-medium wp-image-6057\" src=\"http:\/\/roboromania.ro\/wp-content\/uploads\/2015\/11\/5x7-robo-simplu-300x245.jpg\" alt=\"5x7-robo-simplu\" width=\"300\" height=\"245\" srcset=\"https:\/\/roboromania.ro\/wp-content\/uploads\/2015\/11\/5x7-robo-simplu-300x245.jpg 300w, https:\/\/roboromania.ro\/wp-content\/uploads\/2015\/11\/5x7-robo-simplu.jpg 800w\" sizes=\"auto, (max-width: 300px) 100vw, 300px\" \/><\/a><\/p>\n","protected":false},"excerpt":{"rendered":"<p>Placa prototip 5&#215;7 cm Compatibil Arduino<\/p>\n","protected":false},"featured_media":6058,"comment_status":"open","ping_status":"closed","template":"","meta":[],"product_brand":[],"product_cat":[211],"product_tag":[7,16,200,197,198,199],"class_list":{"0":"post-617","1":"product","2":"type-product","3":"status-publish","4":"has-post-thumbnail","6":"product_cat-placi-prototip","7":"product_tag-arduino","8":"product_tag-module","9":"product_tag-pcb","10":"product_tag-placa","11":"product_tag-prototip","12":"product_tag-prototype","14":"first","15":"instock","16":"shipping-taxable","17":"purchasable","18":"product-type-simple"},"_links":{"self":[{"href":"https:\/\/roboromania.ro\/index.php?rest_route=\/wp\/v2\/product\/617","targetHints":{"allow":["GET"]}}],"collection":[{"href":"https:\/\/roboromania.ro\/index.php?rest_route=\/wp\/v2\/product"}],"about":[{"href":"https:\/\/roboromania.ro\/index.php?rest_route=\/wp\/v2\/types\/product"}],"replies":[{"embeddable":true,"href":"https:\/\/roboromania.ro\/index.php?rest_route=%2Fwp%2Fv2%2Fcomments&post=617"}],"wp:featuredmedia":[{"embeddable":true,"href":"https:\/\/roboromania.ro\/index.php?rest_route=\/wp\/v2\/media\/6058"}],"wp:attachment":[{"href":"https:\/\/roboromania.ro\/index.php?rest_route=%2Fwp%2Fv2%2Fmedia&parent=617"}],"wp:term":[{"taxonomy":"product_brand","embeddable":true,"href":"https:\/\/roboromania.ro\/index.php?rest_route=%2Fwp%2Fv2%2Fproduct_brand&post=617"},{"taxonomy":"product_cat","embeddable":true,"href":"https:\/\/roboromania.ro\/index.php?rest_route=%2Fwp%2Fv2%2Fproduct_cat&post=617"},{"taxonomy":"product_tag","embeddable":true,"href":"https:\/\/roboromania.ro\/index.php?rest_route=%2Fwp%2Fv2%2Fproduct_tag&post=617"}],"curies":[{"name":"wp","href":"https:\/\/api.w.org\/{rel}","templated":true}]}}