{"id":615,"date":"2015-11-09T20:28:59","date_gmt":"2015-11-09T17:28:59","guid":{"rendered":"http:\/\/arduinoshop.ro\/?post_type=product&#038;p=615"},"modified":"2019-05-06T11:20:47","modified_gmt":"2019-05-06T08:20:47","slug":"placa-prototip-3x7-cm","status":"publish","type":"product","link":"https:\/\/roboromania.ro\/?product=placa-prototip-3x7-cm","title":{"rendered":"Plac\u0103 prototip 3&#215;7 cm Dubluplacata"},"content":{"rendered":"<p>Plac\u0103 prototip 3&#215;7 cm Compatibil Arduino<br \/>\nEste o plac\u0103 imprimat\u0103 cu dimensiunile 3 x 7 cm, cu g\u0103uri la pas de 2,54 mm pentru realizarea diferitelor proiecte tip Arduino.<\/p>\n<p><a href=\"http:\/\/roboromania.ro\/wp-content\/uploads\/2015\/11\/Placa-prototip-3x7-cm-roboromania.jpg\"><img loading=\"lazy\" decoding=\"async\" class=\"alignnone size-full wp-image-937\" src=\"http:\/\/roboromania.ro\/wp-content\/uploads\/2015\/11\/Placa-prototip-3x7-cm-roboromania.jpg\" alt=\"Placa-prototip-3x7-cm-roboromania\" width=\"100\" height=\"100\" \/><\/a><\/p>\n","protected":false},"excerpt":{"rendered":"<p>Placa prototip 3&#215;7 cm Compatibil Arduino<\/p>\n","protected":false},"featured_media":937,"comment_status":"open","ping_status":"closed","template":"","meta":[],"product_brand":[],"product_cat":[211],"product_tag":[7,16,200,197,198,199],"class_list":{"0":"post-615","1":"product","2":"type-product","3":"status-publish","4":"has-post-thumbnail","6":"product_cat-placi-prototip","7":"product_tag-arduino","8":"product_tag-module","9":"product_tag-pcb","10":"product_tag-placa","11":"product_tag-prototip","12":"product_tag-prototype","14":"first","15":"instock","16":"shipping-taxable","17":"purchasable","18":"product-type-simple"},"_links":{"self":[{"href":"https:\/\/roboromania.ro\/index.php?rest_route=\/wp\/v2\/product\/615","targetHints":{"allow":["GET"]}}],"collection":[{"href":"https:\/\/roboromania.ro\/index.php?rest_route=\/wp\/v2\/product"}],"about":[{"href":"https:\/\/roboromania.ro\/index.php?rest_route=\/wp\/v2\/types\/product"}],"replies":[{"embeddable":true,"href":"https:\/\/roboromania.ro\/index.php?rest_route=%2Fwp%2Fv2%2Fcomments&post=615"}],"wp:featuredmedia":[{"embeddable":true,"href":"https:\/\/roboromania.ro\/index.php?rest_route=\/wp\/v2\/media\/937"}],"wp:attachment":[{"href":"https:\/\/roboromania.ro\/index.php?rest_route=%2Fwp%2Fv2%2Fmedia&parent=615"}],"wp:term":[{"taxonomy":"product_brand","embeddable":true,"href":"https:\/\/roboromania.ro\/index.php?rest_route=%2Fwp%2Fv2%2Fproduct_brand&post=615"},{"taxonomy":"product_cat","embeddable":true,"href":"https:\/\/roboromania.ro\/index.php?rest_route=%2Fwp%2Fv2%2Fproduct_cat&post=615"},{"taxonomy":"product_tag","embeddable":true,"href":"https:\/\/roboromania.ro\/index.php?rest_route=%2Fwp%2Fv2%2Fproduct_tag&post=615"}],"curies":[{"name":"wp","href":"https:\/\/api.w.org\/{rel}","templated":true}]}}