{"id":6059,"date":"2019-05-06T11:14:03","date_gmt":"2019-05-06T08:14:03","guid":{"rendered":"http:\/\/roboromania.ro\/produs\/placa-prototip-5x7-cm-dubluplacata\/"},"modified":"2019-05-06T11:18:00","modified_gmt":"2019-05-06T08:18:00","slug":"placa-prototip-5x7-cm-dubluplacata","status":"publish","type":"product","link":"https:\/\/roboromania.ro\/?product=placa-prototip-5x7-cm-dubluplacata","title":{"rendered":"Plac\u0103 prototip 5&#215;7 cm Dubluplacata"},"content":{"rendered":"<p>Plac\u0103 prototip 5&#215;7 cm Compatibil Arduino<br \/>\nEste o plac\u0103 imprimat\u0103 cu dimensiunile 5 x 7 cm, cu g\u0103uri la pas de 2,54 mm pentru realizarea diferitelor proiecte tip Arduino.<\/p>\n<p><a href=\"http:\/\/roboromania.ro\/wp-content\/uploads\/2015\/11\/Placa-prototip-5x7-cm-GREEN-roboromania.jpg\"><img loading=\"lazy\" decoding=\"async\" class=\"alignnone size-medium wp-image-3066\" src=\"http:\/\/roboromania.ro\/wp-content\/uploads\/2015\/11\/Placa-prototip-5x7-cm-GREEN-roboromania-300x219.jpg\" alt=\"placa-prototip-5x7-cm-green-roboromania\" width=\"300\" height=\"219\" srcset=\"https:\/\/roboromania.ro\/wp-content\/uploads\/2015\/11\/Placa-prototip-5x7-cm-GREEN-roboromania-300x219.jpg 300w, https:\/\/roboromania.ro\/wp-content\/uploads\/2015\/11\/Placa-prototip-5x7-cm-GREEN-roboromania.jpg 500w\" sizes=\"auto, (max-width: 300px) 100vw, 300px\" \/><\/a><\/p>\n","protected":false},"excerpt":{"rendered":"<p>Placa prototip 5&#215;7 cm Compatibil Arduino<\/p>\n","protected":false},"featured_media":3067,"comment_status":"open","ping_status":"closed","template":"","meta":[],"product_brand":[],"product_cat":[211],"product_tag":[7,16,200,197,198,199],"class_list":{"0":"post-6059","1":"product","2":"type-product","3":"status-publish","4":"has-post-thumbnail","6":"product_cat-placi-prototip","7":"product_tag-arduino","8":"product_tag-module","9":"product_tag-pcb","10":"product_tag-placa","11":"product_tag-prototip","12":"product_tag-prototype","14":"first","15":"instock","16":"shipping-taxable","17":"purchasable","18":"product-type-simple"},"_links":{"self":[{"href":"https:\/\/roboromania.ro\/index.php?rest_route=\/wp\/v2\/product\/6059","targetHints":{"allow":["GET"]}}],"collection":[{"href":"https:\/\/roboromania.ro\/index.php?rest_route=\/wp\/v2\/product"}],"about":[{"href":"https:\/\/roboromania.ro\/index.php?rest_route=\/wp\/v2\/types\/product"}],"replies":[{"embeddable":true,"href":"https:\/\/roboromania.ro\/index.php?rest_route=%2Fwp%2Fv2%2Fcomments&post=6059"}],"wp:featuredmedia":[{"embeddable":true,"href":"https:\/\/roboromania.ro\/index.php?rest_route=\/wp\/v2\/media\/3067"}],"wp:attachment":[{"href":"https:\/\/roboromania.ro\/index.php?rest_route=%2Fwp%2Fv2%2Fmedia&parent=6059"}],"wp:term":[{"taxonomy":"product_brand","embeddable":true,"href":"https:\/\/roboromania.ro\/index.php?rest_route=%2Fwp%2Fv2%2Fproduct_brand&post=6059"},{"taxonomy":"product_cat","embeddable":true,"href":"https:\/\/roboromania.ro\/index.php?rest_route=%2Fwp%2Fv2%2Fproduct_cat&post=6059"},{"taxonomy":"product_tag","embeddable":true,"href":"https:\/\/roboromania.ro\/index.php?rest_route=%2Fwp%2Fv2%2Fproduct_tag&post=6059"}],"curies":[{"name":"wp","href":"https:\/\/api.w.org\/{rel}","templated":true}]}}