{"id":6055,"date":"2019-05-06T11:03:05","date_gmt":"2019-05-06T08:03:05","guid":{"rendered":"http:\/\/roboromania.ro\/produs\/placa-prototip-9x15-cm-compatibil-arduino\/"},"modified":"2019-05-06T11:18:39","modified_gmt":"2019-05-06T08:18:39","slug":"placa-prototip-9x15-cm-compatibil-arduino","status":"publish","type":"product","link":"https:\/\/roboromania.ro\/?product=placa-prototip-9x15-cm-compatibil-arduino","title":{"rendered":"Plac\u0103 prototip 9&#215;15 cm"},"content":{"rendered":"<p>Plac\u0103 prototip 9&#215;15 cm PLACATA PE O PARTE<br \/>\nEste o plac\u0103 imprimat\u0103 cu dimensiunile 9 x 15 cm, cu g\u0103uri la pas de 2,54 mm pentru realizarea diferitelor proiecte compatibile Arduino.<\/p>\n<p><a href=\"http:\/\/roboromania.ro\/wp-content\/uploads\/2015\/11\/Placa-prototip-9x15-cm-GREEN-roboromania.jpg\"><img loading=\"lazy\" decoding=\"async\" class=\"alignnone size-medium wp-image-3068\" src=\"http:\/\/roboromania.ro\/wp-content\/uploads\/2015\/11\/Placa-prototip-9x15-cm-GREEN-roboromania-300x280.jpg\" alt=\"placa-prototip-9x15-cm-green-roboromania\" width=\"300\" height=\"280\" srcset=\"https:\/\/roboromania.ro\/wp-content\/uploads\/2015\/11\/Placa-prototip-9x15-cm-GREEN-roboromania-300x280.jpg 300w, https:\/\/roboromania.ro\/wp-content\/uploads\/2015\/11\/Placa-prototip-9x15-cm-GREEN-roboromania.jpg 390w\" sizes=\"auto, (max-width: 300px) 100vw, 300px\" \/><\/a><a href=\"http:\/\/roboromania.ro\/wp-content\/uploads\/2015\/11\/Placa-prototip-9x15-cm-roboromania.jpg\"><img loading=\"lazy\" decoding=\"async\" class=\"alignnone size-full wp-image-934\" src=\"http:\/\/roboromania.ro\/wp-content\/uploads\/2015\/11\/Placa-prototip-9x15-cm-roboromania.jpg\" alt=\"Placa-prototip-9x15-cm-roboromania\" width=\"140\" height=\"126\" \/><\/a><\/p>\n","protected":false},"excerpt":{"rendered":"<p>Placa prototip 9&#215;15 cm Compatibil Arduino<\/p>\n","protected":false},"featured_media":3069,"comment_status":"open","ping_status":"closed","template":"","meta":[],"product_brand":[],"product_cat":[211],"product_tag":[7,16,200,197,198,199],"class_list":{"0":"post-6055","1":"product","2":"type-product","3":"status-publish","4":"has-post-thumbnail","6":"product_cat-placi-prototip","7":"product_tag-arduino","8":"product_tag-module","9":"product_tag-pcb","10":"product_tag-placa","11":"product_tag-prototip","12":"product_tag-prototype","14":"first","15":"instock","16":"shipping-taxable","17":"purchasable","18":"product-type-simple"},"_links":{"self":[{"href":"https:\/\/roboromania.ro\/index.php?rest_route=\/wp\/v2\/product\/6055","targetHints":{"allow":["GET"]}}],"collection":[{"href":"https:\/\/roboromania.ro\/index.php?rest_route=\/wp\/v2\/product"}],"about":[{"href":"https:\/\/roboromania.ro\/index.php?rest_route=\/wp\/v2\/types\/product"}],"replies":[{"embeddable":true,"href":"https:\/\/roboromania.ro\/index.php?rest_route=%2Fwp%2Fv2%2Fcomments&post=6055"}],"wp:featuredmedia":[{"embeddable":true,"href":"https:\/\/roboromania.ro\/index.php?rest_route=\/wp\/v2\/media\/3069"}],"wp:attachment":[{"href":"https:\/\/roboromania.ro\/index.php?rest_route=%2Fwp%2Fv2%2Fmedia&parent=6055"}],"wp:term":[{"taxonomy":"product_brand","embeddable":true,"href":"https:\/\/roboromania.ro\/index.php?rest_route=%2Fwp%2Fv2%2Fproduct_brand&post=6055"},{"taxonomy":"product_cat","embeddable":true,"href":"https:\/\/roboromania.ro\/index.php?rest_route=%2Fwp%2Fv2%2Fproduct_cat&post=6055"},{"taxonomy":"product_tag","embeddable":true,"href":"https:\/\/roboromania.ro\/index.php?rest_route=%2Fwp%2Fv2%2Fproduct_tag&post=6055"}],"curies":[{"name":"wp","href":"https:\/\/api.w.org\/{rel}","templated":true}]}}