{"id":5877,"date":"2019-04-03T19:28:11","date_gmt":"2019-04-03T16:28:11","guid":{"rendered":"http:\/\/roboromania.ro\/produs\/placa-de-dezvoltare-lilypad-328-placa-de-dezvoltare-compatibila-arduino\/"},"modified":"2025-07-29T17:09:51","modified_gmt":"2025-07-29T14:09:51","slug":"placa-de-dezvoltare-lilypad-328-placa-de-dezvoltare-compatibila-arduino","status":"publish","type":"product","link":"https:\/\/roboromania.ro\/?product=placa-de-dezvoltare-lilypad-328-placa-de-dezvoltare-compatibila-arduino","title":{"rendered":"Plac\u0103 de dezvoltare LilyPad 328 &#8211; Plac\u0103 de dezvoltare compatibil\u0103 Arduino"},"content":{"rendered":"<p>Plac\u0103 de dezvoltare LilyPad 328 &#8211; Plac\u0103 de dezvoltare compatibil\u0103 Arduino<\/p>\n<p><strong><span style=\"color: #0000ff;\">Bootloader arduino uno R3<\/span><\/strong><\/p>\n<p><a href=\"http:\/\/roboromania.ro\/wp-content\/uploads\/2019\/04\/placa-de-dezvoltare-lilypad-arduino-328-roboromania1.jpg\"><img loading=\"lazy\" decoding=\"async\" class=\"alignnone size-medium wp-image-5880\" src=\"http:\/\/roboromania.ro\/wp-content\/uploads\/2019\/04\/placa-de-dezvoltare-lilypad-arduino-328-roboromania1-300x202.jpg\" alt=\"placa-de-dezvoltare-lilypad-arduino-328-roboromania\" width=\"300\" height=\"202\" srcset=\"https:\/\/roboromania.ro\/wp-content\/uploads\/2019\/04\/placa-de-dezvoltare-lilypad-arduino-328-roboromania1-300x202.jpg 300w, https:\/\/roboromania.ro\/wp-content\/uploads\/2019\/04\/placa-de-dezvoltare-lilypad-arduino-328-roboromania1.jpg 700w\" sizes=\"auto, (max-width: 300px) 100vw, 300px\" \/><\/a><a href=\"https:\/\/roboromania.ro\/wp-content\/uploads\/2019\/04\/arduino-lilypad-pinout-1.jpg\"><img loading=\"lazy\" decoding=\"async\" class=\"alignnone size-medium wp-image-9150\" src=\"https:\/\/roboromania.ro\/wp-content\/uploads\/2019\/04\/arduino-lilypad-pinout-1-300x176.jpg\" alt=\"arduino-lilypad-pinout-1\" width=\"300\" height=\"176\" srcset=\"https:\/\/roboromania.ro\/wp-content\/uploads\/2019\/04\/arduino-lilypad-pinout-1-300x176.jpg 300w, https:\/\/roboromania.ro\/wp-content\/uploads\/2019\/04\/arduino-lilypad-pinout-1-1024x601.jpg 1024w, https:\/\/roboromania.ro\/wp-content\/uploads\/2019\/04\/arduino-lilypad-pinout-1.jpg 1432w\" sizes=\"auto, (max-width: 300px) 100vw, 300px\" \/><\/a><a href=\"https:\/\/roboromania.ro\/wp-content\/uploads\/2019\/04\/LilyPad-Arduino-328-USB.jpg\"><img loading=\"lazy\" decoding=\"async\" class=\"alignnone size-medium wp-image-9151\" src=\"https:\/\/roboromania.ro\/wp-content\/uploads\/2019\/04\/LilyPad-Arduino-328-USB-300x169.jpg\" alt=\"LilyPad-Arduino-328-USB\" width=\"300\" height=\"169\" srcset=\"https:\/\/roboromania.ro\/wp-content\/uploads\/2019\/04\/LilyPad-Arduino-328-USB-300x169.jpg 300w, https:\/\/roboromania.ro\/wp-content\/uploads\/2019\/04\/LilyPad-Arduino-328-USB.jpg 1024w\" sizes=\"auto, (max-width: 300px) 100vw, 300px\" \/><\/a><\/p>\n<p>Microcontroller: ATmega328V<br \/>\nTensiune de lucru: 2,7V &#8211; 5,5V<br \/>\nPini I\/O digitali: 14<br \/>\nCanale PWM: 6<br \/>\nIntr\u0103ri analogice: 6<br \/>\nCurent DC maxim\/pin: 40mA<br \/>\nMemorie flash: 32KB<br \/>\nMemorie SRAM 2KB<br \/>\nMemorie EEPROM 1 KB<\/p>\n<p>Frecven\u021b\u0103: 16Mhz<\/p>\n<p><a href=\"http:\/\/roboromania.ro\/wp-content\/uploads\/2019\/04\/placa-de-dezvoltare-lilypad-arduino-328-spate-roboromania.jpg\"><img loading=\"lazy\" decoding=\"async\" class=\"alignnone wp-image-5879\" src=\"http:\/\/roboromania.ro\/wp-content\/uploads\/2019\/04\/placa-de-dezvoltare-lilypad-arduino-328-spate-roboromania-300x300.jpg\" alt=\"placa-de-dezvoltare-lilypad-arduino-328-spate-roboromania\" width=\"169\" height=\"169\" srcset=\"https:\/\/roboromania.ro\/wp-content\/uploads\/2019\/04\/placa-de-dezvoltare-lilypad-arduino-328-spate-roboromania-300x300.jpg 300w, https:\/\/roboromania.ro\/wp-content\/uploads\/2019\/04\/placa-de-dezvoltare-lilypad-arduino-328-spate-roboromania-150x150.jpg 150w, https:\/\/roboromania.ro\/wp-content\/uploads\/2019\/04\/placa-de-dezvoltare-lilypad-arduino-328-spate-roboromania-180x180.jpg 180w, https:\/\/roboromania.ro\/wp-content\/uploads\/2019\/04\/placa-de-dezvoltare-lilypad-arduino-328-spate-roboromania.jpg 600w\" sizes=\"auto, (max-width: 169px) 100vw, 169px\" \/><\/a><\/p>\n","protected":false},"excerpt":{"rendered":"<p>Plac\u0103 de dezvoltare<br \/>\nATmega328 16MHz 5v<\/p>\n","protected":false},"featured_media":5881,"comment_status":"open","ping_status":"closed","template":"","meta":[],"product_brand":[],"product_cat":[6],"product_tag":[7,22,23,25,21],"class_list":{"0":"post-5877","1":"product","2":"type-product","3":"status-publish","4":"has-post-thumbnail","6":"product_cat-placi-de-dezvoltare","7":"product_tag-arduino","8":"product_tag-atmega","9":"product_tag-atmega328","10":"product_tag-mini","11":"product_tag-uno","13":"first","14":"instock","15":"shipping-taxable","16":"purchasable","17":"product-type-simple"},"_links":{"self":[{"href":"https:\/\/roboromania.ro\/index.php?rest_route=\/wp\/v2\/product\/5877","targetHints":{"allow":["GET"]}}],"collection":[{"href":"https:\/\/roboromania.ro\/index.php?rest_route=\/wp\/v2\/product"}],"about":[{"href":"https:\/\/roboromania.ro\/index.php?rest_route=\/wp\/v2\/types\/product"}],"replies":[{"embeddable":true,"href":"https:\/\/roboromania.ro\/index.php?rest_route=%2Fwp%2Fv2%2Fcomments&post=5877"}],"wp:featuredmedia":[{"embeddable":true,"href":"https:\/\/roboromania.ro\/index.php?rest_route=\/wp\/v2\/media\/5881"}],"wp:attachment":[{"href":"https:\/\/roboromania.ro\/index.php?rest_route=%2Fwp%2Fv2%2Fmedia&parent=5877"}],"wp:term":[{"taxonomy":"product_brand","embeddable":true,"href":"https:\/\/roboromania.ro\/index.php?rest_route=%2Fwp%2Fv2%2Fproduct_brand&post=5877"},{"taxonomy":"product_cat","embeddable":true,"href":"https:\/\/roboromania.ro\/index.php?rest_route=%2Fwp%2Fv2%2Fproduct_cat&post=5877"},{"taxonomy":"product_tag","embeddable":true,"href":"https:\/\/roboromania.ro\/index.php?rest_route=%2Fwp%2Fv2%2Fproduct_tag&post=5877"}],"curies":[{"name":"wp","href":"https:\/\/api.w.org\/{rel}","templated":true}]}}