{"id":586,"date":"2015-11-03T18:26:41","date_gmt":"2015-11-03T15:26:41","guid":{"rendered":"http:\/\/arduinoshop.ro\/index.php\/produs\/led-ultra-violet-395-400nm-de-5mm\/"},"modified":"2025-05-12T14:02:25","modified_gmt":"2025-05-12T11:02:25","slug":"led-ultra-violet-395-400nm-de-5mm","status":"publish","type":"product","link":"https:\/\/roboromania.ro\/?product=led-ultra-violet-395-400nm-de-5mm","title":{"rendered":"LED UV Ultra Violet 395-400nm de 5mm"},"content":{"rendered":"<p>Arduino<br \/>\nLED Ultra Violet<br \/>\n5mm<br \/>\nTensiune de alimentare : 2,4v<br \/>\nCurent : 25 mA<br \/>\nTensiune de alimentare maxim\u0103 : 2,9v<br \/>\nATEN\u0162IE : nu dep\u0103\u015fi\u0163i tensiunea maxim\u0103 de alimentare.<br \/>\nLedurile sunt indispensabile pentru proiectele Arduino.<\/p>\n<p><a href=\"https:\/\/roboromania.ro\/wp-content\/uploads\/2015\/11\/led-5mm-verde-transparent-1-1.jpg\"><img loading=\"lazy\" decoding=\"async\" class=\"alignnone size-full wp-image-9778\" src=\"https:\/\/roboromania.ro\/wp-content\/uploads\/2015\/11\/led-5mm-verde-transparent-1-1.jpg\" alt=\"\" width=\"259\" height=\"259\" srcset=\"https:\/\/roboromania.ro\/wp-content\/uploads\/2015\/11\/led-5mm-verde-transparent-1-1.jpg 259w, https:\/\/roboromania.ro\/wp-content\/uploads\/2015\/11\/led-5mm-verde-transparent-1-1-150x150.jpg 150w, https:\/\/roboromania.ro\/wp-content\/uploads\/2015\/11\/led-5mm-verde-transparent-1-1-100x100.jpg 100w\" sizes=\"auto, (max-width: 259px) 100vw, 259px\" \/><\/a><br \/>\nArduino projects.<\/p>\n","protected":false},"excerpt":{"rendered":"<p>LED pentru Arduino projects.<\/p>\n","protected":false},"featured_media":9776,"comment_status":"open","ping_status":"closed","template":"","meta":[],"product_brand":[],"product_cat":[250,69],"product_tag":[7,148,143,152],"class_list":{"0":"post-586","1":"product","2":"type-product","3":"status-publish","4":"has-post-thumbnail","6":"product_cat-led","7":"product_cat-componente","8":"product_tag-arduino","9":"product_tag-galben","10":"product_tag-led","11":"product_tag-yellow","13":"first","14":"instock","15":"sale","16":"shipping-taxable","17":"purchasable","18":"product-type-simple"},"_links":{"self":[{"href":"https:\/\/roboromania.ro\/index.php?rest_route=\/wp\/v2\/product\/586","targetHints":{"allow":["GET"]}}],"collection":[{"href":"https:\/\/roboromania.ro\/index.php?rest_route=\/wp\/v2\/product"}],"about":[{"href":"https:\/\/roboromania.ro\/index.php?rest_route=\/wp\/v2\/types\/product"}],"replies":[{"embeddable":true,"href":"https:\/\/roboromania.ro\/index.php?rest_route=%2Fwp%2Fv2%2Fcomments&post=586"}],"wp:featuredmedia":[{"embeddable":true,"href":"https:\/\/roboromania.ro\/index.php?rest_route=\/wp\/v2\/media\/9776"}],"wp:attachment":[{"href":"https:\/\/roboromania.ro\/index.php?rest_route=%2Fwp%2Fv2%2Fmedia&parent=586"}],"wp:term":[{"taxonomy":"product_brand","embeddable":true,"href":"https:\/\/roboromania.ro\/index.php?rest_route=%2Fwp%2Fv2%2Fproduct_brand&post=586"},{"taxonomy":"product_cat","embeddable":true,"href":"https:\/\/roboromania.ro\/index.php?rest_route=%2Fwp%2Fv2%2Fproduct_cat&post=586"},{"taxonomy":"product_tag","embeddable":true,"href":"https:\/\/roboromania.ro\/index.php?rest_route=%2Fwp%2Fv2%2Fproduct_tag&post=586"}],"curies":[{"name":"wp","href":"https:\/\/api.w.org\/{rel}","templated":true}]}}