{"id":573,"date":"2015-11-02T19:19:59","date_gmt":"2015-11-02T16:19:59","guid":{"rendered":"http:\/\/arduinoshop.ro\/index.php\/produs\/led-albastru-3mm-sau-5mm\/"},"modified":"2016-06-15T15:02:59","modified_gmt":"2016-06-15T12:02:59","slug":"led-albastru-3mm-sau-5mm","status":"publish","type":"product","link":"https:\/\/roboromania.ro\/?product=led-albastru-3mm-sau-5mm","title":{"rendered":"LED albastru 3mm sau 5mm"},"content":{"rendered":"<p>LED albastru<br \/>\n3mm \u015fi 5mm<br \/>\nTensiune de alimentare : 2,4v<br \/>\nCurent : 25 mA<br \/>\nTensiune de alimentare maxim\u0103 : 2,9v<br \/>\nATEN\u0162IE : nu dep\u0103\u015fi\u0163i tensiunea maxim\u0103 de alimentare.<br \/>\nLedurile sunt indispensabile pentru proiectele Arduino.<br \/>\nLa Arduino projects.<\/p>\n","protected":false},"excerpt":{"rendered":"<p>LED la Arduino projects.<\/p>\n","protected":false},"featured_media":765,"comment_status":"open","ping_status":"closed","template":"","meta":[],"product_brand":[],"product_cat":[250,69],"product_tag":[144,7,151,143],"class_list":{"0":"post-573","1":"product","2":"type-product","3":"status-publish","4":"has-post-thumbnail","6":"product_cat-led","7":"product_cat-componente","8":"product_tag-albastru","9":"product_tag-arduino","10":"product_tag-blue","11":"product_tag-led","13":"first","14":"instock","15":"sale","16":"shipping-taxable","17":"purchasable","18":"product-type-simple"},"_links":{"self":[{"href":"https:\/\/roboromania.ro\/index.php?rest_route=\/wp\/v2\/product\/573","targetHints":{"allow":["GET"]}}],"collection":[{"href":"https:\/\/roboromania.ro\/index.php?rest_route=\/wp\/v2\/product"}],"about":[{"href":"https:\/\/roboromania.ro\/index.php?rest_route=\/wp\/v2\/types\/product"}],"replies":[{"embeddable":true,"href":"https:\/\/roboromania.ro\/index.php?rest_route=%2Fwp%2Fv2%2Fcomments&post=573"}],"wp:featuredmedia":[{"embeddable":true,"href":"https:\/\/roboromania.ro\/index.php?rest_route=\/wp\/v2\/media\/765"}],"wp:attachment":[{"href":"https:\/\/roboromania.ro\/index.php?rest_route=%2Fwp%2Fv2%2Fmedia&parent=573"}],"wp:term":[{"taxonomy":"product_brand","embeddable":true,"href":"https:\/\/roboromania.ro\/index.php?rest_route=%2Fwp%2Fv2%2Fproduct_brand&post=573"},{"taxonomy":"product_cat","embeddable":true,"href":"https:\/\/roboromania.ro\/index.php?rest_route=%2Fwp%2Fv2%2Fproduct_cat&post=573"},{"taxonomy":"product_tag","embeddable":true,"href":"https:\/\/roboromania.ro\/index.php?rest_route=%2Fwp%2Fv2%2Fproduct_tag&post=573"}],"curies":[{"name":"wp","href":"https:\/\/api.w.org\/{rel}","templated":true}]}}