{"id":5677,"date":"2019-02-07T15:17:50","date_gmt":"2019-02-07T12:17:50","guid":{"rendered":"http:\/\/roboromania.ro\/produs\/tranzistor-n-mosfet-unipolar-100v-10a\/"},"modified":"2019-10-23T10:10:55","modified_gmt":"2019-10-23T07:10:55","slug":"tranzistor-n-mosfet-unipolar-100v-10a","status":"publish","type":"product","link":"https:\/\/roboromania.ro\/?product=tranzistor-n-mosfet-unipolar-100v-10a","title":{"rendered":"Tranzistor N-MOSFET unipolar 100V 10A"},"content":{"rendered":"<p>Tranzistor N-MOSFET unipolar 100V 10A<\/p>\n<p><a href=\"http:\/\/roboromania.ro\/wp-content\/uploads\/2017\/03\/FQP2N60C-roboromania.jpg\"><img loading=\"lazy\" decoding=\"async\" class=\"size-full wp-image-2794\" src=\"http:\/\/roboromania.ro\/wp-content\/uploads\/2017\/03\/FQP2N60C-roboromania.jpg\" alt=\"Kopiowanie i przetwarzanie bez pisemnej zgody firmy www.tme.eu zabronione.\" width=\"150\" height=\"112\" \/><\/a><\/p>\n<p>Tranzistor N-MOSFET unipolar 100V 10A TO220<br \/>\nProduc\u0103tor FAIRCHILD SEMICONDUCTOR<br \/>\nTip tranzistor N-MOSFET<br \/>\nPolarizare unipolar<br \/>\nTensiune dren\u0103-surs\u0103 100V<br \/>\nCurent dren\u0103 10A<br \/>\nCarcas\u0103 TO220<br \/>\nMontare THT<br \/>\nTehnologie QFET\u00ae<\/p>\n","protected":false},"excerpt":{"rendered":"<p>Tranzistor N-MOSFET unipolar 100V 10A Tranzistor N-MOSFET unipolar 100V 10A TO220 Produc\u0103tor FAIRCHILD SEMICONDUCTOR Tip tranzistor N-MOSFET Polarizare unipolar Tensiune dren\u0103-surs\u0103 100V Curent dren\u0103 10A Carcas\u0103 TO220 Montare THT Tehnologie QFET\u00ae<\/p>\n","protected":false},"featured_media":2794,"comment_status":"open","ping_status":"closed","template":"","meta":[],"product_brand":[],"product_cat":[69],"product_tag":[97,96,95],"class_list":{"0":"post-5677","1":"product","2":"type-product","3":"status-publish","4":"has-post-thumbnail","6":"product_cat-componente","7":"product_tag-npn","8":"product_tag-transistor","9":"product_tag-tranzistor","11":"first","12":"instock","13":"sale","14":"shipping-taxable","15":"purchasable","16":"product-type-simple"},"_links":{"self":[{"href":"https:\/\/roboromania.ro\/index.php?rest_route=\/wp\/v2\/product\/5677","targetHints":{"allow":["GET"]}}],"collection":[{"href":"https:\/\/roboromania.ro\/index.php?rest_route=\/wp\/v2\/product"}],"about":[{"href":"https:\/\/roboromania.ro\/index.php?rest_route=\/wp\/v2\/types\/product"}],"replies":[{"embeddable":true,"href":"https:\/\/roboromania.ro\/index.php?rest_route=%2Fwp%2Fv2%2Fcomments&post=5677"}],"wp:featuredmedia":[{"embeddable":true,"href":"https:\/\/roboromania.ro\/index.php?rest_route=\/wp\/v2\/media\/2794"}],"wp:attachment":[{"href":"https:\/\/roboromania.ro\/index.php?rest_route=%2Fwp%2Fv2%2Fmedia&parent=5677"}],"wp:term":[{"taxonomy":"product_brand","embeddable":true,"href":"https:\/\/roboromania.ro\/index.php?rest_route=%2Fwp%2Fv2%2Fproduct_brand&post=5677"},{"taxonomy":"product_cat","embeddable":true,"href":"https:\/\/roboromania.ro\/index.php?rest_route=%2Fwp%2Fv2%2Fproduct_cat&post=5677"},{"taxonomy":"product_tag","embeddable":true,"href":"https:\/\/roboromania.ro\/index.php?rest_route=%2Fwp%2Fv2%2Fproduct_tag&post=5677"}],"curies":[{"name":"wp","href":"https:\/\/api.w.org\/{rel}","templated":true}]}}