{"id":557,"date":"2015-10-28T16:53:21","date_gmt":"2015-10-28T13:53:21","guid":{"rendered":"http:\/\/arduinoshop.ro\/index.php\/produs\/senzor-digital-de-presiune-barometrica-bmp180-modul-gy-68-pentru-arduino\/"},"modified":"2019-01-29T12:48:18","modified_gmt":"2019-01-29T09:48:18","slug":"senzor-digital-de-presiune-barometrica-bmp180-modul-gy-68","status":"publish","type":"product","link":"https:\/\/roboromania.ro\/?product=senzor-digital-de-presiune-barometrica-bmp180-modul-gy-68","title":{"rendered":"Senzor digital de presiune barometrica BMP180 (Modul GY-68) pentru proiecte compatibile Arduino"},"content":{"rendered":"<p>Senzor digital de presiune barometrica BMP180 (Modul GY-68) pentru proiecte compatibile Arduino<\/p>\n<p><a href=\"http:\/\/roboromania.ro\/wp-content\/uploads\/2015\/10\/BMP180-Pressure-Sensor-roboromania.jpg\"><img loading=\"lazy\" decoding=\"async\" class=\"alignnone size-medium wp-image-845\" src=\"http:\/\/roboromania.ro\/wp-content\/uploads\/2015\/10\/BMP180-Pressure-Sensor-roboromania-300x250.jpg\" alt=\"BMP180-Pressure-Sensor-roboromania\" width=\"300\" height=\"250\" srcset=\"https:\/\/roboromania.ro\/wp-content\/uploads\/2015\/10\/BMP180-Pressure-Sensor-roboromania-300x250.jpg 300w, https:\/\/roboromania.ro\/wp-content\/uploads\/2015\/10\/BMP180-Pressure-Sensor-roboromania.jpg 557w\" sizes=\"auto, (max-width: 300px) 100vw, 300px\" \/><\/a><\/p>\n<p>Modul Arduino GY-68 cu senzor de presiune BMP180, are tensiunea de alimentare maxim\u0103 de 3,6V, deci putem s\u0103-l aliment\u0103m de la placa Arduino din pinul notat 3,3V \u015fi comunic\u0103 prin 2 fire (comunicare i2c).<\/p>\n<p>Caracteristici :<br \/>\nTensiune de alimentare 1.8V la 3.6V<br \/>\nConsum redus de energie 0.5uA<br \/>\ninterfa\u021b\u0103 I2C<br \/>\nVitez\u0103 Max. I2C : 3.5MHz<br \/>\nFull calibrat<br \/>\nGam\u0103 de presiune: 300hPa la 1100hPa (+ 9000m la -500 m)<br \/>\nGreutate: 1,18 g<br \/>\nDimensiuni: 21 mm x 18 mm<\/p>\n<p>Arduino projects.<\/p>\n","protected":false},"excerpt":{"rendered":"<p>Senzor digital de presiune barometrica BMP180 (Modul GY-68) pentru proiecte compatibile Arduino.<\/p>\n","protected":false},"featured_media":3128,"comment_status":"open","ping_status":"closed","template":"","meta":[],"product_brand":[],"product_cat":[9,15],"product_tag":[7,183,184,182,41,40,45,47],"class_list":{"0":"post-557","1":"product","2":"type-product","3":"status-publish","4":"has-post-thumbnail","6":"product_cat-senzori","7":"product_cat-module","8":"product_tag-arduino","9":"product_tag-barometru","10":"product_tag-bmp180","11":"product_tag-presiune","12":"product_tag-sensor","13":"product_tag-senzor","14":"product_tag-temperatura","15":"product_tag-temperature","17":"first","18":"instock","19":"sale","20":"shipping-taxable","21":"purchasable","22":"product-type-simple"},"_links":{"self":[{"href":"https:\/\/roboromania.ro\/index.php?rest_route=\/wp\/v2\/product\/557","targetHints":{"allow":["GET"]}}],"collection":[{"href":"https:\/\/roboromania.ro\/index.php?rest_route=\/wp\/v2\/product"}],"about":[{"href":"https:\/\/roboromania.ro\/index.php?rest_route=\/wp\/v2\/types\/product"}],"replies":[{"embeddable":true,"href":"https:\/\/roboromania.ro\/index.php?rest_route=%2Fwp%2Fv2%2Fcomments&post=557"}],"wp:featuredmedia":[{"embeddable":true,"href":"https:\/\/roboromania.ro\/index.php?rest_route=\/wp\/v2\/media\/3128"}],"wp:attachment":[{"href":"https:\/\/roboromania.ro\/index.php?rest_route=%2Fwp%2Fv2%2Fmedia&parent=557"}],"wp:term":[{"taxonomy":"product_brand","embeddable":true,"href":"https:\/\/roboromania.ro\/index.php?rest_route=%2Fwp%2Fv2%2Fproduct_brand&post=557"},{"taxonomy":"product_cat","embeddable":true,"href":"https:\/\/roboromania.ro\/index.php?rest_route=%2Fwp%2Fv2%2Fproduct_cat&post=557"},{"taxonomy":"product_tag","embeddable":true,"href":"https:\/\/roboromania.ro\/index.php?rest_route=%2Fwp%2Fv2%2Fproduct_tag&post=557"}],"curies":[{"name":"wp","href":"https:\/\/api.w.org\/{rel}","templated":true}]}}