{"id":553,"date":"2015-10-28T11:49:55","date_gmt":"2015-10-28T08:49:55","guid":{"rendered":"http:\/\/arduinoshop.ro\/index.php\/produs\/modul-arduino-nrf24l01-transceiver-la-24ghz\/"},"modified":"2021-10-26T14:42:13","modified_gmt":"2021-10-26T11:42:13","slug":"165-modul-nrf24l01-transceiver-la-24ghz","status":"publish","type":"product","link":"https:\/\/roboromania.ro\/?product=165-modul-nrf24l01-transceiver-la-24ghz","title":{"rendered":"Modul NRF24L01 (165) transceiver la 2,4GHz"},"content":{"rendered":"<p>Modul Arduino NRF24L01+ 2.4GHz<\/p>\n<p><a href=\"http:\/\/roboromania.ro\/wp-content\/uploads\/2015\/10\/Modul-NRF24L01-transceiver-2.4GHz-TX-RX-microcontroler-AVR-328-N24l01-roboromania1.jpg\"><img loading=\"lazy\" decoding=\"async\" class=\"alignnone size-medium wp-image-848\" src=\"http:\/\/roboromania.ro\/wp-content\/uploads\/2015\/10\/Modul-NRF24L01-transceiver-2.4GHz-TX-RX-microcontroler-AVR-328-N24l01-roboromania1-300x213.jpg\" alt=\"Modul-NRF24L01-transceiver-2.4GHz-TX-RX-microcontroler-AVR-328-N24l01-roboromania\" width=\"300\" height=\"213\" srcset=\"https:\/\/roboromania.ro\/wp-content\/uploads\/2015\/10\/Modul-NRF24L01-transceiver-2.4GHz-TX-RX-microcontroler-AVR-328-N24l01-roboromania1-300x213.jpg 300w, https:\/\/roboromania.ro\/wp-content\/uploads\/2015\/10\/Modul-NRF24L01-transceiver-2.4GHz-TX-RX-microcontroler-AVR-328-N24l01-roboromania1.jpg 480w\" sizes=\"auto, (max-width: 300px) 100vw, 300px\" \/><\/a><br \/>\nNRF24L01+ (nRF24L01p) este un transceiver cip 2.4GHz cu un protocol in banda \u00eencorporat (Enhanced ShockBurst\u2122),<br \/>\npotrivit pentru aplica\u021bii f\u0103r\u0103 fir, cu consum sc\u0103zut de energie.<br \/>\nNRF24L01+ este conceput pentru a func\u021biona \u00een banda de frecven\u021b\u0103 ISM la nivel mondial, de la 2.400 la 2.4835GHz.<br \/>\nPentru a proiecta un sistem de radio cu nRF24L01+, pur si simplu ai nevoie de un MCU (microcontroler).<\/p>\n<p>Caracteristici :<br \/>\nBanda de 2,4 GHz ISM, licen\u021b\u0103 gratuit\u0103 pentru utilizare.<br \/>\n126 canale RF.<br \/>\nRat\u0103 \u00eenalt\u0103 de date aer: 250kbps, 1 \u0219i 2 Mbps.<br \/>\nTransmi\u021b\u0103tor: 11.3mA la putere de ie\u0219ire 0dBm.<br \/>\nReceiver: Fast AGC pentru gama dinamica \u00eembun\u0103t\u0103\u021bita ShockBurst \u2122 de la 1 la 32 bytes lungime sarcin\u0103 util\u0103 dinamic.<br \/>\nReceiver: integrat Filtre de canale.<br \/>\nHost Interface: hardware 4 pini SPI, 3 separate de 32 de bytes, TX \u0219i RX, FIFO-uri.<br \/>\nLow Power Management: 1.9 la 3.6V.<br \/>\nModulare GFSK.<br \/>\nDimensiuni : 15 mm x 29 mm.<\/p>\n<p><a href=\"http:\/\/roboromania.ro\/datasheet\/Modul-Arduino-NRF24L01-transceiver-2.4GHz-TX-RX-microcontroler-AVR-328-N24l01-roboromania.pdf\" target=\"_blank\">datasheet<\/a><br \/>\nArduino projects.<\/p>\n","protected":false},"excerpt":{"rendered":"<p>Modul NRF24L01+ 2.4GHz ofer\u0103 o solu\u021bie completa pentru re\u021bele de microcontrolere.<\/p>\n","protected":false},"featured_media":846,"comment_status":"open","ping_status":"closed","template":"","meta":[],"product_brand":[],"product_cat":[15,10,208],"product_tag":[7,13,180,181],"class_list":{"0":"post-553","1":"product","2":"type-product","3":"status-publish","4":"has-post-thumbnail","6":"product_cat-module","7":"product_cat-retea","8":"product_cat-wireless","9":"product_tag-arduino","10":"product_tag-lan","11":"product_tag-nrf24l01","12":"product_tag-transceiver","14":"first","15":"instock","16":"sale","17":"shipping-taxable","18":"purchasable","19":"product-type-simple"},"_links":{"self":[{"href":"https:\/\/roboromania.ro\/index.php?rest_route=\/wp\/v2\/product\/553","targetHints":{"allow":["GET"]}}],"collection":[{"href":"https:\/\/roboromania.ro\/index.php?rest_route=\/wp\/v2\/product"}],"about":[{"href":"https:\/\/roboromania.ro\/index.php?rest_route=\/wp\/v2\/types\/product"}],"replies":[{"embeddable":true,"href":"https:\/\/roboromania.ro\/index.php?rest_route=%2Fwp%2Fv2%2Fcomments&post=553"}],"wp:featuredmedia":[{"embeddable":true,"href":"https:\/\/roboromania.ro\/index.php?rest_route=\/wp\/v2\/media\/846"}],"wp:attachment":[{"href":"https:\/\/roboromania.ro\/index.php?rest_route=%2Fwp%2Fv2%2Fmedia&parent=553"}],"wp:term":[{"taxonomy":"product_brand","embeddable":true,"href":"https:\/\/roboromania.ro\/index.php?rest_route=%2Fwp%2Fv2%2Fproduct_brand&post=553"},{"taxonomy":"product_cat","embeddable":true,"href":"https:\/\/roboromania.ro\/index.php?rest_route=%2Fwp%2Fv2%2Fproduct_cat&post=553"},{"taxonomy":"product_tag","embeddable":true,"href":"https:\/\/roboromania.ro\/index.php?rest_route=%2Fwp%2Fv2%2Fproduct_tag&post=553"}],"curies":[{"name":"wp","href":"https:\/\/api.w.org\/{rel}","templated":true}]}}