{"id":512,"date":"2015-10-19T17:05:04","date_gmt":"2015-10-19T14:05:04","guid":{"rendered":"http:\/\/arduinoshop.ro\/?post_type=product&#038;p=512"},"modified":"2022-06-30T16:28:20","modified_gmt":"2022-06-30T13:28:20","slug":"fotorezistor-gl5528-senzor-lumina","status":"publish","type":"product","link":"https:\/\/roboromania.ro\/?product=fotorezistor-gl5528-senzor-lumina","title":{"rendered":"Fotorezistor GL5528 senzor lumin\u0103 Compatibil Arduino"},"content":{"rendered":"<p>Fotorezistor GL5528 Compatibil Arduino<br \/>\nFotorezisten\u021ba GL5528 de 5mm este un senzor de lumin\u0103 tip fotorezistor u\u015for de folosit \u00een proiectele arduino.<br \/>\nEste o fotorezisten\u0163\u0103 a c\u0103rei valoare este foarte sensibil\u0103 la modific\u0103rile intensit\u0103\u0163ii luminoase.<br \/>\nDin acest motiv, fotorezisten\u0163a este frecvent folosit\u0103 ca senzor pentru m\u0103surarea intensit\u0103\u021bii luminoase.<\/p>\n<p><a href=\"http:\/\/roboromania.ro\/wp-content\/uploads\/2015\/10\/GL5528-photo-resistor-senzor-roboromania.jpeg\"><img loading=\"lazy\" decoding=\"async\" class=\"alignnone size-full wp-image-974\" src=\"http:\/\/roboromania.ro\/wp-content\/uploads\/2015\/10\/GL5528-photo-resistor-senzor-roboromania.jpeg\" alt=\"GL5528-photo-resistor-senzor-roboromania\" width=\"100\" height=\"96\" \/><\/a><\/p>\n<p>Cateva caracteristici :<br \/>\nModel: 5mm<br \/>\nMaximum Voltage (VDC): 150V<br \/>\nMaximum Power Consumption: 100mw<br \/>\nTemperature (\u00b0C): -30 &#8211; +70<br \/>\nSpectrum Peak Value (nm): 540<br \/>\nBright Resistance (10Lux) (KO): 10-20<br \/>\nDark Resistance (MO): 1<br \/>\nResponse Time (ms): Up: 20\/ Down: 30<br \/>\nLight Resistance Characteristic: 3<\/p>\n<p><a href=\"http:\/\/roboromania.ro\/datasheet\/GL5528-photo-resistor-senzor-roboromania.pdf\" target=\"_blank\">datasheet<\/a><\/p>\n<p>Arduino projects.<\/p>\n<p><a href=\"https:\/\/roboromania.ro\/wp-content\/uploads\/2015\/10\/Dark-Detector-LED-LDR.png\"><img loading=\"lazy\" decoding=\"async\" class=\"alignnone size-medium wp-image-9012\" src=\"https:\/\/roboromania.ro\/wp-content\/uploads\/2015\/10\/Dark-Detector-LED-LDR-300x177.png\" alt=\"Dark-Detector-LED-LDR\" width=\"300\" height=\"177\" srcset=\"https:\/\/roboromania.ro\/wp-content\/uploads\/2015\/10\/Dark-Detector-LED-LDR-300x177.png 300w, https:\/\/roboromania.ro\/wp-content\/uploads\/2015\/10\/Dark-Detector-LED-LDR-1024x605.png 1024w, https:\/\/roboromania.ro\/wp-content\/uploads\/2015\/10\/Dark-Detector-LED-LDR.png 1109w\" sizes=\"auto, (max-width: 300px) 100vw, 300px\" \/><\/a><\/p>\n","protected":false},"excerpt":{"rendered":"<p>Fotorezistor GL5528 senzor lumin\u0103 Compatibil Arduino<\/p>\n","protected":false},"featured_media":974,"comment_status":"open","ping_status":"closed","template":"","meta":[],"product_brand":[],"product_cat":[9,69],"product_tag":[7,22,23,81,131,77,41,40,79,21],"class_list":{"0":"post-512","1":"product","2":"type-product","3":"status-publish","4":"has-post-thumbnail","6":"product_cat-senzori","7":"product_cat-componente","8":"product_tag-arduino","9":"product_tag-atmega","10":"product_tag-atmega328","11":"product_tag-curent","12":"product_tag-driver","13":"product_tag-modul","14":"product_tag-sensor","15":"product_tag-senzor","16":"product_tag-tensiune","17":"product_tag-uno","19":"first","20":"instock","21":"shipping-taxable","22":"purchasable","23":"product-type-simple"},"_links":{"self":[{"href":"https:\/\/roboromania.ro\/index.php?rest_route=\/wp\/v2\/product\/512","targetHints":{"allow":["GET"]}}],"collection":[{"href":"https:\/\/roboromania.ro\/index.php?rest_route=\/wp\/v2\/product"}],"about":[{"href":"https:\/\/roboromania.ro\/index.php?rest_route=\/wp\/v2\/types\/product"}],"replies":[{"embeddable":true,"href":"https:\/\/roboromania.ro\/index.php?rest_route=%2Fwp%2Fv2%2Fcomments&post=512"}],"wp:featuredmedia":[{"embeddable":true,"href":"https:\/\/roboromania.ro\/index.php?rest_route=\/wp\/v2\/media\/974"}],"wp:attachment":[{"href":"https:\/\/roboromania.ro\/index.php?rest_route=%2Fwp%2Fv2%2Fmedia&parent=512"}],"wp:term":[{"taxonomy":"product_brand","embeddable":true,"href":"https:\/\/roboromania.ro\/index.php?rest_route=%2Fwp%2Fv2%2Fproduct_brand&post=512"},{"taxonomy":"product_cat","embeddable":true,"href":"https:\/\/roboromania.ro\/index.php?rest_route=%2Fwp%2Fv2%2Fproduct_cat&post=512"},{"taxonomy":"product_tag","embeddable":true,"href":"https:\/\/roboromania.ro\/index.php?rest_route=%2Fwp%2Fv2%2Fproduct_tag&post=512"}],"curies":[{"name":"wp","href":"https:\/\/api.w.org\/{rel}","templated":true}]}}