{"id":4660,"date":"2018-04-23T18:32:29","date_gmt":"2018-04-23T15:32:29","guid":{"rendered":"http:\/\/roboromania.ro\/produs\/cabluri-dupont-65-bucati-tata-tata-pentru-breadboard\/"},"modified":"2025-11-23T14:46:55","modified_gmt":"2025-11-23T11:46:55","slug":"cabluri-dupont-65-bucati-tata-tata-pentru-breadboard","status":"publish","type":"product","link":"https:\/\/roboromania.ro\/?product=cabluri-dupont-65-bucati-tata-tata-pentru-breadboard","title":{"rendered":"Cabluri Dupont (65 buca\u0163i) tat\u0103-tat\u0103 pentru Breadboard"},"content":{"rendered":"<p>Cabluri Dupont &#8222;tat\u0103 &#8211; tat\u0103&#8221; pentru Breadboard la proiectele Arduino<br \/>\n65 buc\u0103\u0163i<\/p>\n<p><a href=\"https:\/\/roboromania.ro\/wp-content\/uploads\/2018\/04\/65pcs-Lot-New-Solderless-Flexible-font-b-Breadboard-b-font-Jumper-wires-Cables-Bread-plate-line.jpg\"><img loading=\"lazy\" decoding=\"async\" class=\"alignnone size-medium wp-image-9688\" src=\"https:\/\/roboromania.ro\/wp-content\/uploads\/2018\/04\/65pcs-Lot-New-Solderless-Flexible-font-b-Breadboard-b-font-Jumper-wires-Cables-Bread-plate-line-300x165.jpg\" alt=\"\" width=\"300\" height=\"165\" srcset=\"https:\/\/roboromania.ro\/wp-content\/uploads\/2018\/04\/65pcs-Lot-New-Solderless-Flexible-font-b-Breadboard-b-font-Jumper-wires-Cables-Bread-plate-line-300x165.jpg 300w, https:\/\/roboromania.ro\/wp-content\/uploads\/2018\/04\/65pcs-Lot-New-Solderless-Flexible-font-b-Breadboard-b-font-Jumper-wires-Cables-Bread-plate-line-768x423.jpg 768w, https:\/\/roboromania.ro\/wp-content\/uploads\/2018\/04\/65pcs-Lot-New-Solderless-Flexible-font-b-Breadboard-b-font-Jumper-wires-Cables-Bread-plate-line-600x331.jpg 600w, https:\/\/roboromania.ro\/wp-content\/uploads\/2018\/04\/65pcs-Lot-New-Solderless-Flexible-font-b-Breadboard-b-font-Jumper-wires-Cables-Bread-plate-line.jpg 945w\" sizes=\"auto, (max-width: 300px) 100vw, 300px\" \/><\/a><br \/>\nPentru proiecte f\u0103r\u0103 lipire a circuitelor electrice \u015fi electronice.<\/p>\n<p>Breadboard Arduino projects.<\/p>\n","protected":false},"excerpt":{"rendered":"<p>Arduino projects.<\/p>\n","protected":false},"featured_media":9690,"comment_status":"open","ping_status":"closed","template":"","meta":[],"product_brand":[],"product_cat":[206,69],"product_tag":[7,24,134,133,138,139,135,136,137,16,41,40,141,142],"class_list":{"0":"post-4660","1":"product","2":"type-product","3":"status-publish","4":"has-post-thumbnail","6":"product_cat-breadboard","7":"product_cat-componente","8":"product_tag-arduino","9":"product_tag-breadboard","10":"product_tag-cables","11":"product_tag-cablu","12":"product_tag-conectare","13":"product_tag-conectari","14":"product_tag-dupont","15":"product_tag-fir","16":"product_tag-fire","17":"product_tag-module","18":"product_tag-sensor","19":"product_tag-senzor","20":"product_tag-wire","21":"product_tag-wired","23":"first","24":"instock","25":"shipping-taxable","26":"purchasable","27":"product-type-simple"},"_links":{"self":[{"href":"https:\/\/roboromania.ro\/index.php?rest_route=\/wp\/v2\/product\/4660","targetHints":{"allow":["GET"]}}],"collection":[{"href":"https:\/\/roboromania.ro\/index.php?rest_route=\/wp\/v2\/product"}],"about":[{"href":"https:\/\/roboromania.ro\/index.php?rest_route=\/wp\/v2\/types\/product"}],"replies":[{"embeddable":true,"href":"https:\/\/roboromania.ro\/index.php?rest_route=%2Fwp%2Fv2%2Fcomments&post=4660"}],"wp:featuredmedia":[{"embeddable":true,"href":"https:\/\/roboromania.ro\/index.php?rest_route=\/wp\/v2\/media\/9690"}],"wp:attachment":[{"href":"https:\/\/roboromania.ro\/index.php?rest_route=%2Fwp%2Fv2%2Fmedia&parent=4660"}],"wp:term":[{"taxonomy":"product_brand","embeddable":true,"href":"https:\/\/roboromania.ro\/index.php?rest_route=%2Fwp%2Fv2%2Fproduct_brand&post=4660"},{"taxonomy":"product_cat","embeddable":true,"href":"https:\/\/roboromania.ro\/index.php?rest_route=%2Fwp%2Fv2%2Fproduct_cat&post=4660"},{"taxonomy":"product_tag","embeddable":true,"href":"https:\/\/roboromania.ro\/index.php?rest_route=%2Fwp%2Fv2%2Fproduct_tag&post=4660"}],"curies":[{"name":"wp","href":"https:\/\/api.w.org\/{rel}","templated":true}]}}