{"id":4546,"date":"2018-03-29T21:07:56","date_gmt":"2018-03-29T18:07:56","guid":{"rendered":"http:\/\/roboromania.ro\/produs\/auto-dvr-camera-si-parking-camera-571\/"},"modified":"2024-12-16T13:56:52","modified_gmt":"2024-12-16T10:56:52","slug":"auto-dvr-camera-si-parking-camera-571","status":"publish","type":"product","link":"https:\/\/roboromania.ro\/?product=auto-dvr-camera-si-parking-camera-571","title":{"rendered":"Auto DVR Camera \u0219i Parking Camera (doar la sediu)"},"content":{"rendered":"<p>Auto DVR Camera \u0219i Parking Camera<br \/>\n<a href=\"http:\/\/roboromania.ro\/wp-content\/uploads\/2018\/03\/Cam2-DVR-dual-Camera-roboromania1.jpg\"><img loading=\"lazy\" decoding=\"async\" class=\"alignnone size-medium wp-image-4547\" src=\"http:\/\/roboromania.ro\/wp-content\/uploads\/2018\/03\/Cam2-DVR-dual-Camera-roboromania1-288x300.jpg\" alt=\"cam2-dvr-dual-camera-roboromania\" width=\"288\" height=\"300\" srcset=\"https:\/\/roboromania.ro\/wp-content\/uploads\/2018\/03\/Cam2-DVR-dual-Camera-roboromania1-288x300.jpg 288w, https:\/\/roboromania.ro\/wp-content\/uploads\/2018\/03\/Cam2-DVR-dual-Camera-roboromania1.jpg 455w\" sizes=\"auto, (max-width: 288px) 100vw, 288px\" \/><\/a><\/p>\n<p lang=\"zxx\"><span style=\"font-family: Times\\ New\\ Roman, serif;\"><span style=\"font-size: medium;\"><span lang=\"ro-RO\">Specifica\u021bii:<br \/>\nG-Sensor: Suport<br \/>\nDimensiune ecran LCD: 2.7 LTPS 16: 9<br \/>\nChip<\/span><span lang=\"ro-RO\">set<\/span><span lang=\"ro-RO\">: Novatek 96220 (pentru DVR cu lentil\u0103 unic\u0103) sau GeneralPlus 2248 (pentru DVR cu lentil\u0103 dubl\u0103)<br \/>\nLentile: lentil\u0103 cu unghi larg de panoramare de 170\/140 grade A +<br \/>\nFi\u0219iere Format: AVI.<br \/>\nSenzor de imagine: AR0330<br \/>\nRezolu\u021bie video: 1920 * 1080; 1280 * 720; 848 * 480; 640 * 480<br \/>\nFormat video de \u00eenregistrare: AVI, Audio: AAC<br \/>\nLimba: Englez\u0103<br \/>\nLoop Video: Seamless Loop Recording,don&#8217;t leak second<br \/>\nPornire \/ oprire automat\u0103: Suport\u0103 cizme de aprindere automat\u0103, opri\u021bi oprirea<br \/>\nInterfa\u021b\u0103: suport USB; HDMI;<br \/>\nDetectarea mi\u0219c\u0103rii: Suport<br \/>\nNight Vision<br \/>\nSincronizare timp: sup<\/span><span lang=\"ro-RO\">p<\/span><span lang=\"ro-RO\">ort<br \/>\nFormat foto: 500W<br \/>\nSuport pentru carduri de memorie: Suport TF (MAX32GB)<br \/>\nStereo: Built-in stereo Support<br \/>\nFormat video: PAL \/ NTSC<br \/>\nFrecven\u021b\u0103: 50HZ \/ 60HZ<br \/>\nFunc\u021bie USB: USB-Disk; PC-Camera; \u00cenc\u0103rcare<br \/>\nInterfa\u021b\u0103 de alimentare: 5V 1A<br \/>\nSistemul necesit\u0103: Windows 2000 \/ XP \/ Vista \/ Windows 7, Ma<\/span> <\/span><\/span><\/p>\n<p lang=\"zxx\"><span style=\"font-family: Times\\ New\\ Roman, serif;\"><span style=\"font-size: medium;\"><span lang=\"ro-RO\"><br \/>\n<\/span> <\/span><\/span><\/p>\n<p lang=\"zxx\"><span lang=\"ro-RO\">\u00a0<a href=\"http:\/\/roboromania.ro\/wp-content\/uploads\/2018\/03\/Cam2-DVR-dual-Camera-1-roboromania1.jpg\"><img loading=\"lazy\" decoding=\"async\" class=\"alignnone size-medium wp-image-4549\" src=\"http:\/\/roboromania.ro\/wp-content\/uploads\/2018\/03\/Cam2-DVR-dual-Camera-1-roboromania1-300x300.jpg\" alt=\"cam2-dvr-dual-camera-1-roboromania\" width=\"300\" height=\"300\" srcset=\"https:\/\/roboromania.ro\/wp-content\/uploads\/2018\/03\/Cam2-DVR-dual-Camera-1-roboromania1-300x300.jpg 300w, https:\/\/roboromania.ro\/wp-content\/uploads\/2018\/03\/Cam2-DVR-dual-Camera-1-roboromania1-150x150.jpg 150w, https:\/\/roboromania.ro\/wp-content\/uploads\/2018\/03\/Cam2-DVR-dual-Camera-1-roboromania1-180x180.jpg 180w, https:\/\/roboromania.ro\/wp-content\/uploads\/2018\/03\/Cam2-DVR-dual-Camera-1-roboromania1-600x600.jpg 600w, https:\/\/roboromania.ro\/wp-content\/uploads\/2018\/03\/Cam2-DVR-dual-Camera-1-roboromania1.jpg 1000w\" sizes=\"auto, (max-width: 300px) 100vw, 300px\" \/><\/a><a href=\"http:\/\/roboromania.ro\/wp-content\/uploads\/2018\/03\/Cam2-DVR-dual-Camera-2-roboromania1.jpg\"><img loading=\"lazy\" decoding=\"async\" class=\"alignnone size-medium wp-image-4550\" src=\"http:\/\/roboromania.ro\/wp-content\/uploads\/2018\/03\/Cam2-DVR-dual-Camera-2-roboromania1-300x300.jpg\" alt=\"cam2-dvr-dual-camera-2-roboromania\" width=\"300\" height=\"300\" srcset=\"https:\/\/roboromania.ro\/wp-content\/uploads\/2018\/03\/Cam2-DVR-dual-Camera-2-roboromania1-300x300.jpg 300w, https:\/\/roboromania.ro\/wp-content\/uploads\/2018\/03\/Cam2-DVR-dual-Camera-2-roboromania1-150x150.jpg 150w, https:\/\/roboromania.ro\/wp-content\/uploads\/2018\/03\/Cam2-DVR-dual-Camera-2-roboromania1-180x180.jpg 180w, https:\/\/roboromania.ro\/wp-content\/uploads\/2018\/03\/Cam2-DVR-dual-Camera-2-roboromania1-600x600.jpg 600w, https:\/\/roboromania.ro\/wp-content\/uploads\/2018\/03\/Cam2-DVR-dual-Camera-2-roboromania1.jpg 1000w\" sizes=\"auto, (max-width: 300px) 100vw, 300px\" \/><\/a><a href=\"http:\/\/roboromania.ro\/wp-content\/uploads\/2018\/03\/Cam2-DVR-dual-Camera-3-roboromania.jpg\"><img loading=\"lazy\" decoding=\"async\" class=\"alignnone size-medium wp-image-4551\" src=\"http:\/\/roboromania.ro\/wp-content\/uploads\/2018\/03\/Cam2-DVR-dual-Camera-3-roboromania-300x283.jpg\" alt=\"cam2-dvr-dual-camera-3-roboromania\" width=\"300\" height=\"283\" srcset=\"https:\/\/roboromania.ro\/wp-content\/uploads\/2018\/03\/Cam2-DVR-dual-Camera-3-roboromania-300x283.jpg 300w, https:\/\/roboromania.ro\/wp-content\/uploads\/2018\/03\/Cam2-DVR-dual-Camera-3-roboromania.jpg 800w\" sizes=\"auto, (max-width: 300px) 100vw, 300px\" \/><\/a><\/span><\/p>\n","protected":false},"excerpt":{"rendered":"<p>Auto DVR Camera \u0219i Parking Camera Specifica\u021bii: G-Sensor: Suport Dimensiune ecran LCD: 2.7 LTPS 16: 9 Chipset: Novatek 96220 (pentru DVR cu lentil\u0103 unic\u0103) sau GeneralPlus 2248 (pentru DVR cu lentil\u0103 dubl\u0103) Lentile: lentil\u0103 cu unghi larg de panoramare de 170\/140 grade A + Fi\u0219iere Format: AVI. Senzor de imagine: AR0330 Rezolu\u021bie video: 1920 * [&hellip;]<\/p>\n","protected":false},"featured_media":4548,"comment_status":"open","ping_status":"closed","template":"","meta":[],"product_brand":[],"product_cat":[235],"product_tag":[294,103],"class_list":{"0":"post-4546","1":"product","2":"type-product","3":"status-publish","4":"has-post-thumbnail","6":"product_cat-altele","7":"product_tag-camera","8":"product_tag-digital","10":"first","11":"instock","12":"sale","13":"sold-individually","14":"shipping-taxable","15":"purchasable","16":"product-type-simple"},"_links":{"self":[{"href":"https:\/\/roboromania.ro\/index.php?rest_route=\/wp\/v2\/product\/4546","targetHints":{"allow":["GET"]}}],"collection":[{"href":"https:\/\/roboromania.ro\/index.php?rest_route=\/wp\/v2\/product"}],"about":[{"href":"https:\/\/roboromania.ro\/index.php?rest_route=\/wp\/v2\/types\/product"}],"replies":[{"embeddable":true,"href":"https:\/\/roboromania.ro\/index.php?rest_route=%2Fwp%2Fv2%2Fcomments&post=4546"}],"wp:featuredmedia":[{"embeddable":true,"href":"https:\/\/roboromania.ro\/index.php?rest_route=\/wp\/v2\/media\/4548"}],"wp:attachment":[{"href":"https:\/\/roboromania.ro\/index.php?rest_route=%2Fwp%2Fv2%2Fmedia&parent=4546"}],"wp:term":[{"taxonomy":"product_brand","embeddable":true,"href":"https:\/\/roboromania.ro\/index.php?rest_route=%2Fwp%2Fv2%2Fproduct_brand&post=4546"},{"taxonomy":"product_cat","embeddable":true,"href":"https:\/\/roboromania.ro\/index.php?rest_route=%2Fwp%2Fv2%2Fproduct_cat&post=4546"},{"taxonomy":"product_tag","embeddable":true,"href":"https:\/\/roboromania.ro\/index.php?rest_route=%2Fwp%2Fv2%2Fproduct_tag&post=4546"}],"curies":[{"name":"wp","href":"https:\/\/api.w.org\/{rel}","templated":true}]}}