{"id":4537,"date":"2018-03-29T20:35:50","date_gmt":"2018-03-29T17:35:50","guid":{"rendered":"http:\/\/roboromania.ro\/produs\/auto-dvr-camera-si-parking-camera-570\/"},"modified":"2024-12-16T13:57:24","modified_gmt":"2024-12-16T10:57:24","slug":"auto-dvr-camera-si-parking-camera-570","status":"publish","type":"product","link":"https:\/\/roboromania.ro\/?product=auto-dvr-camera-si-parking-camera-570","title":{"rendered":"Auto DVR Camera \u0219i Parking Camera (doar la sediu)"},"content":{"rendered":"<p>Auto DVR Camera \u0219i Parking Camera<br \/>\n<a href=\"http:\/\/roboromania.ro\/wp-content\/uploads\/2018\/03\/Cam2-DVR-dual-Camera-roboromania.jpg\"><img loading=\"lazy\" decoding=\"async\" class=\"alignnone size-medium wp-image-4538\" src=\"http:\/\/roboromania.ro\/wp-content\/uploads\/2018\/03\/Cam2-DVR-dual-Camera-roboromania-300x234.jpg\" alt=\"cam2-dvr-dual-camera-roboromania\" width=\"300\" height=\"234\" srcset=\"https:\/\/roboromania.ro\/wp-content\/uploads\/2018\/03\/Cam2-DVR-dual-Camera-roboromania-300x234.jpg 300w, https:\/\/roboromania.ro\/wp-content\/uploads\/2018\/03\/Cam2-DVR-dual-Camera-roboromania.jpg 325w\" sizes=\"auto, (max-width: 300px) 100vw, 300px\" \/><\/a><\/p>\n<p lang=\"zxx\"><span style=\"font-family: Times\\ New\\ Roman, serif;\"><span style=\"font-size: medium;\"><span lang=\"ro-RO\">Specifica\u021bi<\/span><span lang=\"ro-RO\">i Camera<\/span><span lang=\"ro-RO\"> DVR:<br \/>\nDimensiune ecran 2,5 &#8222;Ecran LCD TFT<br \/>\nCamera 12.0MP 120 \u00b0 A +<br \/>\n1080FHD 1920&#215;1080 @ 25fps \/ HD 1440&#215;1080 @ 30fps<br \/>\n720P 1280&#215;720 @ 30fps \/ VGA 640&#215;480 @ 30fps<br \/>\nChipset NTK 96220<br \/>\n<\/span><span lang=\"ro-RO\">L<\/span><span lang=\"ro-RO\">ight support night vision<\/span><span lang=\"ro-RO\"><br \/>\nFrecventa 50HZ \/ 60Hz<br \/>\nLimba englez\u0103<br \/>\nMod func\u021bional de parcare, detectare mi\u0219care, senzor G, \u00eenregistrare ciclu, \u00eenregistrare audio, pornire \/ oprire automat\u0103<br \/>\nFormat Video ca AVI, Fotografie ca JPEG<br \/>\n\u00cenc\u0103rc\u0103torul auto \u00cenc\u0103rc\u0103tor: 12 ~ 24V, Ie\u0219ire: 5V \/ 1A<br \/>\nBaterie litiu polimer baterie 3.7V \/ 400mAh<br \/>\nDimensiune produs 7,2 (L) * 6,1 (W) * 1,3 (H) CM, 30g \/ buc<br \/>\nAccesorii USB, \u00cenc\u0103rc\u0103tor auto, Suport auto, Manual de utilizare<\/span> <\/span><\/span><\/p>\n<p lang=\"zxx\"><span lang=\"ro-RO\">\u00a0<a href=\"http:\/\/roboromania.ro\/wp-content\/uploads\/2018\/03\/Cam2-DVR-dual-Camera-5-roboromania.jpg\"><img loading=\"lazy\" decoding=\"async\" class=\"alignnone size-medium wp-image-4540\" src=\"http:\/\/roboromania.ro\/wp-content\/uploads\/2018\/03\/Cam2-DVR-dual-Camera-5-roboromania-288x300.jpg\" alt=\"cam2-dvr-dual-camera-5-roboromania\" width=\"288\" height=\"300\" srcset=\"https:\/\/roboromania.ro\/wp-content\/uploads\/2018\/03\/Cam2-DVR-dual-Camera-5-roboromania-288x300.jpg 288w, https:\/\/roboromania.ro\/wp-content\/uploads\/2018\/03\/Cam2-DVR-dual-Camera-5-roboromania.jpg 750w\" sizes=\"auto, (max-width: 288px) 100vw, 288px\" \/><\/a><a href=\"http:\/\/roboromania.ro\/wp-content\/uploads\/2018\/03\/Cam2-DVR-dual-Camera-1-roboromania.jpg\"><img loading=\"lazy\" decoding=\"async\" class=\"alignnone size-medium wp-image-4542\" src=\"http:\/\/roboromania.ro\/wp-content\/uploads\/2018\/03\/Cam2-DVR-dual-Camera-1-roboromania-300x300.jpg\" alt=\"cam2-dvr-dual-camera-1-roboromania\" width=\"300\" height=\"300\" srcset=\"https:\/\/roboromania.ro\/wp-content\/uploads\/2018\/03\/Cam2-DVR-dual-Camera-1-roboromania-300x300.jpg 300w, https:\/\/roboromania.ro\/wp-content\/uploads\/2018\/03\/Cam2-DVR-dual-Camera-1-roboromania-150x150.jpg 150w, https:\/\/roboromania.ro\/wp-content\/uploads\/2018\/03\/Cam2-DVR-dual-Camera-1-roboromania-180x180.jpg 180w, https:\/\/roboromania.ro\/wp-content\/uploads\/2018\/03\/Cam2-DVR-dual-Camera-1-roboromania-600x600.jpg 600w, https:\/\/roboromania.ro\/wp-content\/uploads\/2018\/03\/Cam2-DVR-dual-Camera-1-roboromania.jpg 810w\" sizes=\"auto, (max-width: 300px) 100vw, 300px\" \/><\/a><a href=\"http:\/\/roboromania.ro\/wp-content\/uploads\/2018\/03\/Cam2-DVR-dual-Camera-2-roboromania.jpg\"><img loading=\"lazy\" decoding=\"async\" class=\"alignnone size-medium wp-image-4543\" src=\"http:\/\/roboromania.ro\/wp-content\/uploads\/2018\/03\/Cam2-DVR-dual-Camera-2-roboromania-300x300.jpg\" alt=\"cam2-dvr-dual-camera-2-roboromania\" width=\"300\" height=\"300\" srcset=\"https:\/\/roboromania.ro\/wp-content\/uploads\/2018\/03\/Cam2-DVR-dual-Camera-2-roboromania-300x300.jpg 300w, https:\/\/roboromania.ro\/wp-content\/uploads\/2018\/03\/Cam2-DVR-dual-Camera-2-roboromania-150x150.jpg 150w, https:\/\/roboromania.ro\/wp-content\/uploads\/2018\/03\/Cam2-DVR-dual-Camera-2-roboromania-180x180.jpg 180w, https:\/\/roboromania.ro\/wp-content\/uploads\/2018\/03\/Cam2-DVR-dual-Camera-2-roboromania-600x600.jpg 600w, https:\/\/roboromania.ro\/wp-content\/uploads\/2018\/03\/Cam2-DVR-dual-Camera-2-roboromania.jpg 810w\" sizes=\"auto, (max-width: 300px) 100vw, 300px\" \/><\/a><a href=\"http:\/\/roboromania.ro\/wp-content\/uploads\/2018\/03\/Cam2-DVR-dual-Camera-man-roboromania.jpg\"><img loading=\"lazy\" decoding=\"async\" class=\"alignnone size-medium wp-image-4544\" src=\"http:\/\/roboromania.ro\/wp-content\/uploads\/2018\/03\/Cam2-DVR-dual-Camera-man-roboromania-300x300.jpg\" alt=\"cam2-dvr-dual-camera-man-roboromania\" width=\"300\" height=\"300\" srcset=\"https:\/\/roboromania.ro\/wp-content\/uploads\/2018\/03\/Cam2-DVR-dual-Camera-man-roboromania-300x300.jpg 300w, https:\/\/roboromania.ro\/wp-content\/uploads\/2018\/03\/Cam2-DVR-dual-Camera-man-roboromania-150x150.jpg 150w, https:\/\/roboromania.ro\/wp-content\/uploads\/2018\/03\/Cam2-DVR-dual-Camera-man-roboromania-180x180.jpg 180w, https:\/\/roboromania.ro\/wp-content\/uploads\/2018\/03\/Cam2-DVR-dual-Camera-man-roboromania-600x600.jpg 600w, https:\/\/roboromania.ro\/wp-content\/uploads\/2018\/03\/Cam2-DVR-dual-Camera-man-roboromania.jpg 810w\" sizes=\"auto, (max-width: 300px) 100vw, 300px\" \/><\/a><a href=\"http:\/\/roboromania.ro\/wp-content\/uploads\/2018\/03\/Cam2-DVR-dual-Camera-SET-roboromania.jpg\"><img loading=\"lazy\" decoding=\"async\" class=\"alignnone size-medium wp-image-4545\" src=\"http:\/\/roboromania.ro\/wp-content\/uploads\/2018\/03\/Cam2-DVR-dual-Camera-SET-roboromania-300x149.jpg\" alt=\"cam2-dvr-dual-camera-set-roboromania\" width=\"300\" height=\"149\" srcset=\"https:\/\/roboromania.ro\/wp-content\/uploads\/2018\/03\/Cam2-DVR-dual-Camera-SET-roboromania-300x149.jpg 300w, https:\/\/roboromania.ro\/wp-content\/uploads\/2018\/03\/Cam2-DVR-dual-Camera-SET-roboromania.jpg 760w\" sizes=\"auto, (max-width: 300px) 100vw, 300px\" \/><\/a><\/span><\/p>\n","protected":false},"excerpt":{"rendered":"<p>Auto DVR Camera \u0219i Parking Camera Specifica\u021bii Camera DVR: Dimensiune ecran 2,5 &#8222;Ecran LCD TFT Camera 12.0MP 120 \u00b0 A + 1080FHD 1920&#215;1080 @ 25fps \/ HD 1440&#215;1080 @ 30fps 720P 1280&#215;720 @ 30fps \/ VGA 640&#215;480 @ 30fps Chipset NTK 96220 Light support night vision Frecventa 50HZ \/ 60Hz Limba englez\u0103 Mod func\u021bional de [&hellip;]<\/p>\n","protected":false},"featured_media":4539,"comment_status":"open","ping_status":"closed","template":"","meta":[],"product_brand":[],"product_cat":[235],"product_tag":[294,103],"class_list":{"0":"post-4537","1":"product","2":"type-product","3":"status-publish","4":"has-post-thumbnail","6":"product_cat-altele","7":"product_tag-camera","8":"product_tag-digital","10":"first","11":"instock","12":"sale","13":"sold-individually","14":"shipping-taxable","15":"purchasable","16":"product-type-simple"},"_links":{"self":[{"href":"https:\/\/roboromania.ro\/index.php?rest_route=\/wp\/v2\/product\/4537","targetHints":{"allow":["GET"]}}],"collection":[{"href":"https:\/\/roboromania.ro\/index.php?rest_route=\/wp\/v2\/product"}],"about":[{"href":"https:\/\/roboromania.ro\/index.php?rest_route=\/wp\/v2\/types\/product"}],"replies":[{"embeddable":true,"href":"https:\/\/roboromania.ro\/index.php?rest_route=%2Fwp%2Fv2%2Fcomments&post=4537"}],"wp:featuredmedia":[{"embeddable":true,"href":"https:\/\/roboromania.ro\/index.php?rest_route=\/wp\/v2\/media\/4539"}],"wp:attachment":[{"href":"https:\/\/roboromania.ro\/index.php?rest_route=%2Fwp%2Fv2%2Fmedia&parent=4537"}],"wp:term":[{"taxonomy":"product_brand","embeddable":true,"href":"https:\/\/roboromania.ro\/index.php?rest_route=%2Fwp%2Fv2%2Fproduct_brand&post=4537"},{"taxonomy":"product_cat","embeddable":true,"href":"https:\/\/roboromania.ro\/index.php?rest_route=%2Fwp%2Fv2%2Fproduct_cat&post=4537"},{"taxonomy":"product_tag","embeddable":true,"href":"https:\/\/roboromania.ro\/index.php?rest_route=%2Fwp%2Fv2%2Fproduct_tag&post=4537"}],"curies":[{"name":"wp","href":"https:\/\/api.w.org\/{rel}","templated":true}]}}