{"id":449,"date":"2015-09-25T14:20:12","date_gmt":"2015-09-25T11:20:12","guid":{"rendered":"http:\/\/arduinoshop.ro\/index.php\/produs\/dioda-1n4148-arduino\/"},"modified":"2025-10-22T17:39:53","modified_gmt":"2025-10-22T14:39:53","slug":"dioda-1n4148","status":"publish","type":"product","link":"https:\/\/roboromania.ro\/?product=dioda-1n4148","title":{"rendered":"Dioda de semnal universal\u0103 1N4148 Compatibil Arduino"},"content":{"rendered":"<p>Compatibil Arduino<br \/>\n1N4148 este o diod\u0103 de semnal universal\u0103 foarte des folosit\u0103 \u00een montajele Arduino, pentru circuitele cu amplificatoare opera\u021bionale sau circuitele de redresare curen\u021bi mici din modulele tip senzor.<\/p>\n<p><a href=\"http:\/\/roboromania.ro\/wp-content\/uploads\/2015\/09\/1N4148-roboromania.jpg\"><img loading=\"lazy\" decoding=\"async\" class=\"alignnone size-full wp-image-978\" src=\"http:\/\/roboromania.ro\/wp-content\/uploads\/2015\/09\/1N4148-roboromania.jpg\" alt=\"1N4148-roboromania\" width=\"150\" height=\"112\" \/><\/a><br \/>\n<a href=\"http:\/\/roboromania.ro\/wp-content\/uploads\/2016\/02\/1N4xxx-roboromania-pini.png\"><img loading=\"lazy\" decoding=\"async\" class=\"alignnone size-full wp-image-1195\" src=\"http:\/\/roboromania.ro\/wp-content\/uploads\/2016\/02\/1N4xxx-roboromania-pini.png\" alt=\"1N4xxx-roboromania-pini\" width=\"120\" height=\"88\" \/><\/a><br \/>\n<a href=\"http:\/\/roboromania.ro\/datasheet\/1N4148-roboromania.pdf\" target=\"_blank\" rel=\"noopener\">datasheet<\/a><\/p>\n<p>Arduino projects.<\/p>\n","protected":false},"excerpt":{"rendered":"<p>Dioda 1N4148 Compatibil Arduino.<br \/>\nArduino projects.<\/p>\n","protected":false},"featured_media":978,"comment_status":"open","ping_status":"closed","template":"","meta":[],"product_brand":[],"product_cat":[69],"product_tag":[164,97,166,165,96,95],"class_list":{"0":"post-449","1":"product","2":"type-product","3":"status-publish","4":"has-post-thumbnail","6":"product_cat-componente","7":"product_tag-dioda","8":"product_tag-npn","9":"product_tag-redresor","10":"product_tag-semnal","11":"product_tag-transistor","12":"product_tag-tranzistor","14":"first","15":"outofstock","16":"shipping-taxable","17":"purchasable","18":"product-type-simple"},"_links":{"self":[{"href":"https:\/\/roboromania.ro\/index.php?rest_route=\/wp\/v2\/product\/449","targetHints":{"allow":["GET"]}}],"collection":[{"href":"https:\/\/roboromania.ro\/index.php?rest_route=\/wp\/v2\/product"}],"about":[{"href":"https:\/\/roboromania.ro\/index.php?rest_route=\/wp\/v2\/types\/product"}],"replies":[{"embeddable":true,"href":"https:\/\/roboromania.ro\/index.php?rest_route=%2Fwp%2Fv2%2Fcomments&post=449"}],"wp:featuredmedia":[{"embeddable":true,"href":"https:\/\/roboromania.ro\/index.php?rest_route=\/wp\/v2\/media\/978"}],"wp:attachment":[{"href":"https:\/\/roboromania.ro\/index.php?rest_route=%2Fwp%2Fv2%2Fmedia&parent=449"}],"wp:term":[{"taxonomy":"product_brand","embeddable":true,"href":"https:\/\/roboromania.ro\/index.php?rest_route=%2Fwp%2Fv2%2Fproduct_brand&post=449"},{"taxonomy":"product_cat","embeddable":true,"href":"https:\/\/roboromania.ro\/index.php?rest_route=%2Fwp%2Fv2%2Fproduct_cat&post=449"},{"taxonomy":"product_tag","embeddable":true,"href":"https:\/\/roboromania.ro\/index.php?rest_route=%2Fwp%2Fv2%2Fproduct_tag&post=449"}],"curies":[{"name":"wp","href":"https:\/\/api.w.org\/{rel}","templated":true}]}}