{"id":4429,"date":"2018-03-16T18:55:35","date_gmt":"2018-03-16T15:55:35","guid":{"rendered":"http:\/\/roboromania.ro\/produs\/voltmetru-displey-lcd-rosu-565\/"},"modified":"2022-08-17T11:13:30","modified_gmt":"2022-08-17T08:13:30","slug":"voltmetru-displey-lcd-rosu-565","status":"publish","type":"product","link":"https:\/\/roboromania.ro\/?product=voltmetru-displey-lcd-rosu-565","title":{"rendered":"Voltmetru Display LCD ro\u0219u (565)"},"content":{"rendered":"<p>Voltmetru Display LCD <span id=\"result_box\" class=\"\" lang=\"ro\">ro\u0219u<\/span><\/p>\n<p><a href=\"http:\/\/roboromania.ro\/wp-content\/uploads\/2018\/03\/rosu.jpg\"><img loading=\"lazy\" decoding=\"async\" class=\"alignnone size-medium wp-image-4432\" src=\"http:\/\/roboromania.ro\/wp-content\/uploads\/2018\/03\/rosu-300x188.jpg\" alt=\"rosu\" width=\"300\" height=\"188\" srcset=\"https:\/\/roboromania.ro\/wp-content\/uploads\/2018\/03\/rosu-300x188.jpg 300w, https:\/\/roboromania.ro\/wp-content\/uploads\/2018\/03\/rosu.jpg 500w\" sizes=\"auto, (max-width: 300px) 100vw, 300px\" \/><\/a><a href=\"http:\/\/roboromania.ro\/wp-content\/uploads\/2018\/03\/Voltmetru-Displey-LCD-roboromania.jpg\"><img loading=\"lazy\" decoding=\"async\" class=\"alignnone size-medium wp-image-4430\" src=\"http:\/\/roboromania.ro\/wp-content\/uploads\/2018\/03\/Voltmetru-Displey-LCD-roboromania-300x162.jpg\" alt=\"voltmetru-displey-lcd-roboromania\" width=\"300\" height=\"162\" srcset=\"https:\/\/roboromania.ro\/wp-content\/uploads\/2018\/03\/Voltmetru-Displey-LCD-roboromania-300x162.jpg 300w, https:\/\/roboromania.ro\/wp-content\/uploads\/2018\/03\/Voltmetru-Displey-LCD-roboromania.jpg 455w\" sizes=\"auto, (max-width: 300px) 100vw, 300px\" \/><\/a><\/p>\n<p><span id=\"result_box\" class=\"\" lang=\"ro\"><span class=\"\">Domeniu de m\u0103surare: DC 4.5V-30V<\/span><br \/>\n<span class=\"\">Interval de intrare: DC 2.7V-32V<\/span><br \/>\n<span class=\"\">Intrare maxim\u0103: DC 32V.<\/span> <span class=\"\">Aparatul poate fi deteriorat dac\u0103 intrarea dep\u0103\u0219e\u0219te 32V<\/span><br \/>\n<span class=\"\">Afi\u0219aj: trei tuburi digitale de 0,36 &#8222;<\/span><br \/>\n<span class=\"\">Precizia m\u0103sur\u0103rii: 0,1%<\/span><br \/>\n<span class=\"\">Impedan\u021b\u0103 de intrare: aproximativ 100K<\/span><br \/>\nCuloare afi\u0219aj: ro\u0219u<\/span><\/p>\n<p><a href=\"http:\/\/roboromania.ro\/wp-content\/uploads\/2018\/03\/T1oXxJFjpdXXXXXXXX_0-item_pic.jpg\"><img loading=\"lazy\" decoding=\"async\" class=\"alignnone size-medium wp-image-4433\" src=\"http:\/\/roboromania.ro\/wp-content\/uploads\/2018\/03\/T1oXxJFjpdXXXXXXXX_0-item_pic-300x112.jpg\" alt=\"displays\" width=\"300\" height=\"112\" srcset=\"https:\/\/roboromania.ro\/wp-content\/uploads\/2018\/03\/T1oXxJFjpdXXXXXXXX_0-item_pic-300x112.jpg 300w, https:\/\/roboromania.ro\/wp-content\/uploads\/2018\/03\/T1oXxJFjpdXXXXXXXX_0-item_pic.jpg 694w\" sizes=\"auto, (max-width: 300px) 100vw, 300px\" \/><\/a><\/p>\n","protected":false},"excerpt":{"rendered":"<p>Voltmetru Display LCD ro\u0219u Domeniu de m\u0103surare: DC 4.5V-30V Interval de intrare: DC 2.7V-32V Intrare maxim\u0103: DC 32V. Aparatul poate fi deteriorat dac\u0103 intrarea dep\u0103\u0219e\u0219te 32V Afi\u0219aj: trei tuburi digitale de 0,36 &#8222; Precizia m\u0103sur\u0103rii: 0,1% Impedan\u021b\u0103 de intrare: aproximativ 100K Culoare afi\u0219aj: ro\u0219u<\/p>\n","protected":false},"featured_media":4432,"comment_status":"open","ping_status":"closed","template":"","meta":[],"product_brand":[],"product_cat":[250,289,235],"product_tag":[103,266,56],"class_list":{"0":"post-4429","1":"product","2":"type-product","3":"status-publish","4":"has-post-thumbnail","6":"product_cat-led","7":"product_cat-unelte-si-scule","8":"product_cat-altele","9":"product_tag-digital","10":"product_tag-tester","11":"product_tag-usb","13":"first","14":"outofstock","15":"sale","16":"shipping-taxable","17":"purchasable","18":"product-type-simple"},"_links":{"self":[{"href":"https:\/\/roboromania.ro\/index.php?rest_route=\/wp\/v2\/product\/4429","targetHints":{"allow":["GET"]}}],"collection":[{"href":"https:\/\/roboromania.ro\/index.php?rest_route=\/wp\/v2\/product"}],"about":[{"href":"https:\/\/roboromania.ro\/index.php?rest_route=\/wp\/v2\/types\/product"}],"replies":[{"embeddable":true,"href":"https:\/\/roboromania.ro\/index.php?rest_route=%2Fwp%2Fv2%2Fcomments&post=4429"}],"wp:featuredmedia":[{"embeddable":true,"href":"https:\/\/roboromania.ro\/index.php?rest_route=\/wp\/v2\/media\/4432"}],"wp:attachment":[{"href":"https:\/\/roboromania.ro\/index.php?rest_route=%2Fwp%2Fv2%2Fmedia&parent=4429"}],"wp:term":[{"taxonomy":"product_brand","embeddable":true,"href":"https:\/\/roboromania.ro\/index.php?rest_route=%2Fwp%2Fv2%2Fproduct_brand&post=4429"},{"taxonomy":"product_cat","embeddable":true,"href":"https:\/\/roboromania.ro\/index.php?rest_route=%2Fwp%2Fv2%2Fproduct_cat&post=4429"},{"taxonomy":"product_tag","embeddable":true,"href":"https:\/\/roboromania.ro\/index.php?rest_route=%2Fwp%2Fv2%2Fproduct_tag&post=4429"}],"curies":[{"name":"wp","href":"https:\/\/api.w.org\/{rel}","templated":true}]}}