{"id":44,"date":"2015-08-04T20:24:39","date_gmt":"2015-08-04T20:24:39","guid":{"rendered":"http:\/\/arduinoshop.ro\/?post_type=product&#038;p=44"},"modified":"2022-01-21T12:57:51","modified_gmt":"2022-01-21T09:57:51","slug":"iinterfata-arduino-iici2ctwispi-pentru-lcd","status":"publish","type":"product","link":"https:\/\/roboromania.ro\/?product=iinterfata-arduino-iici2ctwispi-pentru-lcd","title":{"rendered":"Modul interfa\u021b\u0103 LCD IIC\/I2C\/TWI\/SPI Compatibil Arduino"},"content":{"rendered":"<p>Compatibil Arduino<\/p>\n<p>Aceasta este o interfa\u021b\u0103 IIC\/I2C\/TWI\/SPI. Deoarece num\u0103rul pinilor pe o plac\u0103 compatibil\u0103 Arduino este limitat, proiectele dumneavoastr\u0103 sunt c\u00eeteodat\u0103 \u00een situa\u021bia de a nu putea folosi un LCD normal, dar cu aceasta interfa\u021b\u0103 vei putea lega LCD-ul cu doar 2 fire, dac\u0103 mai ai \u0219i alte dispozitive legate pe i2c, acest modul nu vine cu nici un fel de cost suplimentar.<\/p>\n<p><a href=\"http:\/\/roboromania.ro\/wp-content\/uploads\/2015\/08\/IICI2C-roboromania.jpg\"><img loading=\"lazy\" decoding=\"async\" class=\"alignnone size-medium wp-image-781\" src=\"http:\/\/roboromania.ro\/wp-content\/uploads\/2015\/08\/IICI2C-roboromania-300x300.jpg\" alt=\"IICI2C-roboromania\" width=\"300\" height=\"300\" srcset=\"https:\/\/roboromania.ro\/wp-content\/uploads\/2015\/08\/IICI2C-roboromania-300x300.jpg 300w, https:\/\/roboromania.ro\/wp-content\/uploads\/2015\/08\/IICI2C-roboromania-150x150.jpg 150w, https:\/\/roboromania.ro\/wp-content\/uploads\/2015\/08\/IICI2C-roboromania-180x180.jpg 180w, https:\/\/roboromania.ro\/wp-content\/uploads\/2015\/08\/IICI2C-roboromania.jpg 500w\" sizes=\"auto, (max-width: 300px) 100vw, 300px\" \/><\/a><\/p>\n<ul>\n<li>Adrese I2C: 0X20~0X27 (adresa ini\u021bial\u0103 este 0X20, se poate schimba)<\/li>\n<li>Voltaj suportat : 5V<\/li>\n<li>Contrastul \u0219i luminozitatea se seteaz\u0103 din poten\u021biometre<\/li>\n<li>Compatibil cu\u00a0 1602 LCD 2004 LCD<\/li>\n<\/ul>\n<p>Arduino projects.<\/p>\n","protected":false},"excerpt":{"rendered":"<p>Modul interfa\u021b\u0103 LCD IIC\/I2C\/TWI\/SPI Compatibil Arduino<br \/>\nArduino projects.<\/p>\n","protected":false},"featured_media":780,"comment_status":"open","ping_status":"closed","template":"","meta":[],"product_brand":[],"product_cat":[15,207],"product_tag":[30,31,7,32,33,29,35,34],"class_list":{"0":"post-44","1":"product","2":"type-product","3":"status-publish","4":"has-post-thumbnail","6":"product_cat-module","7":"product_cat-lcd","8":"product_tag-30","9":"product_tag-31","10":"product_tag-arduino","11":"product_tag-i2c","12":"product_tag-iic","13":"product_tag-lcd","14":"product_tag-spi","15":"product_tag-twi","17":"first","18":"instock","19":"sale","20":"shipping-taxable","21":"purchasable","22":"product-type-simple"},"_links":{"self":[{"href":"https:\/\/roboromania.ro\/index.php?rest_route=\/wp\/v2\/product\/44","targetHints":{"allow":["GET"]}}],"collection":[{"href":"https:\/\/roboromania.ro\/index.php?rest_route=\/wp\/v2\/product"}],"about":[{"href":"https:\/\/roboromania.ro\/index.php?rest_route=\/wp\/v2\/types\/product"}],"replies":[{"embeddable":true,"href":"https:\/\/roboromania.ro\/index.php?rest_route=%2Fwp%2Fv2%2Fcomments&post=44"}],"wp:featuredmedia":[{"embeddable":true,"href":"https:\/\/roboromania.ro\/index.php?rest_route=\/wp\/v2\/media\/780"}],"wp:attachment":[{"href":"https:\/\/roboromania.ro\/index.php?rest_route=%2Fwp%2Fv2%2Fmedia&parent=44"}],"wp:term":[{"taxonomy":"product_brand","embeddable":true,"href":"https:\/\/roboromania.ro\/index.php?rest_route=%2Fwp%2Fv2%2Fproduct_brand&post=44"},{"taxonomy":"product_cat","embeddable":true,"href":"https:\/\/roboromania.ro\/index.php?rest_route=%2Fwp%2Fv2%2Fproduct_cat&post=44"},{"taxonomy":"product_tag","embeddable":true,"href":"https:\/\/roboromania.ro\/index.php?rest_route=%2Fwp%2Fv2%2Fproduct_tag&post=44"}],"curies":[{"name":"wp","href":"https:\/\/api.w.org\/{rel}","templated":true}]}}