{"id":4385,"date":"2018-03-09T17:00:58","date_gmt":"2018-03-09T14:00:58","guid":{"rendered":"http:\/\/roboromania.ro\/produs\/motor-300-toy\/"},"modified":"2025-11-24T16:43:09","modified_gmt":"2025-11-24T13:43:09","slug":"motor-300-toy","status":"publish","type":"product","link":"https:\/\/roboromania.ro\/?product=motor-300-toy","title":{"rendered":"Motor 300 Toy"},"content":{"rendered":"<p>Motorul 300 Toy alimentat la 3v<\/p>\n<p><a href=\"http:\/\/roboromania.ro\/wp-content\/uploads\/2018\/03\/300-small-dc-motor-toy-roboromania.jpg\"><img loading=\"lazy\" decoding=\"async\" class=\"alignnone size-medium wp-image-4386\" src=\"http:\/\/roboromania.ro\/wp-content\/uploads\/2018\/03\/300-small-dc-motor-toy-roboromania-300x279.jpg\" alt=\"300-small-dc-motor-toy-roboromania\" width=\"300\" height=\"279\" srcset=\"https:\/\/roboromania.ro\/wp-content\/uploads\/2018\/03\/300-small-dc-motor-toy-roboromania-300x279.jpg 300w, https:\/\/roboromania.ro\/wp-content\/uploads\/2018\/03\/300-small-dc-motor-toy-roboromania.jpg 460w\" sizes=\"auto, (max-width: 300px) 100vw, 300px\" \/><\/a><a href=\"http:\/\/roboromania.ro\/wp-content\/uploads\/2018\/03\/300-small-dc-motor-toy-roboromania-sp.jpg\"><img loading=\"lazy\" decoding=\"async\" class=\"alignnone size-medium wp-image-4387\" src=\"http:\/\/roboromania.ro\/wp-content\/uploads\/2018\/03\/300-small-dc-motor-toy-roboromania-sp-300x263.jpg\" alt=\"300-small-dc-motor-toy-roboromania-sp\" width=\"300\" height=\"263\" srcset=\"https:\/\/roboromania.ro\/wp-content\/uploads\/2018\/03\/300-small-dc-motor-toy-roboromania-sp-300x263.jpg 300w, https:\/\/roboromania.ro\/wp-content\/uploads\/2018\/03\/300-small-dc-motor-toy-roboromania-sp.jpg 445w\" sizes=\"auto, (max-width: 300px) 100vw, 300px\" \/><\/a><\/p>\n<p>Se preteaz\u0103 foarte bine la proiectele celor care sunt la \u00eenceputul studiului.<br \/>\n<span id=\"result_box\" class=\"\" lang=\"ro\">Specifica\u021bii:<br \/>\nTensiune: DC3V-6V<br \/>\nViteza: 3500-7000 rpm\/min<br \/>\nCurent f\u0103r\u0103 sarcin\u0103: aproximativ 25mA<br \/>\nDimensiuni: aprox. 24,5 x 12,5 mm (Dia x H)<br \/>\n<\/span><\/p>\n<p>&nbsp;<\/p>\n<p>Motor pentru juc\u0103rii cu Arduino.<\/p>\n<p>Arduino projects.<\/p>\n","protected":false},"excerpt":{"rendered":"<p>Motor pentru juc\u0103rii Compatibil Arduino<\/p>\n","protected":false},"featured_media":4388,"comment_status":"open","ping_status":"closed","template":"","meta":[],"product_brand":[],"product_cat":[210],"product_tag":[7,131,18,132],"class_list":{"0":"post-4385","1":"product","2":"type-product","3":"status-publish","4":"has-post-thumbnail","6":"product_cat-motoare","7":"product_tag-arduino","8":"product_tag-driver","9":"product_tag-motor","10":"product_tag-roata","12":"first","13":"outofstock","14":"shipping-taxable","15":"purchasable","16":"product-type-simple"},"_links":{"self":[{"href":"https:\/\/roboromania.ro\/index.php?rest_route=\/wp\/v2\/product\/4385","targetHints":{"allow":["GET"]}}],"collection":[{"href":"https:\/\/roboromania.ro\/index.php?rest_route=\/wp\/v2\/product"}],"about":[{"href":"https:\/\/roboromania.ro\/index.php?rest_route=\/wp\/v2\/types\/product"}],"replies":[{"embeddable":true,"href":"https:\/\/roboromania.ro\/index.php?rest_route=%2Fwp%2Fv2%2Fcomments&post=4385"}],"wp:featuredmedia":[{"embeddable":true,"href":"https:\/\/roboromania.ro\/index.php?rest_route=\/wp\/v2\/media\/4388"}],"wp:attachment":[{"href":"https:\/\/roboromania.ro\/index.php?rest_route=%2Fwp%2Fv2%2Fmedia&parent=4385"}],"wp:term":[{"taxonomy":"product_brand","embeddable":true,"href":"https:\/\/roboromania.ro\/index.php?rest_route=%2Fwp%2Fv2%2Fproduct_brand&post=4385"},{"taxonomy":"product_cat","embeddable":true,"href":"https:\/\/roboromania.ro\/index.php?rest_route=%2Fwp%2Fv2%2Fproduct_cat&post=4385"},{"taxonomy":"product_tag","embeddable":true,"href":"https:\/\/roboromania.ro\/index.php?rest_route=%2Fwp%2Fv2%2Fproduct_tag&post=4385"}],"curies":[{"name":"wp","href":"https:\/\/api.w.org\/{rel}","templated":true}]}}