{"id":4377,"date":"2018-03-09T16:29:54","date_gmt":"2018-03-09T13:29:54","guid":{"rendered":"http:\/\/roboromania.ro\/produs\/motor-m1n10-toy\/"},"modified":"2021-11-10T11:05:09","modified_gmt":"2021-11-10T08:05:09","slug":"motor-m1n10-toy","status":"publish","type":"product","link":"https:\/\/roboromania.ro\/?product=motor-m1n10-toy","title":{"rendered":"Motor M1N10 (N30) Toy"},"content":{"rendered":"<p>Motorul M1N10 Toy alimentat la 3v<\/p>\n<p><a href=\"http:\/\/roboromania.ro\/wp-content\/uploads\/2018\/03\/M1N10-Motor-roboromania.jpg\"><img loading=\"lazy\" decoding=\"async\" class=\"alignnone size-medium wp-image-4378\" src=\"http:\/\/roboromania.ro\/wp-content\/uploads\/2018\/03\/M1N10-Motor-roboromania-300x220.jpg\" alt=\"m1n10-motor-roboromania\" width=\"300\" height=\"220\" srcset=\"https:\/\/roboromania.ro\/wp-content\/uploads\/2018\/03\/M1N10-Motor-roboromania-300x220.jpg 300w, https:\/\/roboromania.ro\/wp-content\/uploads\/2018\/03\/M1N10-Motor-roboromania.jpg 600w\" sizes=\"auto, (max-width: 300px) 100vw, 300px\" \/><\/a><\/p>\n<p>Se preteaz\u0103 foarte bine la proiectele celor care sunt la \u00eenceputul studiului.<br \/>\n<span id=\"result_box\" class=\"\" lang=\"ro\">Specifica\u021bii:<br \/>\nTensiune: 3-6V<br \/>\nCurent f\u0103r\u0103 sarcin\u0103 0,01A<br \/>\nCurentul aproximativ 0,25A<br \/>\nViteza motorului: 3,7V aproximativ 2000 rpm\/nin<br \/>\nDiametrul axului motorului: 1mm<br \/>\nLungimea arborelui motor: 7 mm<br \/>\nParametrii motorului: 20 x 10 x 12mm<br \/>\nFixare: gauri pentru \u0219uruburi M1,4 max. 3 mm<br \/>\nDistan\u021ba \u00eentre gauri 8,5 mm<br \/>\n<\/span><\/p>\n<p><a href=\"http:\/\/roboromania.ro\/wp-content\/uploads\/2018\/03\/M1N10-Motor-roboromania-dim.jpg\"><img loading=\"lazy\" decoding=\"async\" class=\"alignnone size-medium wp-image-4379\" src=\"http:\/\/roboromania.ro\/wp-content\/uploads\/2018\/03\/M1N10-Motor-roboromania-dim-300x207.jpg\" alt=\"m1n10-motor-roboromania-dim\" width=\"300\" height=\"207\" srcset=\"https:\/\/roboromania.ro\/wp-content\/uploads\/2018\/03\/M1N10-Motor-roboromania-dim-300x207.jpg 300w, https:\/\/roboromania.ro\/wp-content\/uploads\/2018\/03\/M1N10-Motor-roboromania-dim.jpg 700w\" sizes=\"auto, (max-width: 300px) 100vw, 300px\" \/><\/a><a href=\"http:\/\/roboromania.ro\/wp-content\/uploads\/2018\/03\/M1N10-Motor-roboromania-sp.jpg\"><img loading=\"lazy\" decoding=\"async\" class=\"alignnone size-medium wp-image-4380\" src=\"http:\/\/roboromania.ro\/wp-content\/uploads\/2018\/03\/M1N10-Motor-roboromania-sp-300x195.jpg\" alt=\"m1n10-motor-roboromania-sp\" width=\"300\" height=\"195\" srcset=\"https:\/\/roboromania.ro\/wp-content\/uploads\/2018\/03\/M1N10-Motor-roboromania-sp-300x195.jpg 300w, https:\/\/roboromania.ro\/wp-content\/uploads\/2018\/03\/M1N10-Motor-roboromania-sp.jpg 600w\" sizes=\"auto, (max-width: 300px) 100vw, 300px\" \/><\/a><\/p>\n<p>Motor pentru juc\u0103rii cu Arduino.<\/p>\n<p>Arduino projects.<\/p>\n","protected":false},"excerpt":{"rendered":"<p>Motor pentru juc\u0103rii Compatibil Arduino<\/p>\n","protected":false},"featured_media":4381,"comment_status":"open","ping_status":"closed","template":"","meta":[],"product_brand":[],"product_cat":[210],"product_tag":[7,131,18,132],"class_list":{"0":"post-4377","1":"product","2":"type-product","3":"status-publish","4":"has-post-thumbnail","6":"product_cat-motoare","7":"product_tag-arduino","8":"product_tag-driver","9":"product_tag-motor","10":"product_tag-roata","12":"first","13":"instock","14":"shipping-taxable","15":"purchasable","16":"product-type-simple"},"_links":{"self":[{"href":"https:\/\/roboromania.ro\/index.php?rest_route=\/wp\/v2\/product\/4377","targetHints":{"allow":["GET"]}}],"collection":[{"href":"https:\/\/roboromania.ro\/index.php?rest_route=\/wp\/v2\/product"}],"about":[{"href":"https:\/\/roboromania.ro\/index.php?rest_route=\/wp\/v2\/types\/product"}],"replies":[{"embeddable":true,"href":"https:\/\/roboromania.ro\/index.php?rest_route=%2Fwp%2Fv2%2Fcomments&post=4377"}],"wp:featuredmedia":[{"embeddable":true,"href":"https:\/\/roboromania.ro\/index.php?rest_route=\/wp\/v2\/media\/4381"}],"wp:attachment":[{"href":"https:\/\/roboromania.ro\/index.php?rest_route=%2Fwp%2Fv2%2Fmedia&parent=4377"}],"wp:term":[{"taxonomy":"product_brand","embeddable":true,"href":"https:\/\/roboromania.ro\/index.php?rest_route=%2Fwp%2Fv2%2Fproduct_brand&post=4377"},{"taxonomy":"product_cat","embeddable":true,"href":"https:\/\/roboromania.ro\/index.php?rest_route=%2Fwp%2Fv2%2Fproduct_cat&post=4377"},{"taxonomy":"product_tag","embeddable":true,"href":"https:\/\/roboromania.ro\/index.php?rest_route=%2Fwp%2Fv2%2Fproduct_tag&post=4377"}],"curies":[{"name":"wp","href":"https:\/\/api.w.org\/{rel}","templated":true}]}}