{"id":435,"date":"2015-09-25T11:01:34","date_gmt":"2015-09-25T08:01:34","guid":{"rendered":"http:\/\/arduinoshop.ro\/?post_type=product&#038;p=435"},"modified":"2025-11-24T16:41:35","modified_gmt":"2025-11-24T13:41:35","slug":"lcd-4x20-caractere-led-blue-display","status":"publish","type":"product","link":"https:\/\/roboromania.ro\/?product=lcd-4x20-caractere-led-blue-display","title":{"rendered":"LCD 4&#215;20 caractere LED Blue Display compatibil Arduino"},"content":{"rendered":"<p>LCD 4&#215;20 caractere LED Blue Display. Foarte u\u0219or de folosit \u00een proiectele arduino.<\/p>\n<p>Tip afi\u015faj : LCD alfanumeric<br \/>\nTehnologia afi\u015fajului : STN Negative<br \/>\nNum\u0103r de caractere (coloane x r\u00e2nduri) : 20&#215;4<br \/>\nCuloarea fondului : albastru<br \/>\nDimensiuni exterioare : 98 x 60 x 13.6 mm<br \/>\nDimensiuni fereastr\u0103 (\u00een\u0103l\u0163ime x lungime) : 77 x 22.5 mm<br \/>\nCuloare caractere : alb<br \/>\nAlimentare : 5v.<br \/>\n<a href=\"http:\/\/roboromania.ro\/wp-content\/uploads\/2015\/09\/4x20blue-roboromania.jpg\"><img loading=\"lazy\" decoding=\"async\" class=\"alignnone size-full wp-image-777\" src=\"http:\/\/roboromania.ro\/wp-content\/uploads\/2015\/09\/4x20blue-roboromania.jpg\" alt=\"4x20blue-roboromania\" width=\"200\" height=\"121\" \/><\/a><br \/>\n<a href=\"http:\/\/roboromania.ro\/datasheet\/4x20-roboromania.pdf\" target=\"_blank\" rel=\"noopener\">datasheet<\/a><\/p>\n<p>Arduino projects.<\/p>\n","protected":false},"excerpt":{"rendered":"<p>Arduino LCD 4&#215;20 caractere LED Blue Display<br \/>\nArduino projects.<\/p>\n","protected":false},"featured_media":777,"comment_status":"open","ping_status":"closed","template":"","meta":[],"product_brand":[],"product_cat":[207,69],"product_tag":[92,87,7,24,32,77,21],"class_list":{"0":"post-435","1":"product","2":"type-product","3":"status-publish","4":"has-post-thumbnail","6":"product_cat-lcd","7":"product_cat-componente","8":"product_tag-5v","9":"product_tag-adaptor","10":"product_tag-arduino","11":"product_tag-breadboard","12":"product_tag-i2c","13":"product_tag-modul","14":"product_tag-uno","16":"first","17":"instock","18":"shipping-taxable","19":"purchasable","20":"product-type-simple"},"_links":{"self":[{"href":"https:\/\/roboromania.ro\/index.php?rest_route=\/wp\/v2\/product\/435","targetHints":{"allow":["GET"]}}],"collection":[{"href":"https:\/\/roboromania.ro\/index.php?rest_route=\/wp\/v2\/product"}],"about":[{"href":"https:\/\/roboromania.ro\/index.php?rest_route=\/wp\/v2\/types\/product"}],"replies":[{"embeddable":true,"href":"https:\/\/roboromania.ro\/index.php?rest_route=%2Fwp%2Fv2%2Fcomments&post=435"}],"wp:featuredmedia":[{"embeddable":true,"href":"https:\/\/roboromania.ro\/index.php?rest_route=\/wp\/v2\/media\/777"}],"wp:attachment":[{"href":"https:\/\/roboromania.ro\/index.php?rest_route=%2Fwp%2Fv2%2Fmedia&parent=435"}],"wp:term":[{"taxonomy":"product_brand","embeddable":true,"href":"https:\/\/roboromania.ro\/index.php?rest_route=%2Fwp%2Fv2%2Fproduct_brand&post=435"},{"taxonomy":"product_cat","embeddable":true,"href":"https:\/\/roboromania.ro\/index.php?rest_route=%2Fwp%2Fv2%2Fproduct_cat&post=435"},{"taxonomy":"product_tag","embeddable":true,"href":"https:\/\/roboromania.ro\/index.php?rest_route=%2Fwp%2Fv2%2Fproduct_tag&post=435"}],"curies":[{"name":"wp","href":"https:\/\/api.w.org\/{rel}","templated":true}]}}