{"id":403,"date":"2015-09-16T09:49:36","date_gmt":"2015-09-16T06:49:36","guid":{"rendered":"http:\/\/arduinoshop.ro\/index.php\/produs\/led-albastru-alb-3mm-si-5mm\/"},"modified":"2016-06-15T15:03:13","modified_gmt":"2016-06-15T12:03:13","slug":"led-albastru-alb-3mm-si-5mm","status":"publish","type":"product","link":"https:\/\/roboromania.ro\/?product=led-albastru-alb-3mm-si-5mm","title":{"rendered":"LED alb 3mm \u015fi 5mm"},"content":{"rendered":"<p>LED alb<br \/>\n3mm \u015fi 5mm<br \/>\nTensiune de alimentare : 2,4v<br \/>\nCurent : 25 mA<br \/>\nTensiune de alimentare maxim\u0103 : 2,9v<br \/>\nATEN\u0162IE : nu dep\u0103\u015fi\u0163i tensiunea maxim\u0103 de alimentare.<br \/>\nLedurile sunt indispensabile pentru proiectele Arduino.<br \/>\nArduino projects.<\/p>\n","protected":false},"excerpt":{"rendered":"<p>LED la Arduino projects.<\/p>\n","protected":false},"featured_media":760,"comment_status":"open","ping_status":"closed","template":"","meta":[],"product_brand":[],"product_cat":[250,69],"product_tag":[145,7,151,143,153],"class_list":{"0":"post-403","1":"product","2":"type-product","3":"status-publish","4":"has-post-thumbnail","6":"product_cat-led","7":"product_cat-componente","8":"product_tag-alb","9":"product_tag-arduino","10":"product_tag-blue","11":"product_tag-led","12":"product_tag-white","14":"first","15":"instock","16":"sale","17":"shipping-taxable","18":"purchasable","19":"product-type-simple"},"_links":{"self":[{"href":"https:\/\/roboromania.ro\/index.php?rest_route=\/wp\/v2\/product\/403","targetHints":{"allow":["GET"]}}],"collection":[{"href":"https:\/\/roboromania.ro\/index.php?rest_route=\/wp\/v2\/product"}],"about":[{"href":"https:\/\/roboromania.ro\/index.php?rest_route=\/wp\/v2\/types\/product"}],"replies":[{"embeddable":true,"href":"https:\/\/roboromania.ro\/index.php?rest_route=%2Fwp%2Fv2%2Fcomments&post=403"}],"wp:featuredmedia":[{"embeddable":true,"href":"https:\/\/roboromania.ro\/index.php?rest_route=\/wp\/v2\/media\/760"}],"wp:attachment":[{"href":"https:\/\/roboromania.ro\/index.php?rest_route=%2Fwp%2Fv2%2Fmedia&parent=403"}],"wp:term":[{"taxonomy":"product_brand","embeddable":true,"href":"https:\/\/roboromania.ro\/index.php?rest_route=%2Fwp%2Fv2%2Fproduct_brand&post=403"},{"taxonomy":"product_cat","embeddable":true,"href":"https:\/\/roboromania.ro\/index.php?rest_route=%2Fwp%2Fv2%2Fproduct_cat&post=403"},{"taxonomy":"product_tag","embeddable":true,"href":"https:\/\/roboromania.ro\/index.php?rest_route=%2Fwp%2Fv2%2Fproduct_tag&post=403"}],"curies":[{"name":"wp","href":"https:\/\/api.w.org\/{rel}","templated":true}]}}