{"id":401,"date":"2015-09-16T09:44:22","date_gmt":"2015-09-16T06:44:22","guid":{"rendered":"http:\/\/arduinoshop.ro\/index.php\/produs\/led-rosu-verde-galben-3mm-si-5mm\/"},"modified":"2016-03-10T18:12:40","modified_gmt":"2016-03-10T15:12:40","slug":"led-rosu-verde-galben-3mm-si-5mm","status":"publish","type":"product","link":"https:\/\/roboromania.ro\/?product=led-rosu-verde-galben-3mm-si-5mm","title":{"rendered":"LED galben 3mm sau 5mm"},"content":{"rendered":"<p>LED galben<br \/>\n3mm \u0219i 5mm<br \/>\nTensiune de alimentare : 2,4v<br \/>\nCurent : 25 mA<br \/>\nTensiune de alimentare maxim\u0103 : 2,9v<br \/>\nATEN\u0162IE : nu dep\u0103\u015fi\u0163i tensiunea maxim\u0103 de alimentare.<br \/>\nLedurile sunt indispensabile pentru proiectele Arduino.<br \/>\nArduino projects.<\/p>\n","protected":false},"excerpt":{"rendered":"<p>LED la Arduino projects.<\/p>\n","protected":false},"featured_media":779,"comment_status":"open","ping_status":"closed","template":"","meta":[],"product_brand":[],"product_cat":[250,69],"product_tag":[7,148,143,152],"class_list":{"0":"post-401","1":"product","2":"type-product","3":"status-publish","4":"has-post-thumbnail","6":"product_cat-led","7":"product_cat-componente","8":"product_tag-arduino","9":"product_tag-galben","10":"product_tag-led","11":"product_tag-yellow","13":"first","14":"instock","15":"shipping-taxable","16":"purchasable","17":"product-type-simple"},"_links":{"self":[{"href":"https:\/\/roboromania.ro\/index.php?rest_route=\/wp\/v2\/product\/401","targetHints":{"allow":["GET"]}}],"collection":[{"href":"https:\/\/roboromania.ro\/index.php?rest_route=\/wp\/v2\/product"}],"about":[{"href":"https:\/\/roboromania.ro\/index.php?rest_route=\/wp\/v2\/types\/product"}],"replies":[{"embeddable":true,"href":"https:\/\/roboromania.ro\/index.php?rest_route=%2Fwp%2Fv2%2Fcomments&post=401"}],"wp:featuredmedia":[{"embeddable":true,"href":"https:\/\/roboromania.ro\/index.php?rest_route=\/wp\/v2\/media\/779"}],"wp:attachment":[{"href":"https:\/\/roboromania.ro\/index.php?rest_route=%2Fwp%2Fv2%2Fmedia&parent=401"}],"wp:term":[{"taxonomy":"product_brand","embeddable":true,"href":"https:\/\/roboromania.ro\/index.php?rest_route=%2Fwp%2Fv2%2Fproduct_brand&post=401"},{"taxonomy":"product_cat","embeddable":true,"href":"https:\/\/roboromania.ro\/index.php?rest_route=%2Fwp%2Fv2%2Fproduct_cat&post=401"},{"taxonomy":"product_tag","embeddable":true,"href":"https:\/\/roboromania.ro\/index.php?rest_route=%2Fwp%2Fv2%2Fproduct_tag&post=401"}],"curies":[{"name":"wp","href":"https:\/\/api.w.org\/{rel}","templated":true}]}}