{"id":3920,"date":"2017-12-11T16:53:46","date_gmt":"2017-12-11T13:53:46","guid":{"rendered":"http:\/\/roboromania.ro\/produs\/motor-3v-130-toy-525\/"},"modified":"2025-11-24T16:44:12","modified_gmt":"2025-11-24T13:44:12","slug":"motor-3v-130-toy-525","status":"publish","type":"product","link":"https:\/\/roboromania.ro\/?product=motor-3v-130-toy-525","title":{"rendered":"Motor 3v 130 Toy (525)"},"content":{"rendered":"<p>Motorul alimentat la 3v<\/p>\n<p><a href=\"http:\/\/roboromania.ro\/wp-content\/uploads\/2017\/12\/Motor-130-Micro-DC-3v-16500rpm-roboromania.jpg\"><img loading=\"lazy\" decoding=\"async\" class=\"alignnone size-medium wp-image-3921\" src=\"http:\/\/roboromania.ro\/wp-content\/uploads\/2017\/12\/Motor-130-Micro-DC-3v-16500rpm-roboromania-300x263.jpg\" alt=\"motor-130-micro-dc-3v-16500rpm-roboromania\" width=\"300\" height=\"263\" srcset=\"https:\/\/roboromania.ro\/wp-content\/uploads\/2017\/12\/Motor-130-Micro-DC-3v-16500rpm-roboromania-300x263.jpg 300w, https:\/\/roboromania.ro\/wp-content\/uploads\/2017\/12\/Motor-130-Micro-DC-3v-16500rpm-roboromania.jpg 600w\" sizes=\"auto, (max-width: 300px) 100vw, 300px\" \/><\/a><a href=\"http:\/\/roboromania.ro\/wp-content\/uploads\/2017\/12\/Motor-130-Micro-DC-3v-16500rpm-roboromania-dim.jpg\"><img loading=\"lazy\" decoding=\"async\" class=\"alignnone size-medium wp-image-3922\" src=\"http:\/\/roboromania.ro\/wp-content\/uploads\/2017\/12\/Motor-130-Micro-DC-3v-16500rpm-roboromania-dim-300x201.jpg\" alt=\"motor-130-micro-dc-3v-16500rpm-roboromania-dim\" width=\"300\" height=\"201\" srcset=\"https:\/\/roboromania.ro\/wp-content\/uploads\/2017\/12\/Motor-130-Micro-DC-3v-16500rpm-roboromania-dim-300x201.jpg 300w, https:\/\/roboromania.ro\/wp-content\/uploads\/2017\/12\/Motor-130-Micro-DC-3v-16500rpm-roboromania-dim.jpg 680w\" sizes=\"auto, (max-width: 300px) 100vw, 300px\" \/><\/a><a href=\"http:\/\/roboromania.ro\/wp-content\/uploads\/2017\/12\/Motor-130-Micro-DC-3v-16500rpm-roboromania-comp.jpg\"><img loading=\"lazy\" decoding=\"async\" class=\"alignnone size-medium wp-image-3923\" src=\"http:\/\/roboromania.ro\/wp-content\/uploads\/2017\/12\/Motor-130-Micro-DC-3v-16500rpm-roboromania-comp-300x225.jpg\" alt=\"motor-130-micro-dc-3v-16500rpm-roboromania-comp\" width=\"300\" height=\"225\" srcset=\"https:\/\/roboromania.ro\/wp-content\/uploads\/2017\/12\/Motor-130-Micro-DC-3v-16500rpm-roboromania-comp-300x225.jpg 300w, https:\/\/roboromania.ro\/wp-content\/uploads\/2017\/12\/Motor-130-Micro-DC-3v-16500rpm-roboromania-comp.jpg 700w\" sizes=\"auto, (max-width: 300px) 100vw, 300px\" \/><\/a><\/p>\n<p>Se preteaz\u0103 foarte bine la proiectele celor care sunt la \u00eenceputul studiului.<br \/>\n<span id=\"result_box\" class=\"\" lang=\"ro\">Specifica\u021bii:<br \/>\nTip: Motor R130<br \/>\n<span class=\"\">Specifica\u021bii motor: aproximativ 14,8 x 19 x 29 mm<\/span><br \/>\n<span class=\"\">\u00cen\u0103l\u021bimea motorului: aproximativ 14,8 mm<\/span><br \/>\n<span class=\"\">Arborele de ie\u0219ire: aproximativ 1,9 mm<\/span><br \/>\n<span class=\"\">Lungimea arborelui de ie\u0219ire: aproximativ 8 mm<\/span><br \/>\nTensiune nominal\u0103: 3V<br \/>\nViteza de rotire: 2500,<br \/>\nCurent f\u0103r\u0103 sarcin\u0103: 350mA,<br \/>\nCurent max: 1.3A<br \/>\nGreutate net\u0103: aproximativ 11g<\/span><\/p>\n<p>Motor pentru juc\u0103rii cu Arduino.<\/p>\n<p>Arduino projects.<\/p>\n","protected":false},"excerpt":{"rendered":"<p>Motor pentru juc\u0103rii Compatibil Arduino<\/p>\n","protected":false},"featured_media":3924,"comment_status":"open","ping_status":"closed","template":"","meta":[],"product_brand":[],"product_cat":[210],"product_tag":[7,131,18,132],"class_list":{"0":"post-3920","1":"product","2":"type-product","3":"status-publish","4":"has-post-thumbnail","6":"product_cat-motoare","7":"product_tag-arduino","8":"product_tag-driver","9":"product_tag-motor","10":"product_tag-roata","12":"first","13":"instock","14":"shipping-taxable","15":"purchasable","16":"product-type-simple"},"_links":{"self":[{"href":"https:\/\/roboromania.ro\/index.php?rest_route=\/wp\/v2\/product\/3920","targetHints":{"allow":["GET"]}}],"collection":[{"href":"https:\/\/roboromania.ro\/index.php?rest_route=\/wp\/v2\/product"}],"about":[{"href":"https:\/\/roboromania.ro\/index.php?rest_route=\/wp\/v2\/types\/product"}],"replies":[{"embeddable":true,"href":"https:\/\/roboromania.ro\/index.php?rest_route=%2Fwp%2Fv2%2Fcomments&post=3920"}],"wp:featuredmedia":[{"embeddable":true,"href":"https:\/\/roboromania.ro\/index.php?rest_route=\/wp\/v2\/media\/3924"}],"wp:attachment":[{"href":"https:\/\/roboromania.ro\/index.php?rest_route=%2Fwp%2Fv2%2Fmedia&parent=3920"}],"wp:term":[{"taxonomy":"product_brand","embeddable":true,"href":"https:\/\/roboromania.ro\/index.php?rest_route=%2Fwp%2Fv2%2Fproduct_brand&post=3920"},{"taxonomy":"product_cat","embeddable":true,"href":"https:\/\/roboromania.ro\/index.php?rest_route=%2Fwp%2Fv2%2Fproduct_cat&post=3920"},{"taxonomy":"product_tag","embeddable":true,"href":"https:\/\/roboromania.ro\/index.php?rest_route=%2Fwp%2Fv2%2Fproduct_tag&post=3920"}],"curies":[{"name":"wp","href":"https:\/\/api.w.org\/{rel}","templated":true}]}}