{"id":388,"date":"2015-09-15T07:25:37","date_gmt":"2015-09-15T07:25:37","guid":{"rendered":"http:\/\/arduinoshop.ro\/index.php\/produs\/cabluri-dupont-10-bucati-pentru-breadboard\/"},"modified":"2016-09-18T10:09:27","modified_gmt":"2016-09-18T07:09:27","slug":"cabluri-dupont-10-bucati-pentru-breadboard","status":"publish","type":"product","link":"https:\/\/roboromania.ro\/?product=cabluri-dupont-10-bucati-pentru-breadboard","title":{"rendered":"Cabluri Dupont (10 buca\u0163i) tat\u0103-tat\u0103 pentru Breadboard"},"content":{"rendered":"<p>Cabluri Dupont &#8222;tat\u0103 &#8211; tat\u0103&#8221; pentru Breadboard la proiectele Arduino<br \/>\n10 buc\u0103\u0163i orice configurare dori\u0163i tat\u0103-tat\u0103, mam\u0103-mam\u0103, tat\u0103-mam\u0103, cu lungimea de 20 cm.<br \/>\nLa cerere orice lungime dori\u0163i.<br \/>\nPentru proiecte f\u0103r\u0103 lipire a circuitelor electrice \u015fi electronice.<\/p>\n<p><a href=\"http:\/\/roboromania.ro\/wp-content\/uploads\/2015\/09\/dupont-roboromania-mm.jpg\"><img loading=\"lazy\" decoding=\"async\" class=\"alignnone size-medium wp-image-1943\" src=\"http:\/\/roboromania.ro\/wp-content\/uploads\/2015\/09\/dupont-roboromania-mm-300x298.jpg\" alt=\"dupont-roboromania-mm\" width=\"300\" height=\"298\" srcset=\"https:\/\/roboromania.ro\/wp-content\/uploads\/2015\/09\/dupont-roboromania-mm-300x298.jpg 300w, https:\/\/roboromania.ro\/wp-content\/uploads\/2015\/09\/dupont-roboromania-mm-150x150.jpg 150w, https:\/\/roboromania.ro\/wp-content\/uploads\/2015\/09\/dupont-roboromania-mm-180x180.jpg 180w, https:\/\/roboromania.ro\/wp-content\/uploads\/2015\/09\/dupont-roboromania-mm.jpg 370w\" sizes=\"auto, (max-width: 300px) 100vw, 300px\" \/><\/a><\/p>\n<p><a href=\"http:\/\/roboromania.ro\/wp-content\/uploads\/2015\/09\/Dupont-robo-romania-shop-pag.jpg\"><img loading=\"lazy\" decoding=\"async\" class=\"alignnone size-medium wp-image-786\" src=\"http:\/\/roboromania.ro\/wp-content\/uploads\/2015\/09\/Dupont-robo-romania-shop-pag-300x184.jpg\" alt=\"Dupont-robo-romania-shop-pag\" width=\"300\" height=\"184\" srcset=\"https:\/\/roboromania.ro\/wp-content\/uploads\/2015\/09\/Dupont-robo-romania-shop-pag-300x184.jpg 300w, https:\/\/roboromania.ro\/wp-content\/uploads\/2015\/09\/Dupont-robo-romania-shop-pag.jpg 500w\" sizes=\"auto, (max-width: 300px) 100vw, 300px\" \/><\/a><br \/>\nBreadboard Arduino projects.<\/p>\n","protected":false},"excerpt":{"rendered":"<p>Breadboard pentru Arduino projects.<\/p>\n","protected":false},"featured_media":1944,"comment_status":"open","ping_status":"closed","template":"","meta":[],"product_brand":[],"product_cat":[206,69],"product_tag":[7,24,134,133,138,139,135,136,137,16,41,40,141,142],"class_list":{"0":"post-388","1":"product","2":"type-product","3":"status-publish","4":"has-post-thumbnail","6":"product_cat-breadboard","7":"product_cat-componente","8":"product_tag-arduino","9":"product_tag-breadboard","10":"product_tag-cables","11":"product_tag-cablu","12":"product_tag-conectare","13":"product_tag-conectari","14":"product_tag-dupont","15":"product_tag-fir","16":"product_tag-fire","17":"product_tag-module","18":"product_tag-sensor","19":"product_tag-senzor","20":"product_tag-wire","21":"product_tag-wired","23":"first","24":"instock","25":"shipping-taxable","26":"purchasable","27":"product-type-simple"},"_links":{"self":[{"href":"https:\/\/roboromania.ro\/index.php?rest_route=\/wp\/v2\/product\/388","targetHints":{"allow":["GET"]}}],"collection":[{"href":"https:\/\/roboromania.ro\/index.php?rest_route=\/wp\/v2\/product"}],"about":[{"href":"https:\/\/roboromania.ro\/index.php?rest_route=\/wp\/v2\/types\/product"}],"replies":[{"embeddable":true,"href":"https:\/\/roboromania.ro\/index.php?rest_route=%2Fwp%2Fv2%2Fcomments&post=388"}],"wp:featuredmedia":[{"embeddable":true,"href":"https:\/\/roboromania.ro\/index.php?rest_route=\/wp\/v2\/media\/1944"}],"wp:attachment":[{"href":"https:\/\/roboromania.ro\/index.php?rest_route=%2Fwp%2Fv2%2Fmedia&parent=388"}],"wp:term":[{"taxonomy":"product_brand","embeddable":true,"href":"https:\/\/roboromania.ro\/index.php?rest_route=%2Fwp%2Fv2%2Fproduct_brand&post=388"},{"taxonomy":"product_cat","embeddable":true,"href":"https:\/\/roboromania.ro\/index.php?rest_route=%2Fwp%2Fv2%2Fproduct_cat&post=388"},{"taxonomy":"product_tag","embeddable":true,"href":"https:\/\/roboromania.ro\/index.php?rest_route=%2Fwp%2Fv2%2Fproduct_tag&post=388"}],"curies":[{"name":"wp","href":"https:\/\/api.w.org\/{rel}","templated":true}]}}