{"id":3688,"date":"2017-11-11T16:50:24","date_gmt":"2017-11-11T13:50:24","guid":{"rendered":"http:\/\/roboromania.ro\/produs\/set-rotite-dintate-robot-compatibil-arduino-502\/"},"modified":"2026-04-07T10:49:15","modified_gmt":"2026-04-07T07:49:15","slug":"set-rotite-dintate-robot-compatibil-arduino-502","status":"publish","type":"product","link":"https:\/\/roboromania.ro\/?product=set-rotite-dintate-robot-compatibil-arduino-502","title":{"rendered":"Set roti\u021be din\u021bate robot Compatibil Arduino (502) 55 piese"},"content":{"rendered":"<p>Set roti\u021be din\u021bate robot 55 piese Compatibil Arduino<br \/>\n<a href=\"http:\/\/roboromania.ro\/wp-content\/uploads\/2017\/11\/Set-rotite-dintate-robot-roboromania.jpg\"><img loading=\"lazy\" decoding=\"async\" class=\"alignnone size-medium wp-image-3689\" src=\"http:\/\/roboromania.ro\/wp-content\/uploads\/2017\/11\/Set-rotite-dintate-robot-roboromania-300x272.jpg\" alt=\"set-rotite-dintate-robot-roboromania\" width=\"300\" height=\"272\" srcset=\"https:\/\/roboromania.ro\/wp-content\/uploads\/2017\/11\/Set-rotite-dintate-robot-roboromania-300x272.jpg 300w, https:\/\/roboromania.ro\/wp-content\/uploads\/2017\/11\/Set-rotite-dintate-robot-roboromania.jpg 500w\" sizes=\"auto, (max-width: 300px) 100vw, 300px\" \/><\/a><br \/>\nSe preteaz\u0103 foarte bine la proiectele celor care sunt la \u00eenceputul studiului.<br \/>\nPentru juc\u0103rii cu Arduino.<br \/>\nArduino projects.<\/p>\n","protected":false},"excerpt":{"rendered":"<p>Set roti\u021be din\u021bate robot 55 piese Compatibil Arduino Se preteaz\u0103 foarte bine la proiectele celor care sunt la \u00eenceputul studiului. Pentru juc\u0103rii cu Arduino. Arduino projects.<\/p>\n","protected":false},"featured_media":3690,"comment_status":"open","ping_status":"closed","template":"","meta":[],"product_brand":[],"product_cat":[210,308],"product_tag":[7,131,18,132],"class_list":{"0":"post-3688","1":"product","2":"type-product","3":"status-publish","4":"has-post-thumbnail","6":"product_cat-motoare","7":"product_cat-mecanice","8":"product_tag-arduino","9":"product_tag-driver","10":"product_tag-motor","11":"product_tag-roata","13":"first","14":"outofstock","15":"sale","16":"shipping-taxable","17":"purchasable","18":"product-type-simple"},"_links":{"self":[{"href":"https:\/\/roboromania.ro\/index.php?rest_route=\/wp\/v2\/product\/3688","targetHints":{"allow":["GET"]}}],"collection":[{"href":"https:\/\/roboromania.ro\/index.php?rest_route=\/wp\/v2\/product"}],"about":[{"href":"https:\/\/roboromania.ro\/index.php?rest_route=\/wp\/v2\/types\/product"}],"replies":[{"embeddable":true,"href":"https:\/\/roboromania.ro\/index.php?rest_route=%2Fwp%2Fv2%2Fcomments&post=3688"}],"wp:featuredmedia":[{"embeddable":true,"href":"https:\/\/roboromania.ro\/index.php?rest_route=\/wp\/v2\/media\/3690"}],"wp:attachment":[{"href":"https:\/\/roboromania.ro\/index.php?rest_route=%2Fwp%2Fv2%2Fmedia&parent=3688"}],"wp:term":[{"taxonomy":"product_brand","embeddable":true,"href":"https:\/\/roboromania.ro\/index.php?rest_route=%2Fwp%2Fv2%2Fproduct_brand&post=3688"},{"taxonomy":"product_cat","embeddable":true,"href":"https:\/\/roboromania.ro\/index.php?rest_route=%2Fwp%2Fv2%2Fproduct_cat&post=3688"},{"taxonomy":"product_tag","embeddable":true,"href":"https:\/\/roboromania.ro\/index.php?rest_route=%2Fwp%2Fv2%2Fproduct_tag&post=3688"}],"curies":[{"name":"wp","href":"https:\/\/api.w.org\/{rel}","templated":true}]}}