{"id":2863,"date":"2017-03-26T17:18:22","date_gmt":"2017-03-26T14:18:22","guid":{"rendered":"http:\/\/roboromania.ro\/produs\/robot-kit-2wd-iin-construieste-singur-un-robot\/"},"modified":"2025-11-24T16:18:41","modified_gmt":"2025-11-24T13:18:41","slug":"robot-kit-2wd-iin-construieste-singur-un-robot","status":"publish","type":"product","link":"https:\/\/roboromania.ro\/?product=robot-kit-2wd-iin-construieste-singur-un-robot","title":{"rendered":"Robot Kit 2WD UNO N &#8211; Construie\u0219te singur un robot"},"content":{"rendered":"<p>Robot Kit 2WD Construie\u0219te singur un robot tip Arduino<br \/>\nKit-ul con\u0163ine tot ce ai nevoie ca s\u0103 po\u0163i construi un robot autonom tip Arduino.<br \/>\nEste de ajuns s\u0103 asamblezi configura\u0163ia hardware corespunz\u0103toare \u015fi s\u0103 introduci pe aceasta un program, pentru a avea un echipament gata de func\u0163ionare.<br \/>\nApoi dup\u0103 ce te mai perfec\u0163ionezi, po\u0163i s\u0103 adaugi \u015fi Bluetooth \u015fi \u00eel comanzi cu telefonul prin android.<\/p>\n<p><a href=\"http:\/\/roboromania.ro\/wp-content\/uploads\/2017\/03\/robot-kit-2WD-N-roboromania-no.jpg\"><img loading=\"lazy\" decoding=\"async\" class=\"alignnone size-medium wp-image-3532\" src=\"http:\/\/roboromania.ro\/wp-content\/uploads\/2017\/03\/robot-kit-2WD-N-roboromania-no-300x271.jpg\" alt=\"robot-kit-2wd-n-roboromania-no\" width=\"300\" height=\"271\" srcset=\"https:\/\/roboromania.ro\/wp-content\/uploads\/2017\/03\/robot-kit-2WD-N-roboromania-no-300x271.jpg 300w, https:\/\/roboromania.ro\/wp-content\/uploads\/2017\/03\/robot-kit-2WD-N-roboromania-no.jpg 700w\" sizes=\"auto, (max-width: 300px) 100vw, 300px\" \/><\/a><\/p>\n<p>Uite o imagine aproximativa cum ar arata<\/p>\n<p><a href=\"http:\/\/roboromania.ro\/wp-content\/uploads\/2017\/03\/robot.jpg\"><img loading=\"lazy\" decoding=\"async\" class=\"alignnone size-medium wp-image-3243\" src=\"http:\/\/roboromania.ro\/wp-content\/uploads\/2017\/03\/robot-300x200.jpg\" alt=\"robot\" width=\"300\" height=\"200\" srcset=\"https:\/\/roboromania.ro\/wp-content\/uploads\/2017\/03\/robot-300x200.jpg 300w, https:\/\/roboromania.ro\/wp-content\/uploads\/2017\/03\/robot.jpg 800w\" sizes=\"auto, (max-width: 300px) 100vw, 300px\" \/><\/a><\/p>\n<p>Con\u0163inut:<br \/>\nPlac\u0103 de dezvoltare UNO R3 \u2013 Plac\u0103 de dezvoltare compatibil\u0103 Arduino.<br \/>\n\u0218asiu robot 2WD(ma\u0219ina).<br \/>\nRo\u021bi 2 buc\u0103\u0163i + Ball Caster 1 bucat\u0103.<br \/>\nMotor 5v reductor robot (DC Gear Motor) 2 buc\u0103\u0163i.<br \/>\nOrgane de asamblare (\u0219uruburi, piuli\u0163e, pl\u0103cu\u0163e)<br \/>\nModul driver motoare L298N Compatibil Arduino<br \/>\nSuport baterii Compatibil Arduino<br \/>\nSenzor cu ultrasunete HC-SR04 Compatibil Arduino<br \/>\nCabluri Dupont (20 buc\u0103\u0163i mama-tata).<\/p>\n<p><strong><span style=\"color: #ff0000;\">Aten\u021bie mare la montare la leg\u0103turile electrice, \u00een special la &#8222;+&#8221; adic\u0103 Vcc \u0219i &#8222;-&#8221; adic\u0103 GND<\/span><\/strong><\/p>\n<p>La cerere : ajutor la montaj \u0219i upload codul<\/p>\n<p><a href=\"https:\/\/www.youtube.com\/watch?v=p8PouSmxOQY\" target=\"_blank\" rel=\"noopener\">You Tube : How to Assemble a 2WD Robot Smart Car Chassis<\/a><\/p>\n<p>Uite orientativ un cod simplu : <a href=\"http:\/\/roboromania.ro\/2017\/03\/26\/robot-2wd-roboromania-autonom-ocolire-obstacole\/\" target=\"_blank\" rel=\"noopener\">Robot 2WD Roboromania autonom ocolire obstacole<\/a><\/p>\n<p><a href=\"http:\/\/roboromania.ro\/wp-content\/uploads\/2017\/03\/Robot-2WD-roboromania.jpg\"><img loading=\"lazy\" decoding=\"async\" class=\"alignnone size-medium wp-image-3756\" src=\"http:\/\/roboromania.ro\/wp-content\/uploads\/2017\/03\/Robot-2WD-roboromania-300x250.jpg\" alt=\"robot-2wd-roboromania\" width=\"300\" height=\"250\" srcset=\"https:\/\/roboromania.ro\/wp-content\/uploads\/2017\/03\/Robot-2WD-roboromania-300x250.jpg 300w, https:\/\/roboromania.ro\/wp-content\/uploads\/2017\/03\/Robot-2WD-roboromania-1024x852.jpg 1024w, https:\/\/roboromania.ro\/wp-content\/uploads\/2017\/03\/Robot-2WD-roboromania.jpg 1028w\" sizes=\"auto, (max-width: 300px) 100vw, 300px\" \/><\/a><a href=\"http:\/\/roboromania.ro\/wp-content\/uploads\/2018\/05\/2wd.jpg\"><img loading=\"lazy\" decoding=\"async\" class=\"alignnone size-medium wp-image-5229\" src=\"http:\/\/roboromania.ro\/wp-content\/uploads\/2018\/05\/2wd-300x184.jpg\" alt=\"2wd\" width=\"300\" height=\"184\" srcset=\"https:\/\/roboromania.ro\/wp-content\/uploads\/2018\/05\/2wd-300x184.jpg 300w, https:\/\/roboromania.ro\/wp-content\/uploads\/2018\/05\/2wd.jpg 816w\" sizes=\"auto, (max-width: 300px) 100vw, 300px\" \/><\/a><a href=\"http:\/\/roboromania.ro\/wp-content\/uploads\/2017\/03\/car-2wd-2019.jpg\"><img loading=\"lazy\" decoding=\"async\" class=\"alignnone wp-image-6514\" src=\"http:\/\/roboromania.ro\/wp-content\/uploads\/2017\/03\/car-2wd-2019-300x215.jpg\" alt=\"car-2wd-2019\" width=\"254\" height=\"182\" srcset=\"https:\/\/roboromania.ro\/wp-content\/uploads\/2017\/03\/car-2wd-2019-300x215.jpg 300w, https:\/\/roboromania.ro\/wp-content\/uploads\/2017\/03\/car-2wd-2019.jpg 667w\" sizes=\"auto, (max-width: 254px) 100vw, 254px\" \/><\/a><\/p>\n","protected":false},"excerpt":{"rendered":"<p>Construie\u0219te singur un robot<br \/>\nTip Arduino Robot Kit 2WD<\/p>\n","protected":false},"featured_media":3533,"comment_status":"open","ping_status":"closed","template":"","meta":[],"product_brand":[],"product_cat":[177,293],"product_tag":[92,7,22,23,83,131,18,41,40,78,21],"class_list":{"0":"post-2863","1":"product","2":"type-product","3":"status-publish","4":"has-post-thumbnail","6":"product_cat-kituri-complete-pentru-proiecte","7":"product_cat-robot","8":"product_tag-5v","9":"product_tag-arduino","10":"product_tag-atmega","11":"product_tag-atmega328","12":"product_tag-bluetooth","13":"product_tag-driver","14":"product_tag-motor","15":"product_tag-sensor","16":"product_tag-senzor","17":"product_tag-sursa","18":"product_tag-uno","20":"first","21":"instock","22":"sold-individually","23":"shipping-taxable","24":"purchasable","25":"product-type-simple"},"_links":{"self":[{"href":"https:\/\/roboromania.ro\/index.php?rest_route=\/wp\/v2\/product\/2863","targetHints":{"allow":["GET"]}}],"collection":[{"href":"https:\/\/roboromania.ro\/index.php?rest_route=\/wp\/v2\/product"}],"about":[{"href":"https:\/\/roboromania.ro\/index.php?rest_route=\/wp\/v2\/types\/product"}],"replies":[{"embeddable":true,"href":"https:\/\/roboromania.ro\/index.php?rest_route=%2Fwp%2Fv2%2Fcomments&post=2863"}],"wp:featuredmedia":[{"embeddable":true,"href":"https:\/\/roboromania.ro\/index.php?rest_route=\/wp\/v2\/media\/3533"}],"wp:attachment":[{"href":"https:\/\/roboromania.ro\/index.php?rest_route=%2Fwp%2Fv2%2Fmedia&parent=2863"}],"wp:term":[{"taxonomy":"product_brand","embeddable":true,"href":"https:\/\/roboromania.ro\/index.php?rest_route=%2Fwp%2Fv2%2Fproduct_brand&post=2863"},{"taxonomy":"product_cat","embeddable":true,"href":"https:\/\/roboromania.ro\/index.php?rest_route=%2Fwp%2Fv2%2Fproduct_cat&post=2863"},{"taxonomy":"product_tag","embeddable":true,"href":"https:\/\/roboromania.ro\/index.php?rest_route=%2Fwp%2Fv2%2Fproduct_tag&post=2863"}],"curies":[{"name":"wp","href":"https:\/\/api.w.org\/{rel}","templated":true}]}}