{"id":2790,"date":"2017-03-19T12:51:31","date_gmt":"2017-03-19T09:51:31","guid":{"rendered":"http:\/\/roboromania.ro\/produs\/tranzistor-n-mosfet-unipolar-60v-147a\/"},"modified":"2022-12-07T12:38:56","modified_gmt":"2022-12-07T09:38:56","slug":"tranzistor-n-mosfet-unipolar-60v-147a","status":"publish","type":"product","link":"https:\/\/roboromania.ro\/?product=tranzistor-n-mosfet-unipolar-60v-147a","title":{"rendered":"Tranzistor N-MOSFET unipolar 60V 14,7A"},"content":{"rendered":"<p>Tranzistor N-MOSFET unipolar 60V 14,7A<\/p>\n<p><a href=\"http:\/\/roboromania.ro\/wp-content\/uploads\/2017\/03\/FQP20N06L-roboromania-f.jpg\"><img loading=\"lazy\" decoding=\"async\" class=\"alignnone size-full wp-image-2791\" src=\"http:\/\/roboromania.ro\/wp-content\/uploads\/2017\/03\/FQP20N06L-roboromania-f.jpg\" alt=\"fqp20n06l-roboromania-f\" width=\"150\" height=\"144\" \/><\/a><br \/>\nFQP20N06L<br \/>\nTranzistor N-MOSFET unipolar 60V 14,7A<br \/>\nProduc\u0103tor FAIRCHILD SEMICONDUCTOR<br \/>\nTip tranzistor N-MOSFET<br \/>\nPolarizare unipolar<br \/>\nTensiune dren\u0103-surs\u0103 60V<br \/>\nCurent dren\u0103 14,7A<br \/>\nPutere 53W<br \/>\nCarcas\u0103 TO220<br \/>\nTensiune poart\u0103-surs\u0103 \u00b120V<br \/>\nRezisten\u0163\u0103 \u00een timpul func\u0163ion\u0103rii 70m\u03a9<br \/>\nMontare THT<br \/>\n\u00cenc\u0103rc\u0103tur\u0103 poart\u0103 13nC<br \/>\nTehnologie QFET\u00ae<\/p>\n<p><a href=\"http:\/\/roboromania.ro\/wp-content\/uploads\/2017\/03\/FQP20N06L-roboromania-car.jpg\"><img loading=\"lazy\" decoding=\"async\" class=\"alignnone size-medium wp-image-2792\" src=\"http:\/\/roboromania.ro\/wp-content\/uploads\/2017\/03\/FQP20N06L-roboromania-car-300x218.jpg\" alt=\"fqp20n06l-roboromania-car\" width=\"300\" height=\"218\" srcset=\"https:\/\/roboromania.ro\/wp-content\/uploads\/2017\/03\/FQP20N06L-roboromania-car-300x218.jpg 300w, https:\/\/roboromania.ro\/wp-content\/uploads\/2017\/03\/FQP20N06L-roboromania-car-1024x744.jpg 1024w, https:\/\/roboromania.ro\/wp-content\/uploads\/2017\/03\/FQP20N06L-roboromania-car.jpg 1082w\" sizes=\"auto, (max-width: 300px) 100vw, 300px\" \/><\/a><\/p>\n","protected":false},"excerpt":{"rendered":"<p>Tranzistor N-MOSFET unipolar 60V 14,7A FQP20N06L Tranzistor N-MOSFET unipolar 60V 14,7A Produc\u0103tor FAIRCHILD SEMICONDUCTOR Tip tranzistor N-MOSFET Polarizare unipolar Tensiune dren\u0103-surs\u0103 60V Curent dren\u0103 14,7A Putere 53W Carcas\u0103 TO220 Tensiune poart\u0103-surs\u0103 \u00b120V Rezisten\u0163\u0103 \u00een timpul func\u0163ion\u0103rii 70m\u03a9 Montare THT \u00cenc\u0103rc\u0103tur\u0103 poart\u0103 13nC Tehnologie QFET\u00ae<\/p>\n","protected":false},"featured_media":2791,"comment_status":"open","ping_status":"closed","template":"","meta":[],"product_brand":[],"product_cat":[69],"product_tag":[97,96,95],"class_list":{"0":"post-2790","1":"product","2":"type-product","3":"status-publish","4":"has-post-thumbnail","6":"product_cat-componente","7":"product_tag-npn","8":"product_tag-transistor","9":"product_tag-tranzistor","11":"first","12":"instock","13":"sale","14":"sold-individually","15":"shipping-taxable","16":"purchasable","17":"product-type-simple"},"_links":{"self":[{"href":"https:\/\/roboromania.ro\/index.php?rest_route=\/wp\/v2\/product\/2790","targetHints":{"allow":["GET"]}}],"collection":[{"href":"https:\/\/roboromania.ro\/index.php?rest_route=\/wp\/v2\/product"}],"about":[{"href":"https:\/\/roboromania.ro\/index.php?rest_route=\/wp\/v2\/types\/product"}],"replies":[{"embeddable":true,"href":"https:\/\/roboromania.ro\/index.php?rest_route=%2Fwp%2Fv2%2Fcomments&post=2790"}],"wp:featuredmedia":[{"embeddable":true,"href":"https:\/\/roboromania.ro\/index.php?rest_route=\/wp\/v2\/media\/2791"}],"wp:attachment":[{"href":"https:\/\/roboromania.ro\/index.php?rest_route=%2Fwp%2Fv2%2Fmedia&parent=2790"}],"wp:term":[{"taxonomy":"product_brand","embeddable":true,"href":"https:\/\/roboromania.ro\/index.php?rest_route=%2Fwp%2Fv2%2Fproduct_brand&post=2790"},{"taxonomy":"product_cat","embeddable":true,"href":"https:\/\/roboromania.ro\/index.php?rest_route=%2Fwp%2Fv2%2Fproduct_cat&post=2790"},{"taxonomy":"product_tag","embeddable":true,"href":"https:\/\/roboromania.ro\/index.php?rest_route=%2Fwp%2Fv2%2Fproduct_tag&post=2790"}],"curies":[{"name":"wp","href":"https:\/\/api.w.org\/{rel}","templated":true}]}}