{"id":2616,"date":"2017-02-11T16:02:48","date_gmt":"2017-02-11T13:02:48","guid":{"rendered":"http:\/\/roboromania.ro\/produs\/modul-generator-de-impulsuri-ci555\/"},"modified":"2020-05-22T12:10:53","modified_gmt":"2020-05-22T09:10:53","slug":"modul-generator-de-impulsuri-ci555","status":"publish","type":"product","link":"https:\/\/roboromania.ro\/?product=modul-generator-de-impulsuri-ci555","title":{"rendered":"Modul generator de impulsuri CI555 (435)"},"content":{"rendered":"<h3>Modul generator de impulsuri CI555<\/h3>\n<p><a href=\"https:\/\/roboromania.ro\/wp-content\/uploads\/2017\/02\/555-1.jpg\"><img loading=\"lazy\" decoding=\"async\" class=\"alignnone size-medium wp-image-7537\" src=\"https:\/\/roboromania.ro\/wp-content\/uploads\/2017\/02\/555-1-298x300.jpg\" alt=\"555-1\" width=\"298\" height=\"300\" srcset=\"https:\/\/roboromania.ro\/wp-content\/uploads\/2017\/02\/555-1-298x300.jpg 298w, https:\/\/roboromania.ro\/wp-content\/uploads\/2017\/02\/555-1-150x150.jpg 150w, https:\/\/roboromania.ro\/wp-content\/uploads\/2017\/02\/555-1-180x180.jpg 180w, https:\/\/roboromania.ro\/wp-content\/uploads\/2017\/02\/555-1.jpg 390w\" sizes=\"auto, (max-width: 298px) 100vw, 298px\" \/><\/a><\/p>\n<p>Modul de utilizare general\u0103<br \/>\nGenereaz\u0103 impulsuri de la aproximativ 4 Hz p\u00e2n\u0103 la 1,3Khz.<br \/>\nNE555 IC care func\u021bioneaz\u0103 ca un multivibrator astabil.<br \/>\nModulul are reglare de frecven\u021b\u0103.<br \/>\nTensiune alimentare : 5&#8230;12VDC<br \/>\nCurent alimentare : 10mA<br \/>\nCurent: 200mA max. Sursa sau chiuveta<br \/>\nGama de Frecventa: 4Hz&#8230;1,3KHz<\/p>\n<p><a href=\"https:\/\/roboromania.ro\/wp-content\/uploads\/2017\/02\/555-2.jpg\"><img loading=\"lazy\" decoding=\"async\" class=\"alignnone size-medium wp-image-7538\" src=\"https:\/\/roboromania.ro\/wp-content\/uploads\/2017\/02\/555-2-300x270.jpg\" alt=\"555-2\" width=\"300\" height=\"270\" srcset=\"https:\/\/roboromania.ro\/wp-content\/uploads\/2017\/02\/555-2-300x270.jpg 300w, https:\/\/roboromania.ro\/wp-content\/uploads\/2017\/02\/555-2.jpg 400w\" sizes=\"auto, (max-width: 300px) 100vw, 300px\" \/><\/a><\/p>\n<p><a href=\"https:\/\/www.electronics-tutorials.ws\/waveforms\/555_oscillator.html\" target=\"_blank\">Alte Detalii<\/a><\/p>\n<p>sau <a href=\"http:\/\/www.learnabout-electronics.org\/Oscillators\/osc44.php\" target=\"_blank\">Alte Detalii<\/a><\/p>\n<p>Arduino projects.<\/p>\n","protected":false},"excerpt":{"rendered":"<p>Tip Arduino projects.<\/p>\n","protected":false},"featured_media":7540,"comment_status":"open","ping_status":"closed","template":"","meta":[],"product_brand":[],"product_cat":[15,273,235],"product_tag":[7,275,77,276],"class_list":{"0":"post-2616","1":"product","2":"type-product","3":"status-publish","4":"has-post-thumbnail","6":"product_cat-module","7":"product_cat-audio","8":"product_cat-altele","9":"product_tag-arduino","10":"product_tag-inregistrare","11":"product_tag-modul","12":"product_tag-voce","14":"first","15":"instock","16":"shipping-taxable","17":"purchasable","18":"product-type-simple"},"_links":{"self":[{"href":"https:\/\/roboromania.ro\/index.php?rest_route=\/wp\/v2\/product\/2616","targetHints":{"allow":["GET"]}}],"collection":[{"href":"https:\/\/roboromania.ro\/index.php?rest_route=\/wp\/v2\/product"}],"about":[{"href":"https:\/\/roboromania.ro\/index.php?rest_route=\/wp\/v2\/types\/product"}],"replies":[{"embeddable":true,"href":"https:\/\/roboromania.ro\/index.php?rest_route=%2Fwp%2Fv2%2Fcomments&post=2616"}],"wp:featuredmedia":[{"embeddable":true,"href":"https:\/\/roboromania.ro\/index.php?rest_route=\/wp\/v2\/media\/7540"}],"wp:attachment":[{"href":"https:\/\/roboromania.ro\/index.php?rest_route=%2Fwp%2Fv2%2Fmedia&parent=2616"}],"wp:term":[{"taxonomy":"product_brand","embeddable":true,"href":"https:\/\/roboromania.ro\/index.php?rest_route=%2Fwp%2Fv2%2Fproduct_brand&post=2616"},{"taxonomy":"product_cat","embeddable":true,"href":"https:\/\/roboromania.ro\/index.php?rest_route=%2Fwp%2Fv2%2Fproduct_cat&post=2616"},{"taxonomy":"product_tag","embeddable":true,"href":"https:\/\/roboromania.ro\/index.php?rest_route=%2Fwp%2Fv2%2Fproduct_tag&post=2616"}],"curies":[{"name":"wp","href":"https:\/\/api.w.org\/{rel}","templated":true}]}}