{"id":259,"date":"2015-08-19T10:07:45","date_gmt":"2015-08-19T10:07:45","guid":{"rendered":"http:\/\/arduinoshop.ro\/?post_type=product&#038;p=259"},"modified":"2019-02-13T17:28:57","modified_gmt":"2019-02-13T14:28:57","slug":"ne555-oscilator","status":"publish","type":"product","link":"https:\/\/roboromania.ro\/?product=ne555-oscilator","title":{"rendered":"NE555 oscilator sau generator de impulsuri &#8211; Compatibil Arduino"},"content":{"rendered":"<p>Compatibil Arduino<br \/>\nCircuitul integrat NE555 este folosit pe scar\u0103 larg\u0103 datorit\u0103 pre\u021bului sc\u0103zut \u0219i stabilit\u0103\u021bii \u00een func\u021bionare.<br \/>\nUtilizat \u00een special \u00een circuite tip timer, generator de impulsuri, oscilator, etc.<\/p>\n<p><a href=\"http:\/\/roboromania.ro\/wp-content\/uploads\/2015\/08\/ne555-roboromania.jpg\"><img loading=\"lazy\" decoding=\"async\" class=\"alignnone size-full wp-image-997\" src=\"http:\/\/roboromania.ro\/wp-content\/uploads\/2015\/08\/ne555-roboromania.jpg\" alt=\"ne555-roboromania\" width=\"150\" height=\"150\" \/><\/a><br \/>\n<a href=\"http:\/\/roboromania.ro\/datasheet\/oscilator-NE555-roboromania.pdf\" target=\"_blank\">datasheet<\/a><\/p>\n<p>sau <a href=\"https:\/\/www.electronics-tutorials.ws\/waveforms\/555_oscillator.html\" target=\"_blank\">Alte Detalii<\/a><\/p>\n<p>sau <a href=\"http:\/\/www.learnabout-electronics.org\/Oscillators\/osc44.php\" target=\"_blank\">Alte Detalii<\/a><\/p>\n<p>Arduino projects.<\/p>\n","protected":false},"excerpt":{"rendered":"<p>NE555 oscilator Compatibil Arduino.<\/p>\n<p>Arduino projects.<\/p>\n","protected":false},"featured_media":997,"comment_status":"open","ping_status":"closed","template":"","meta":[],"product_brand":[],"product_cat":[253,69],"product_tag":[117,101,112,110,108],"class_list":{"0":"post-259","1":"product","2":"type-product","3":"status-publish","4":"has-post-thumbnail","6":"product_cat-integrated-circuit","7":"product_cat-componente","8":"product_tag-117","9":"product_tag-circuit","10":"product_tag-frecventa","11":"product_tag-oscilator","12":"product_tag-rezonator","14":"first","15":"instock","16":"shipping-taxable","17":"purchasable","18":"product-type-simple"},"_links":{"self":[{"href":"https:\/\/roboromania.ro\/index.php?rest_route=\/wp\/v2\/product\/259","targetHints":{"allow":["GET"]}}],"collection":[{"href":"https:\/\/roboromania.ro\/index.php?rest_route=\/wp\/v2\/product"}],"about":[{"href":"https:\/\/roboromania.ro\/index.php?rest_route=\/wp\/v2\/types\/product"}],"replies":[{"embeddable":true,"href":"https:\/\/roboromania.ro\/index.php?rest_route=%2Fwp%2Fv2%2Fcomments&post=259"}],"wp:featuredmedia":[{"embeddable":true,"href":"https:\/\/roboromania.ro\/index.php?rest_route=\/wp\/v2\/media\/997"}],"wp:attachment":[{"href":"https:\/\/roboromania.ro\/index.php?rest_route=%2Fwp%2Fv2%2Fmedia&parent=259"}],"wp:term":[{"taxonomy":"product_brand","embeddable":true,"href":"https:\/\/roboromania.ro\/index.php?rest_route=%2Fwp%2Fv2%2Fproduct_brand&post=259"},{"taxonomy":"product_cat","embeddable":true,"href":"https:\/\/roboromania.ro\/index.php?rest_route=%2Fwp%2Fv2%2Fproduct_cat&post=259"},{"taxonomy":"product_tag","embeddable":true,"href":"https:\/\/roboromania.ro\/index.php?rest_route=%2Fwp%2Fv2%2Fproduct_tag&post=259"}],"curies":[{"name":"wp","href":"https:\/\/api.w.org\/{rel}","templated":true}]}}