{"id":2533,"date":"2017-01-14T17:59:53","date_gmt":"2017-01-14T14:59:53","guid":{"rendered":"http:\/\/roboromania.ro\/produs\/ciocan-de-lipit-220v-60w-letcon\/"},"modified":"2025-03-04T11:21:24","modified_gmt":"2025-03-04T08:21:24","slug":"ciocan-de-lipit-220v-60w-letcon","status":"publish","type":"product","link":"https:\/\/roboromania.ro\/?product=ciocan-de-lipit-220v-60w-letcon","title":{"rendered":"Ciocan de lipit 220v 60w (466) (letcon)"},"content":{"rendered":"<p>Ciocan de lipit 220v 60w (letcon)<\/p>\n<p>Tip : hobby &#8211; nu se poate folosi la produc\u021bie industrial\u0103<\/p>\n<p><a href=\"http:\/\/roboromania.ro\/wp-content\/uploads\/2017\/01\/letcon-eu-plug-220v-60w-adjustable-temperature-roboromania.jpg\"><img loading=\"lazy\" decoding=\"async\" class=\"alignnone size-medium wp-image-2534\" src=\"http:\/\/roboromania.ro\/wp-content\/uploads\/2017\/01\/letcon-eu-plug-220v-60w-adjustable-temperature-roboromania-288x300.jpg\" alt=\"letcon-eu-plug-220v-60w-adjustable-temperature-roboromania\" width=\"288\" height=\"300\" srcset=\"https:\/\/roboromania.ro\/wp-content\/uploads\/2017\/01\/letcon-eu-plug-220v-60w-adjustable-temperature-roboromania-288x300.jpg 288w, https:\/\/roboromania.ro\/wp-content\/uploads\/2017\/01\/letcon-eu-plug-220v-60w-adjustable-temperature-roboromania-982x1024.jpg 982w, https:\/\/roboromania.ro\/wp-content\/uploads\/2017\/01\/letcon-eu-plug-220v-60w-adjustable-temperature-roboromania.jpg 1000w\" sizes=\"auto, (max-width: 288px) 100vw, 288px\" \/><\/a><a href=\"https:\/\/roboromania.ro\/wp-content\/uploads\/2020\/12\/suport-2-letcon.jpg\"><img loading=\"lazy\" decoding=\"async\" class=\"alignnone size-full wp-image-8168\" src=\"https:\/\/roboromania.ro\/wp-content\/uploads\/2020\/12\/suport-2-letcon.jpg\" alt=\"\" width=\"152\" height=\"110\" srcset=\"https:\/\/roboromania.ro\/wp-content\/uploads\/2020\/12\/suport-2-letcon.jpg 152w, https:\/\/roboromania.ro\/wp-content\/uploads\/2020\/12\/suport-2-letcon-150x110.jpg 150w\" sizes=\"auto, (max-width: 152px) 100vw, 152px\" \/><\/a><\/p>\n<p>Studen\u021bii \u0219i iubitorii de electronica trebuie sa aib\u0103 cel pu\u021bin un letcon.<\/p>\n<p>construit din o\u021bel cromat cu \u00eenc\u0103lzitor ceramic durabil de \u00eenalt\u0103 calitate<br \/>\nGreutate redus\u0103 \u0219i m\u00e2ner tip &#8222;pencil&#8221;<br \/>\ntemperatura controlata reglabila 200-450 \u00b0 C<br \/>\nIdeal pentru hobby-uri, montaje \u0219i kituri electronice<br \/>\nVoltaj: 220V<br \/>\nPutere: 60W<br \/>\nLungimea cablului: 1,5m<\/p>\n","protected":false},"excerpt":{"rendered":"<p>Ciocan de lipit 220v 60w (letcon) Tip : hobby &#8211; nu se poate folosi la produc\u021bie industrial\u0103 Studen\u021bii \u0219i iubitorii de electronica trebuie sa aib\u0103 cel pu\u021bin un letcon. construit din o\u021bel cromat cu \u00eenc\u0103lzitor ceramic durabil de \u00eenalt\u0103 calitate Greutate redus\u0103 \u0219i m\u00e2ner tip &#8222;pencil&#8221; temperatura controlata reglabila 200-450 \u00b0 C Ideal pentru hobby-uri, [&hellip;]<\/p>\n","protected":false},"featured_media":2535,"comment_status":"open","ping_status":"closed","template":"","meta":[],"product_brand":[],"product_cat":[289],"product_tag":[291,290,292],"class_list":{"0":"post-2533","1":"product","2":"type-product","3":"status-publish","4":"has-post-thumbnail","6":"product_cat-unelte-si-scule","7":"product_tag-ciocan","8":"product_tag-letcon","9":"product_tag-lipit","11":"first","12":"instock","13":"sold-individually","14":"shipping-taxable","15":"purchasable","16":"product-type-simple"},"_links":{"self":[{"href":"https:\/\/roboromania.ro\/index.php?rest_route=\/wp\/v2\/product\/2533","targetHints":{"allow":["GET"]}}],"collection":[{"href":"https:\/\/roboromania.ro\/index.php?rest_route=\/wp\/v2\/product"}],"about":[{"href":"https:\/\/roboromania.ro\/index.php?rest_route=\/wp\/v2\/types\/product"}],"replies":[{"embeddable":true,"href":"https:\/\/roboromania.ro\/index.php?rest_route=%2Fwp%2Fv2%2Fcomments&post=2533"}],"wp:featuredmedia":[{"embeddable":true,"href":"https:\/\/roboromania.ro\/index.php?rest_route=\/wp\/v2\/media\/2535"}],"wp:attachment":[{"href":"https:\/\/roboromania.ro\/index.php?rest_route=%2Fwp%2Fv2%2Fmedia&parent=2533"}],"wp:term":[{"taxonomy":"product_brand","embeddable":true,"href":"https:\/\/roboromania.ro\/index.php?rest_route=%2Fwp%2Fv2%2Fproduct_brand&post=2533"},{"taxonomy":"product_cat","embeddable":true,"href":"https:\/\/roboromania.ro\/index.php?rest_route=%2Fwp%2Fv2%2Fproduct_cat&post=2533"},{"taxonomy":"product_tag","embeddable":true,"href":"https:\/\/roboromania.ro\/index.php?rest_route=%2Fwp%2Fv2%2Fproduct_tag&post=2533"}],"curies":[{"name":"wp","href":"https:\/\/api.w.org\/{rel}","templated":true}]}}