{"id":2396,"date":"2016-12-23T14:08:25","date_gmt":"2016-12-23T11:08:25","guid":{"rendered":"http:\/\/roboromania.ro\/produs\/servo-motor-mg996r-micro-compatibil-arduino\/"},"modified":"2025-10-23T13:03:38","modified_gmt":"2025-10-23T10:03:38","slug":"servo-motor-mg996r-micro-compatibil-arduino","status":"publish","type":"product","link":"https:\/\/roboromania.ro\/?product=servo-motor-mg996r-micro-compatibil-arduino","title":{"rendered":"Servo Motor MG995 Micro 360 \u00b0 Compatibil Arduino"},"content":{"rendered":"<p>Servo Motor MG995 Micro Compatibil Arduino<br \/>\n<a href=\"https:\/\/roboromania.ro\/wp-content\/uploads\/2018\/06\/MG995-servo-roboromania.jpg\"><img loading=\"lazy\" decoding=\"async\" class=\"alignnone size-medium wp-image-4952\" src=\"https:\/\/roboromania.ro\/wp-content\/uploads\/2018\/06\/MG995-servo-roboromania-300x235.jpg\" alt=\"\" width=\"300\" height=\"235\" srcset=\"https:\/\/roboromania.ro\/wp-content\/uploads\/2018\/06\/MG995-servo-roboromania-300x235.jpg 300w, https:\/\/roboromania.ro\/wp-content\/uploads\/2018\/06\/MG995-servo-roboromania.jpg 600w\" sizes=\"auto, (max-width: 300px) 100vw, 300px\" \/><\/a><a href=\"https:\/\/roboromania.ro\/wp-content\/uploads\/2018\/06\/MG995-servo-roboromania-dim.jpg\"><img loading=\"lazy\" decoding=\"async\" class=\"alignnone size-medium wp-image-4954\" src=\"https:\/\/roboromania.ro\/wp-content\/uploads\/2018\/06\/MG995-servo-roboromania-dim-237x300.jpg\" alt=\"\" width=\"237\" height=\"300\" srcset=\"https:\/\/roboromania.ro\/wp-content\/uploads\/2018\/06\/MG995-servo-roboromania-dim-237x300.jpg 237w, https:\/\/roboromania.ro\/wp-content\/uploads\/2018\/06\/MG995-servo-roboromania-dim.jpg 374w\" sizes=\"auto, (max-width: 237px) 100vw, 237px\" \/><\/a><br \/>\nEste un servo motor mic pentru o sarcina mare. Folosit pentru machete, robo\u021bi mici, etc.<br \/>\nPentru controlul acestor servomecanisme se utilizeaz\u0103 un semnal PWM standard.<br \/>\nArduino face o treaba excelenta \u00een a controla PWM un servomotor, f\u0103c\u00e2ndu-l ideal pentru o varietate mare de proiecte robotice.<\/p>\n<p><strong>Descrierea firelor:<\/strong><\/p>\n<ul>\n<li>Rosu=Pozitiv<\/li>\n<li>Maro=Negativ<\/li>\n<li>Portocaliu=Semnal<\/li>\n<\/ul>\n<p>Specificatii :<br \/>\nTensiune de operare 4,8 la 6V (recomandat 5V)<br \/>\nViteza 0,19sec\/60degree (4,8v); 0,15sec\/60degree (6,0v)<br \/>\nCuplu 9,4kg\/cm (4,8v); 11kg\/cm (6,0v)<br \/>\nUnghi de operare 360 \u00b0<br \/>\nProtocol de control PWM<br \/>\nLungime cablu 250 mm<\/p>\n<p>Greutate 55g<\/p>\n<p><a href=\"http:\/\/roboromania.ro\/wp-content\/uploads\/2016\/12\/MG996R-servo-roboromania-metal.jpg\"><img loading=\"lazy\" decoding=\"async\" class=\"alignnone size-medium wp-image-2403\" src=\"http:\/\/roboromania.ro\/wp-content\/uploads\/2016\/12\/MG996R-servo-roboromania-metal-300x231.jpg\" alt=\"MG996R-servo-roboromania-metal\" width=\"300\" height=\"231\" srcset=\"https:\/\/roboromania.ro\/wp-content\/uploads\/2016\/12\/MG996R-servo-roboromania-metal-300x231.jpg 300w, https:\/\/roboromania.ro\/wp-content\/uploads\/2016\/12\/MG996R-servo-roboromania-metal.jpg 550w\" sizes=\"auto, (max-width: 300px) 100vw, 300px\" \/><\/a><br \/>\nArduino projects.<\/p>\n","protected":false},"excerpt":{"rendered":"<p>Servo Motor<br \/>\nArduino projects.<\/p>\n","protected":false},"featured_media":2399,"comment_status":"open","ping_status":"closed","template":"","meta":[],"product_brand":[],"product_cat":[210],"product_tag":[231,7,232,18,230],"class_list":{"0":"post-2396","1":"product","2":"type-product","3":"status-publish","4":"has-post-thumbnail","6":"product_cat-motoare","7":"product_tag-9g","8":"product_tag-arduino","9":"product_tag-micro","10":"product_tag-motor","11":"product_tag-servo","13":"first","14":"instock","15":"shipping-taxable","16":"purchasable","17":"product-type-simple"},"_links":{"self":[{"href":"https:\/\/roboromania.ro\/index.php?rest_route=\/wp\/v2\/product\/2396","targetHints":{"allow":["GET"]}}],"collection":[{"href":"https:\/\/roboromania.ro\/index.php?rest_route=\/wp\/v2\/product"}],"about":[{"href":"https:\/\/roboromania.ro\/index.php?rest_route=\/wp\/v2\/types\/product"}],"replies":[{"embeddable":true,"href":"https:\/\/roboromania.ro\/index.php?rest_route=%2Fwp%2Fv2%2Fcomments&post=2396"}],"wp:featuredmedia":[{"embeddable":true,"href":"https:\/\/roboromania.ro\/index.php?rest_route=\/wp\/v2\/media\/2399"}],"wp:attachment":[{"href":"https:\/\/roboromania.ro\/index.php?rest_route=%2Fwp%2Fv2%2Fmedia&parent=2396"}],"wp:term":[{"taxonomy":"product_brand","embeddable":true,"href":"https:\/\/roboromania.ro\/index.php?rest_route=%2Fwp%2Fv2%2Fproduct_brand&post=2396"},{"taxonomy":"product_cat","embeddable":true,"href":"https:\/\/roboromania.ro\/index.php?rest_route=%2Fwp%2Fv2%2Fproduct_cat&post=2396"},{"taxonomy":"product_tag","embeddable":true,"href":"https:\/\/roboromania.ro\/index.php?rest_route=%2Fwp%2Fv2%2Fproduct_tag&post=2396"}],"curies":[{"name":"wp","href":"https:\/\/api.w.org\/{rel}","templated":true}]}}