{"id":205,"date":"2015-08-18T12:38:04","date_gmt":"2015-08-18T12:38:04","guid":{"rendered":"http:\/\/arduinoshop.ro\/?post_type=product&#038;p=205"},"modified":"2023-02-07T12:36:27","modified_gmt":"2023-02-07T09:36:27","slug":"senzor-temperatura-si-umiditate-dht11","status":"publish","type":"product","link":"https:\/\/roboromania.ro\/?product=senzor-temperatura-si-umiditate-dht11","title":{"rendered":"Senzor temperatur\u0103 \u015fi umiditate DHT11"},"content":{"rendered":"<p>Compatibil Arduino<\/p>\n<p>DHT11 este un senzor de temperatur\u0103 \u015fi de umiditate u\u0219or de folosit av\u00e2nd o buna fiabilitate \u0219i stabilitate.<br \/>\nTemperatura este m\u0103surat\u0103 cu un NTC ,iar umiditatea relativ\u0103 este m\u0103surat\u0103 folosind un senzor capacitiv .<br \/>\nSemnalul de ie\u0219ire este digital.<\/p>\n<p><a href=\"http:\/\/roboromania.ro\/wp-content\/uploads\/2015\/08\/DHT11-roboromania.jpg\"><img loading=\"lazy\" decoding=\"async\" class=\"alignnone size-medium wp-image-891\" src=\"http:\/\/roboromania.ro\/wp-content\/uploads\/2015\/08\/DHT11-roboromania-300x266.jpg\" alt=\"DHT11-roboromania\" width=\"300\" height=\"266\" srcset=\"https:\/\/roboromania.ro\/wp-content\/uploads\/2015\/08\/DHT11-roboromania-300x266.jpg 300w, https:\/\/roboromania.ro\/wp-content\/uploads\/2015\/08\/DHT11-roboromania.jpg 469w\" sizes=\"auto, (max-width: 300px) 100vw, 300px\" \/><\/a><br \/>\n<a href=\"http:\/\/roboromania.ro\/datasheet\/Senzor-temperatura-umiditate-DHT11-roboromania.pdf\" target=\"_blank\">datasheet<\/a><br \/>\nArduino projects.<\/p>\n","protected":false},"excerpt":{"rendered":"<p>Senzor temperatur\u0103 \u015fi umiditate DHT11 compatibil Arduino<br \/>\nArduino projects.<\/p>\n","protected":false},"featured_media":888,"comment_status":"open","ping_status":"closed","template":"","meta":[],"product_brand":[],"product_cat":[9,15],"product_tag":[7,73,41,40,45,72],"class_list":{"0":"post-205","1":"product","2":"type-product","3":"status-publish","4":"has-post-thumbnail","6":"product_cat-senzori","7":"product_cat-module","8":"product_tag-arduino","9":"product_tag-dht11","10":"product_tag-sensor","11":"product_tag-senzor","12":"product_tag-temperatura","13":"product_tag-umiditate","15":"first","16":"instock","17":"shipping-taxable","18":"purchasable","19":"product-type-simple"},"_links":{"self":[{"href":"https:\/\/roboromania.ro\/index.php?rest_route=\/wp\/v2\/product\/205","targetHints":{"allow":["GET"]}}],"collection":[{"href":"https:\/\/roboromania.ro\/index.php?rest_route=\/wp\/v2\/product"}],"about":[{"href":"https:\/\/roboromania.ro\/index.php?rest_route=\/wp\/v2\/types\/product"}],"replies":[{"embeddable":true,"href":"https:\/\/roboromania.ro\/index.php?rest_route=%2Fwp%2Fv2%2Fcomments&post=205"}],"wp:featuredmedia":[{"embeddable":true,"href":"https:\/\/roboromania.ro\/index.php?rest_route=\/wp\/v2\/media\/888"}],"wp:attachment":[{"href":"https:\/\/roboromania.ro\/index.php?rest_route=%2Fwp%2Fv2%2Fmedia&parent=205"}],"wp:term":[{"taxonomy":"product_brand","embeddable":true,"href":"https:\/\/roboromania.ro\/index.php?rest_route=%2Fwp%2Fv2%2Fproduct_brand&post=205"},{"taxonomy":"product_cat","embeddable":true,"href":"https:\/\/roboromania.ro\/index.php?rest_route=%2Fwp%2Fv2%2Fproduct_cat&post=205"},{"taxonomy":"product_tag","embeddable":true,"href":"https:\/\/roboromania.ro\/index.php?rest_route=%2Fwp%2Fv2%2Fproduct_tag&post=205"}],"curies":[{"name":"wp","href":"https:\/\/api.w.org\/{rel}","templated":true}]}}