{"id":1805,"date":"2016-07-23T09:51:37","date_gmt":"2016-07-23T06:51:37","guid":{"rendered":"http:\/\/roboromania.ro\/produs\/microfon-capacitiv\/"},"modified":"2018-03-15T10:43:15","modified_gmt":"2018-03-15T07:43:15","slug":"microfon-capacitiv","status":"publish","type":"product","link":"https:\/\/roboromania.ro\/?product=microfon-capacitiv","title":{"rendered":"Microfon capacitiv (419)"},"content":{"rendered":"<p>Microfon capacitiv<br \/>\n<a href=\"http:\/\/roboromania.ro\/wp-content\/uploads\/2016\/07\/Microfon-LOUDITY-roboromania.jpg\"><img loading=\"lazy\" decoding=\"async\" class=\"alignnone size-medium wp-image-1806\" src=\"http:\/\/roboromania.ro\/wp-content\/uploads\/2016\/07\/Microfon-LOUDITY-roboromania-300x297.jpg\" alt=\"Microfon-LOUDITY-roboromania\" width=\"300\" height=\"297\" srcset=\"https:\/\/roboromania.ro\/wp-content\/uploads\/2016\/07\/Microfon-LOUDITY-roboromania-300x297.jpg 300w, https:\/\/roboromania.ro\/wp-content\/uploads\/2016\/07\/Microfon-LOUDITY-roboromania-150x150.jpg 150w, https:\/\/roboromania.ro\/wp-content\/uploads\/2016\/07\/Microfon-LOUDITY-roboromania.jpg 350w\" sizes=\"auto, (max-width: 300px) 100vw, 300px\" \/><\/a><a href=\"http:\/\/roboromania.ro\/wp-content\/uploads\/2016\/07\/Microfon-LOUDITY-pini-roboromania.jpg\"><img loading=\"lazy\" decoding=\"async\" class=\"alignnone size-medium wp-image-1807\" src=\"http:\/\/roboromania.ro\/wp-content\/uploads\/2016\/07\/Microfon-LOUDITY-pini-roboromania-300x230.jpg\" alt=\"Microfon-LOUDITY-pini-roboromania\" width=\"300\" height=\"230\" srcset=\"https:\/\/roboromania.ro\/wp-content\/uploads\/2016\/07\/Microfon-LOUDITY-pini-roboromania-300x230.jpg 300w, https:\/\/roboromania.ro\/wp-content\/uploads\/2016\/07\/Microfon-LOUDITY-pini-roboromania-1024x786.jpg 1024w, https:\/\/roboromania.ro\/wp-content\/uploads\/2016\/07\/Microfon-LOUDITY-pini-roboromania.jpg 1088w\" sizes=\"auto, (max-width: 300px) 100vw, 300px\" \/><\/a><\/p>\n<p>&nbsp;<\/p>\n<p>Produc\u0103tor : LOUDITY<\/p>\n<p>Tip traductor sunet<\/p>\n<p>Dimensiuni exterioare : \u00d8 9,7 x 5,2 mm<\/p>\n<p>Impedan\u0163\u0103 : 2.2k\u03a9<\/p>\n<p>Curent de lucru : 0.8mA<\/p>\n<p>Tensiune de lucru : 1.5&#8230;10V<\/p>\n<p>Band\u0103 audio : 50&#8230;16000Hz<\/p>\n<p>Rat\u0103 semnal\/zgomot : 60dB<\/p>\n<p>Sensivitate : -52dB<\/p>\n<p>Toleran\u0163\u0103 sensitivitate : \u00b13dB<\/p>\n<p>Raster terminale : 2,5 mm<\/p>\n<p>Caracteristic\u0103 omnidirec\u0163ional\u0103<\/p>\n<p>Masa : 0,72 g<\/p>\n<p>Arduino projects.<\/p>\n","protected":false},"excerpt":{"rendered":"<p>Modulul senzor de detectare a sunetului compatibil Arduino<br \/>\nTip Arduino projects.<\/p>\n","protected":false},"featured_media":1808,"comment_status":"open","ping_status":"closed","template":"","meta":[],"product_brand":[],"product_cat":[9,273,69],"product_tag":[7,77],"class_list":{"0":"post-1805","1":"product","2":"type-product","3":"status-publish","4":"has-post-thumbnail","6":"product_cat-senzori","7":"product_cat-audio","8":"product_cat-componente","9":"product_tag-arduino","10":"product_tag-modul","12":"first","13":"instock","14":"shipping-taxable","15":"purchasable","16":"product-type-simple"},"_links":{"self":[{"href":"https:\/\/roboromania.ro\/index.php?rest_route=\/wp\/v2\/product\/1805","targetHints":{"allow":["GET"]}}],"collection":[{"href":"https:\/\/roboromania.ro\/index.php?rest_route=\/wp\/v2\/product"}],"about":[{"href":"https:\/\/roboromania.ro\/index.php?rest_route=\/wp\/v2\/types\/product"}],"replies":[{"embeddable":true,"href":"https:\/\/roboromania.ro\/index.php?rest_route=%2Fwp%2Fv2%2Fcomments&post=1805"}],"wp:featuredmedia":[{"embeddable":true,"href":"https:\/\/roboromania.ro\/index.php?rest_route=\/wp\/v2\/media\/1808"}],"wp:attachment":[{"href":"https:\/\/roboromania.ro\/index.php?rest_route=%2Fwp%2Fv2%2Fmedia&parent=1805"}],"wp:term":[{"taxonomy":"product_brand","embeddable":true,"href":"https:\/\/roboromania.ro\/index.php?rest_route=%2Fwp%2Fv2%2Fproduct_brand&post=1805"},{"taxonomy":"product_cat","embeddable":true,"href":"https:\/\/roboromania.ro\/index.php?rest_route=%2Fwp%2Fv2%2Fproduct_cat&post=1805"},{"taxonomy":"product_tag","embeddable":true,"href":"https:\/\/roboromania.ro\/index.php?rest_route=%2Fwp%2Fv2%2Fproduct_tag&post=1805"}],"curies":[{"name":"wp","href":"https:\/\/api.w.org\/{rel}","templated":true}]}}