{"id":1693,"date":"2016-06-15T15:13:31","date_gmt":"2016-06-15T12:13:31","guid":{"rendered":"http:\/\/roboromania.ro\/produs\/roata-pivotanta-robot\/"},"modified":"2023-05-12T16:24:10","modified_gmt":"2023-05-12T13:24:10","slug":"roata-pivotanta-robot","status":"publish","type":"product","link":"https:\/\/roboromania.ro\/?product=roata-pivotanta-robot","title":{"rendered":"Roata pivotanta robot (369)"},"content":{"rendered":"<p>Compatibil Arduino<br \/>\nRoata pivotanta pentru robotul 2WD.<br \/>\n<a href=\"http:\/\/roboromania.ro\/wp-content\/uploads\/2016\/06\/Roata-pivotanta-robot-roboromania.jpg\"><img loading=\"lazy\" decoding=\"async\" class=\"alignnone size-full wp-image-1694\" src=\"http:\/\/roboromania.ro\/wp-content\/uploads\/2016\/06\/Roata-pivotanta-robot-roboromania.jpg\" alt=\"Roata-pivotanta-robot-roboromania\" width=\"150\" height=\"150\" \/><\/a><br \/>\nSe preteaz\u0103 foarte bine la proiectele celor care sunt la \u00eenceputul studiului.<br \/>\nRoata pentru juc\u0103rii cu Arduino.<br \/>\nArduino projects.<\/p>\n","protected":false},"excerpt":{"rendered":"<p>Compatibil Arduino Roata pivotanta pentru robotul 2WD. Se preteaz\u0103 foarte bine la proiectele celor care sunt la \u00eenceputul studiului. Roata pentru juc\u0103rii cu Arduino. Arduino projects.<\/p>\n","protected":false},"featured_media":1694,"comment_status":"open","ping_status":"closed","template":"","meta":[],"product_brand":[],"product_cat":[210],"product_tag":[7,18,132],"class_list":{"0":"post-1693","1":"product","2":"type-product","3":"status-publish","4":"has-post-thumbnail","6":"product_cat-motoare","7":"product_tag-arduino","8":"product_tag-motor","9":"product_tag-roata","11":"first","12":"instock","13":"sale","14":"shipping-taxable","15":"purchasable","16":"product-type-simple"},"_links":{"self":[{"href":"https:\/\/roboromania.ro\/index.php?rest_route=\/wp\/v2\/product\/1693","targetHints":{"allow":["GET"]}}],"collection":[{"href":"https:\/\/roboromania.ro\/index.php?rest_route=\/wp\/v2\/product"}],"about":[{"href":"https:\/\/roboromania.ro\/index.php?rest_route=\/wp\/v2\/types\/product"}],"replies":[{"embeddable":true,"href":"https:\/\/roboromania.ro\/index.php?rest_route=%2Fwp%2Fv2%2Fcomments&post=1693"}],"wp:featuredmedia":[{"embeddable":true,"href":"https:\/\/roboromania.ro\/index.php?rest_route=\/wp\/v2\/media\/1694"}],"wp:attachment":[{"href":"https:\/\/roboromania.ro\/index.php?rest_route=%2Fwp%2Fv2%2Fmedia&parent=1693"}],"wp:term":[{"taxonomy":"product_brand","embeddable":true,"href":"https:\/\/roboromania.ro\/index.php?rest_route=%2Fwp%2Fv2%2Fproduct_brand&post=1693"},{"taxonomy":"product_cat","embeddable":true,"href":"https:\/\/roboromania.ro\/index.php?rest_route=%2Fwp%2Fv2%2Fproduct_cat&post=1693"},{"taxonomy":"product_tag","embeddable":true,"href":"https:\/\/roboromania.ro\/index.php?rest_route=%2Fwp%2Fv2%2Fproduct_tag&post=1693"}],"curies":[{"name":"wp","href":"https:\/\/api.w.org\/{rel}","templated":true}]}}