{"id":1391,"date":"2016-03-30T14:07:54","date_gmt":"2016-03-30T11:07:54","guid":{"rendered":"http:\/\/roboromania.ro\/produs\/led-rgb-rosu-verde-albastru-de-5mm\/"},"modified":"2024-01-15T10:21:59","modified_gmt":"2024-01-15T07:21:59","slug":"led-rgb-rosu-verde-albastru-de-5mm","status":"publish","type":"product","link":"https:\/\/roboromania.ro\/?product=led-rgb-rosu-verde-albastru-de-5mm","title":{"rendered":"LED RGB (rosu-verde-albastru) de 5mm"},"content":{"rendered":"<p>LED RGB (rosu-verde-albastru) de 5mm<br \/>\n<a href=\"http:\/\/roboromania.ro\/wp-content\/uploads\/2016\/03\/rgb-led.jpg\"><img loading=\"lazy\" decoding=\"async\" src=\"http:\/\/roboromania.ro\/wp-content\/uploads\/2016\/03\/rgb-led-300x278.jpg\" alt=\"rgb-led\" width=\"300\" height=\"278\" class=\"alignnone size-medium wp-image-1392\" srcset=\"https:\/\/roboromania.ro\/wp-content\/uploads\/2016\/03\/rgb-led-300x278.jpg 300w, https:\/\/roboromania.ro\/wp-content\/uploads\/2016\/03\/rgb-led.jpg 700w\" sizes=\"auto, (max-width: 300px) 100vw, 300px\" \/><\/a><br \/>\n<a href=\"http:\/\/roboromania.ro\/wp-content\/uploads\/2016\/03\/LED-RGB-roboromania.jpg\"><img loading=\"lazy\" decoding=\"async\" src=\"http:\/\/roboromania.ro\/wp-content\/uploads\/2016\/03\/LED-RGB-roboromania-300x136.jpg\" alt=\"LED-RGB-roboromania\" width=\"300\" height=\"136\" class=\"alignnone size-medium wp-image-1393\" srcset=\"https:\/\/roboromania.ro\/wp-content\/uploads\/2016\/03\/LED-RGB-roboromania-300x136.jpg 300w, https:\/\/roboromania.ro\/wp-content\/uploads\/2016\/03\/LED-RGB-roboromania.jpg 700w\" sizes=\"auto, (max-width: 300px) 100vw, 300px\" \/><\/a><br \/>\nTensiune de alimentare : 2,4v<br \/>\nCurent : 20 mA<br \/>\nTensiune de alimentare maxim\u0103 : 2,6v<br \/>\nATEN\u0162IE : nu dep\u0103\u015fi\u0163i tensiunea maxim\u0103 de alimentare.<br \/>\nLedurile sunt indispensabile pentru proiectele Arduino.<\/p>\n","protected":false},"excerpt":{"rendered":"<p>LED RGB (rosu-verde-albastru) de 5mm pentru Arduino projects.<\/p>\n","protected":false},"featured_media":1394,"comment_status":"open","ping_status":"closed","template":"","meta":[],"product_brand":[],"product_cat":[250,69],"product_tag":[7,143,255],"class_list":{"0":"post-1391","1":"product","2":"type-product","3":"status-publish","4":"has-post-thumbnail","6":"product_cat-led","7":"product_cat-componente","8":"product_tag-arduino","9":"product_tag-led","10":"product_tag-rgb","12":"first","13":"instock","14":"shipping-taxable","15":"purchasable","16":"product-type-simple"},"_links":{"self":[{"href":"https:\/\/roboromania.ro\/index.php?rest_route=\/wp\/v2\/product\/1391","targetHints":{"allow":["GET"]}}],"collection":[{"href":"https:\/\/roboromania.ro\/index.php?rest_route=\/wp\/v2\/product"}],"about":[{"href":"https:\/\/roboromania.ro\/index.php?rest_route=\/wp\/v2\/types\/product"}],"replies":[{"embeddable":true,"href":"https:\/\/roboromania.ro\/index.php?rest_route=%2Fwp%2Fv2%2Fcomments&post=1391"}],"wp:featuredmedia":[{"embeddable":true,"href":"https:\/\/roboromania.ro\/index.php?rest_route=\/wp\/v2\/media\/1394"}],"wp:attachment":[{"href":"https:\/\/roboromania.ro\/index.php?rest_route=%2Fwp%2Fv2%2Fmedia&parent=1391"}],"wp:term":[{"taxonomy":"product_brand","embeddable":true,"href":"https:\/\/roboromania.ro\/index.php?rest_route=%2Fwp%2Fv2%2Fproduct_brand&post=1391"},{"taxonomy":"product_cat","embeddable":true,"href":"https:\/\/roboromania.ro\/index.php?rest_route=%2Fwp%2Fv2%2Fproduct_cat&post=1391"},{"taxonomy":"product_tag","embeddable":true,"href":"https:\/\/roboromania.ro\/index.php?rest_route=%2Fwp%2Fv2%2Fproduct_tag&post=1391"}],"curies":[{"name":"wp","href":"https:\/\/api.w.org\/{rel}","templated":true}]}}