{"id":1197,"date":"2016-02-15T19:29:57","date_gmt":"2016-02-15T16:29:57","guid":{"rendered":"http:\/\/roboromania.ro\/produs\/kit-sasiu-2wd-robot-car-chassis-kit-construieste-singur-un-robot\/"},"modified":"2025-11-24T16:32:50","modified_gmt":"2025-11-24T13:32:50","slug":"kit-sasiu-2wd-robot-car-chassis-kit-construieste-singur-un-robot","status":"publish","type":"product","link":"https:\/\/roboromania.ro\/?product=kit-sasiu-2wd-robot-car-chassis-kit-construieste-singur-un-robot","title":{"rendered":"Kit \u0219asiu 2WD Robot (Car Chassis Kit)"},"content":{"rendered":"<p>Robot Kit \u0219asiu 2WD Construie\u0219te singur un robot tip Arduino<br \/>\nKit-ul con\u0163ine tot ce ai nevoie ca s\u0103 po\u0163i construi un \u0219asiu de robot autonom tip Arduino.<\/p>\n<p><a href=\"http:\/\/roboromania.ro\/wp-content\/uploads\/2016\/02\/Kit-sasiu-2WD-Robot-roboromania-mare.jpg\"><img loading=\"lazy\" decoding=\"async\" class=\"alignnone size-medium wp-image-9311\" src=\"http:\/\/roboromania.ro\/wp-content\/uploads\/2016\/02\/Kit-sasiu-2WD-Robot-roboromania-mare-300x225.jpg\" alt=\"\" width=\"300\" height=\"225\" srcset=\"https:\/\/roboromania.ro\/wp-content\/uploads\/2016\/02\/Kit-sasiu-2WD-Robot-roboromania-mare-300x225.jpg 300w, https:\/\/roboromania.ro\/wp-content\/uploads\/2016\/02\/Kit-sasiu-2WD-Robot-roboromania-mare-768x576.jpg 768w, https:\/\/roboromania.ro\/wp-content\/uploads\/2016\/02\/Kit-sasiu-2WD-Robot-roboromania-mare-600x450.jpg 600w, https:\/\/roboromania.ro\/wp-content\/uploads\/2016\/02\/Kit-sasiu-2WD-Robot-roboromania-mare.jpg 1010w\" sizes=\"auto, (max-width: 300px) 100vw, 300px\" \/><\/a><\/p>\n<p><a href=\"http:\/\/roboromania.ro\/wp-content\/uploads\/2016\/02\/Kit-sasiu-2WD-Robot-roboromania-asamblat.jpg\"><img loading=\"lazy\" decoding=\"async\" class=\"alignnone size-medium wp-image-9312\" src=\"http:\/\/roboromania.ro\/wp-content\/uploads\/2016\/02\/Kit-sasiu-2WD-Robot-roboromania-asamblat-300x300.jpg\" alt=\"\" width=\"300\" height=\"300\" srcset=\"https:\/\/roboromania.ro\/wp-content\/uploads\/2016\/02\/Kit-sasiu-2WD-Robot-roboromania-asamblat-300x300.jpg 300w, https:\/\/roboromania.ro\/wp-content\/uploads\/2016\/02\/Kit-sasiu-2WD-Robot-roboromania-asamblat-150x150.jpg 150w, https:\/\/roboromania.ro\/wp-content\/uploads\/2016\/02\/Kit-sasiu-2WD-Robot-roboromania-asamblat-100x100.jpg 100w, https:\/\/roboromania.ro\/wp-content\/uploads\/2016\/02\/Kit-sasiu-2WD-Robot-roboromania-asamblat.jpg 500w\" sizes=\"auto, (max-width: 300px) 100vw, 300px\" \/><\/a><\/p>\n<p><a href=\"https:\/\/www.youtube.com\/watch?v=p8PouSmxOQY\" target=\"_blank\" rel=\"noopener\">You Tube : How to Assemble a 2WD Robot Smart Car Chassis<\/a><\/p>\n<p>Uite orientativ un cod simplu : http:\/\/roboromania.ro\/2017\/03\/26\/robot-2wd-roboromania-autonom-ocolire-obstacole\/<\/p>\n","protected":false},"excerpt":{"rendered":"<p>Construie\u0219te singur un robot<br \/>\nKit \u0219asiu 2WD<\/p>\n","protected":false},"featured_media":9313,"comment_status":"open","ping_status":"closed","template":"","meta":[],"product_brand":[],"product_cat":[177,210],"product_tag":[92,7,131,18,242,21],"class_list":{"0":"post-1197","1":"product","2":"type-product","3":"status-publish","4":"has-post-thumbnail","6":"product_cat-kituri-complete-pentru-proiecte","7":"product_cat-motoare","8":"product_tag-5v","9":"product_tag-arduino","10":"product_tag-driver","11":"product_tag-motor","12":"product_tag-sasiu","13":"product_tag-uno","15":"first","16":"instock","17":"sold-individually","18":"shipping-taxable","19":"purchasable","20":"product-type-simple"},"_links":{"self":[{"href":"https:\/\/roboromania.ro\/index.php?rest_route=\/wp\/v2\/product\/1197","targetHints":{"allow":["GET"]}}],"collection":[{"href":"https:\/\/roboromania.ro\/index.php?rest_route=\/wp\/v2\/product"}],"about":[{"href":"https:\/\/roboromania.ro\/index.php?rest_route=\/wp\/v2\/types\/product"}],"replies":[{"embeddable":true,"href":"https:\/\/roboromania.ro\/index.php?rest_route=%2Fwp%2Fv2%2Fcomments&post=1197"}],"wp:featuredmedia":[{"embeddable":true,"href":"https:\/\/roboromania.ro\/index.php?rest_route=\/wp\/v2\/media\/9313"}],"wp:attachment":[{"href":"https:\/\/roboromania.ro\/index.php?rest_route=%2Fwp%2Fv2%2Fmedia&parent=1197"}],"wp:term":[{"taxonomy":"product_brand","embeddable":true,"href":"https:\/\/roboromania.ro\/index.php?rest_route=%2Fwp%2Fv2%2Fproduct_brand&post=1197"},{"taxonomy":"product_cat","embeddable":true,"href":"https:\/\/roboromania.ro\/index.php?rest_route=%2Fwp%2Fv2%2Fproduct_cat&post=1197"},{"taxonomy":"product_tag","embeddable":true,"href":"https:\/\/roboromania.ro\/index.php?rest_route=%2Fwp%2Fv2%2Fproduct_tag&post=1197"}],"curies":[{"name":"wp","href":"https:\/\/api.w.org\/{rel}","templated":true}]}}