{"id":1193,"date":"2016-02-15T19:17:03","date_gmt":"2016-02-15T16:17:03","guid":{"rendered":"http:\/\/roboromania.ro\/produs\/dioda-redresoare-universala-1n4007-compatibil-arduino\/"},"modified":"2020-10-04T14:37:31","modified_gmt":"2020-10-04T11:37:31","slug":"dioda-redresoare-universala-1n4007-compatibil-arduino","status":"publish","type":"product","link":"https:\/\/roboromania.ro\/?product=dioda-redresoare-universala-1n4007-compatibil-arduino","title":{"rendered":"Dioda redresoare universal\u0103 1N4007 1A(600v)"},"content":{"rendered":"<p>Compatibil Arduino<br \/>\n1N4007 este o diod\u0103 redresoare universal\u0103 foarte des folosit\u0103 \u00een montajele Arduino, pentru circuitele tip sursa sau circuitele de redresare 1A.<\/p>\n<p><a href=\"http:\/\/roboromania.ro\/wp-content\/uploads\/2016\/02\/1N4007-roboromania.png\"><img loading=\"lazy\" decoding=\"async\" class=\"alignnone size-full wp-image-1194\" src=\"http:\/\/roboromania.ro\/wp-content\/uploads\/2016\/02\/1N4007-roboromania.png\" alt=\"1N4007-roboromania\" width=\"100\" height=\"66\" \/><\/a><br \/>\n<a href=\"http:\/\/roboromania.ro\/wp-content\/uploads\/2016\/02\/1N4xxx-roboromania-pini.png\"><img loading=\"lazy\" decoding=\"async\" class=\"alignnone size-full wp-image-1195\" src=\"http:\/\/roboromania.ro\/wp-content\/uploads\/2016\/02\/1N4xxx-roboromania-pini.png\" alt=\"1N4xxx-roboromania-pini\" width=\"120\" height=\"88\" \/><\/a><\/p>\n<p>Arduino projects.<\/p>\n","protected":false},"excerpt":{"rendered":"<p>Dioda 1N4007 Compatibil Arduino.<br \/>\nArduino projects.<\/p>\n","protected":false},"featured_media":1194,"comment_status":"open","ping_status":"closed","template":"","meta":[],"product_brand":[],"product_cat":[69],"product_tag":[164,166],"class_list":{"0":"post-1193","1":"product","2":"type-product","3":"status-publish","4":"has-post-thumbnail","6":"product_cat-componente","7":"product_tag-dioda","8":"product_tag-redresor","10":"first","11":"instock","12":"shipping-taxable","13":"purchasable","14":"product-type-simple"},"_links":{"self":[{"href":"https:\/\/roboromania.ro\/index.php?rest_route=\/wp\/v2\/product\/1193","targetHints":{"allow":["GET"]}}],"collection":[{"href":"https:\/\/roboromania.ro\/index.php?rest_route=\/wp\/v2\/product"}],"about":[{"href":"https:\/\/roboromania.ro\/index.php?rest_route=\/wp\/v2\/types\/product"}],"replies":[{"embeddable":true,"href":"https:\/\/roboromania.ro\/index.php?rest_route=%2Fwp%2Fv2%2Fcomments&post=1193"}],"wp:featuredmedia":[{"embeddable":true,"href":"https:\/\/roboromania.ro\/index.php?rest_route=\/wp\/v2\/media\/1194"}],"wp:attachment":[{"href":"https:\/\/roboromania.ro\/index.php?rest_route=%2Fwp%2Fv2%2Fmedia&parent=1193"}],"wp:term":[{"taxonomy":"product_brand","embeddable":true,"href":"https:\/\/roboromania.ro\/index.php?rest_route=%2Fwp%2Fv2%2Fproduct_brand&post=1193"},{"taxonomy":"product_cat","embeddable":true,"href":"https:\/\/roboromania.ro\/index.php?rest_route=%2Fwp%2Fv2%2Fproduct_cat&post=1193"},{"taxonomy":"product_tag","embeddable":true,"href":"https:\/\/roboromania.ro\/index.php?rest_route=%2Fwp%2Fv2%2Fproduct_tag&post=1193"}],"curies":[{"name":"wp","href":"https:\/\/api.w.org\/{rel}","templated":true}]}}